{"id":95,"date":"2017-09-11T14:29:30","date_gmt":"2017-09-11T12:29:30","guid":{"rendered":"http:\/\/www1.af-kulturstiftung.de\/wordpress\/?page_id=95"},"modified":"2020-09-10T10:16:32","modified_gmt":"2020-09-10T08:16:32","slug":"impressum","status":"publish","type":"page","link":"https:\/\/www.af-kulturstiftung.de\/wordpress\/impressum\/","title":{"rendered":"Impressum"},"content":{"rendered":"<section class=\"l-section wpb_row height_medium\"><div class=\"l-section-h i-cf\"><div class=\"g-cols vc_row via_flex valign_top type_default stacking_default\"><div class=\"vc_col-sm-12 wpb_column vc_column_container\"><div class=\"vc_column-inner\"><div class=\"wpb_wrapper\"><div class=\"wpb_text_column imprint\"><div class=\"wpb_wrapper\"><h4>Impressum<\/h4>\n<h4><span style=\"font-size: 12pt;\">Texte: Dr. Marvin Altner, Dr. Christina Thomson<br \/>\n<\/span><\/h4>\n<h4><span style=\"font-size: 14pt;\"><span style=\"font-size: 12pt;\">Die Rechte der Texte auf dieseer Website liegen bei den Urhebern.<br \/>\n<\/span><\/span><\/h4>\n<h4>Angaben gem\u00e4\u00df \u00a7 5 TMG<\/h4>\n<p>Andreas Felger Kulturstiftung (AFKS)<\/p>\n<p>Rechtsf\u00e4hige Stiftung des B\u00fcrgerlichen Rechts<\/p>\n<p>Gesetzlich vertreten durch:<\/p>\n<p>Friedemann Felger (Gesch\u00e4ftsf\u00fchrender Vorstand)<\/p>\n<p>Stiftungssitz: M\u00f6ssingen<\/p>\n<p>Stiftungsbeh\u00f6rde: Regierungspr\u00e4sidium T\u00fcbingen<\/p>\n<p>Mitglied im Bundesverband Deutscher Stiftungen<\/p>\n<h4>Gesch\u00e4ftsstelle:<\/h4>\n<p>Gei\u00dfh\u00e4userstra\u00dfe 15<\/p>\n<p>72116 M\u00f6ssingen<\/p>\n<p>m +49 (0)178 7228297<\/p>\n<p>E-Mail: info@af-kulturstiftung.de<\/p>\n<h4>Umsatzsteuer<\/h4>\n<p>Steuernummer gem\u00e4\u00df \u00a7 27a Umsatzsteuergesetz:<\/p>\n<p>86166\/04656<\/p>\n<h4>Streitschlichtung<\/h4>\n<p>Wir sind nicht bereit oder verpflichtet, an Streitbeilegungsverfahren vor einer Verbraucherschlichtungsstelle teilzunehmen.<\/p>\n<h5>Haftung f\u00fcr Inhalte<\/h5>\n<p>Als Diensteanbieter sind wir gem\u00e4\u00df \u00a7 7 Abs.1 TMG f\u00fcr eigene Inhalte auf diesen Seiten nach den allgemeinen Gesetzen verantwortlich. Nach \u00a7\u00a7 8 bis 10 TMG sind wir als Diensteanbieter jedoch nicht verpflichtet, \u00fcbermittelte oder gespeicherte fremde Informationen zu \u00fcberwachen oder nach Umst\u00e4nden zu forschen, die auf eine rechtswidrige T\u00e4tigkeit hinweisen.<\/p>\n<p>Verpflichtungen zur Entfernung oder Sperrung der Nutzung von Informationen nach den allgemeinen Gesetzen bleiben hiervon unber\u00fchrt. Eine diesbez\u00fcgliche Haftung ist jedoch erst ab dem Zeitpunkt der Kenntnis einer konkreten Rechtsverletzung m\u00f6glich. Bei Bekanntwerden von entsprechenden Rechtsverletzungen werden wir diese Inhalte umgehend entfernen.<\/p>\n<h5>Haftung f\u00fcr Links<\/h5>\n<p>Unser Angebot enth\u00e4lt Links zu externen Websites Dritter, auf deren Inhalte wir keinen Einfluss haben. Deshalb k\u00f6nnen wir f\u00fcr diese fremden Inhalte auch keine Gew\u00e4hr \u00fcbernehmen. F\u00fcr die Inhalte der verlinkten Seiten ist stets der jeweilige Anbieter oder Betreiber der Seiten verantwortlich. Die verlinkten Seiten wurden zum Zeitpunkt der Verlinkung auf m\u00f6gliche Rechtsverst\u00f6\u00dfe \u00fcberpr\u00fcft. Rechtswidrige Inhalte waren zum Zeitpunkt der Verlinkung nicht erkennbar.<\/p>\n<p>Eine permanente inhaltliche Kontrolle der verlinkten Seiten ist jedoch ohne konkrete Anhaltspunkte einer Rechtsverletzung nicht zumutbar. Bei Bekanntwerden von Rechtsverletzungen werden wir derartige Links umgehend entfernen.<\/p>\n<h5>Urheberrecht<\/h5>\n<p>Die durch die Seitenbetreiber erstellten Inhalte und Werke auf diesen Seiten unterliegen dem deutschen Urheberrecht. Die Vervielf\u00e4ltigung, Bearbeitung, Verbreitung und jede Art der Verwertung au\u00dferhalb der Grenzen des Urheberrechtes bed\u00fcrfen der schriftlichen Zustimmung des jeweiligen Autors bzw. Erstellers. Downloads und Kopien dieser Seite sind nur f\u00fcr den privaten, nicht kommerziellen Gebrauch gestattet.<\/p>\n<p>Soweit die Inhalte auf dieser Seite nicht vom Betreiber erstellt wurden, werden die Urheberrechte Dritter beachtet. Insbesondere werden Inhalte Dritter als solche gekennzeichnet. Sollten Sie trotzdem auf eine Urheberrechtsverletzung aufmerksam werden, bitten wir um einen entsprechenden Hinweis. Bei Bekanntwerden von Rechtsverletzungen werden wir derartige Inhalte umgehend entfernen.<\/p>\n<\/div><\/div><\/div><\/div><\/div><\/div><\/div><\/section>\n","protected":false},"excerpt":{"rendered":"Impressum Texte: Dr. Marvin Altner, Dr. Christina Thomson Die Rechte der Texte auf dieseer Website liegen bei den Urhebern. Angaben gem\u00e4\u00df \u00a7 5 TMG Andreas Felger Kulturstiftung (AFKS) Rechtsf\u00e4hige Stiftung des B\u00fcrgerlichen Rechts Gesetzlich vertreten durch: Friedemann Felger (Gesch\u00e4ftsf\u00fchrender Vorstand) Stiftungssitz: M\u00f6ssingen Stiftungsbeh\u00f6rde: Regierungspr\u00e4sidium T\u00fcbingen Mitglied im Bundesverband Deutscher Stiftungen Gesch\u00e4ftsstelle: Gei\u00dfh\u00e4userstra\u00dfe 15 72116 M\u00f6ssingen...","protected":false},"author":4,"featured_media":0,"parent":0,"menu_order":0,"comment_status":"closed","ping_status":"closed","template":"","meta":{"h5ap_radio_sources":[],"footnotes":""},"class_list":["post-95","page","type-page","status-publish","hentry"],"_links":{"self":[{"href":"https:\/\/www.af-kulturstiftung.de\/wordpress\/wp-json\/wp\/v2\/pages\/95","targetHints":{"allow":["GET"]}}],"collection":[{"href":"https:\/\/www.af-kulturstiftung.de\/wordpress\/wp-json\/wp\/v2\/pages"}],"about":[{"href":"https:\/\/www.af-kulturstiftung.de\/wordpress\/wp-json\/wp\/v2\/types\/page"}],"author":[{"embeddable":true,"href":"https:\/\/www.af-kulturstiftung.de\/wordpress\/wp-json\/wp\/v2\/users\/4"}],"replies":[{"embeddable":true,"href":"https:\/\/www.af-kulturstiftung.de\/wordpress\/wp-json\/wp\/v2\/comments?post=95"}],"version-history":[{"count":0,"href":"https:\/\/www.af-kulturstiftung.de\/wordpress\/wp-json\/wp\/v2\/pages\/95\/revisions"}],"wp:attachment":[{"href":"https:\/\/www.af-kulturstiftung.de\/wordpress\/wp-json\/wp\/v2\/media?parent=95"}],"curies":[{"name":"wp","href":"https:\/\/api.w.org\/{rel}","templated":true}]}}