{"id":8960,"date":"2021-03-16T18:28:25","date_gmt":"2021-03-16T17:28:25","guid":{"rendered":"https:\/\/www1.af-kulturstiftung.de\/?page_id=8960"},"modified":"2024-05-23T20:25:37","modified_gmt":"2024-05-23T18:25:37","slug":"das-werk","status":"publish","type":"page","link":"https:\/\/www.af-kulturstiftung.de\/wordpress\/das-werk\/","title":{"rendered":"Das Werk"},"content":{"rendered":"<section class=\"l-section wpb_row us_custom_d971738f height_medium\"><div class=\"l-section-h i-cf\"><div class=\"g-cols vc_row via_flex valign_top type_default stacking_default\"><div class=\"vc_col-sm-3 wpb_column vc_column_container\"><div class=\"vc_column-inner\"><div class=\"wpb_wrapper\"><div class=\"w-separator size_medium\"><\/div><div class=\"wpb_text_column\"><div class=\"wpb_wrapper\"><h4>Das Werk entdecken<\/h4>\n<\/div><\/div><\/div><\/div><\/div><div class=\"vc_col-sm-9 wpb_column vc_column_container\"><div class=\"vc_column-inner\"><div class=\"wpb_wrapper\"><div class=\"w-separator size_medium\"><\/div><div class=\"wpb_text_column\"><div class=\"wpb_wrapper\"><p><span style=\"font-size: 14pt;\">Hier bieten wir Ihnen vielf\u00e4ltige und thematische Einblicke in das umfangreiche <span data-dobid=\"hdw\">\u0152uvre<\/span> von Andreas Felger. Wir stellen Ihnen mit dem Werk des Quartals alle drei Monate eine neues Bild von Andreas Felger vor, Sie k\u00f6nnen seine Werkzyklen entdecken, in Online-Galerien <\/span><span style=\"font-size: 14pt;\">st\u00f6bern oder Sie lassen sich an die unterschiedlichsten Orte f\u00fchren, f\u00fcr die Andreas Felger Werke im \u00f6ffentlichen Raum schuf. Und sollte Sie etwas interessieren, das Sie hier nicht finden, dann fragen Sie uns bitte. Wir geben gerne Auskunft.<br \/>\n<\/span><\/p>\n<\/div><\/div><\/div><\/div><\/div><\/div><\/div><\/section><section class=\"l-section wpb_row us_custom_d971738f height_medium with_img\"><div class=\"l-section-img\" role=\"img\" aria-label=\"Bild\" data-img-width=\"667\" data-img-height=\"660\" style=\"background-image: url(https:\/\/www.af-kulturstiftung.de\/wordpress\/wp-content\/uploads\/AF_AQ_04_0510.jpg);\"><\/div><div class=\"l-section-h i-cf\"><div class=\"g-cols vc_row via_flex valign_top type_default stacking_default\"><div class=\"vc_col-sm-3 wpb_column vc_column_container\"><div class=\"vc_column-inner\"><div class=\"wpb_wrapper\"><div class=\"wpb_text_column\"><div class=\"wpb_wrapper\"><h5>Online Ausstellungen<\/h5>\n<\/div><\/div><div class=\"w-separator size_small\"><\/div><div class=\"w-image align_none\"><a title=\"Online-Ausstellungen\" href=\"https:\/\/www.af-kulturstiftung.de\/wordpress\/online-ausstellungen\/\" aria-label=\"Andreas Felger, Sein und Nicht-Sein, 2000\" class=\"w-image-h\"><img decoding=\"async\" width=\"394\" height=\"586\" src=\"https:\/\/www.af-kulturstiftung.de\/wordpress\/wp-content\/uploads\/AF_AQ_00_0008.jpg\" class=\"attachment-large size-large\" alt=\"\" loading=\"lazy\" srcset=\"https:\/\/www.af-kulturstiftung.de\/wordpress\/wp-content\/uploads\/AF_AQ_00_0008.jpg 394w, https:\/\/www.af-kulturstiftung.de\/wordpress\/wp-content\/uploads\/AF_AQ_00_0008-202x300.jpg 202w, https:\/\/www.af-kulturstiftung.de\/wordpress\/wp-content\/uploads\/AF_AQ_00_0008-101x150.jpg 101w\" sizes=\"auto, (max-width: 394px) 100vw, 394px\" \/><\/a><\/div><\/div><\/div><\/div><div class=\"vc_col-sm-3 wpb_column vc_column_container\"><div class=\"vc_column-inner\"><div class=\"wpb_wrapper\"><div class=\"wpb_text_column\"><div class=\"wpb_wrapper\"><h5>Werk des Quartals<\/h5>\n<\/div><\/div><div class=\"w-separator size_small\"><\/div><div class=\"w-image us_custom_a518f36e us_animate_this align_none\"><a href=\"https:\/\/www.af-kulturstiftung.de\/wordpress\/das-werk\/werk-des-quartals\/\" aria-label=\"Andreas Felger, Gefangene l\u00f6sen (Werke der Barmherzigkeit I), 1989\" class=\"w-image-h\"><img decoding=\"async\" width=\"687\" height=\"1024\" src=\"https:\/\/www.af-kulturstiftung.de\/wordpress\/wp-content\/uploads\/AF_HS_89_0011-687x1024.jpg\" class=\"attachment-large size-large\" alt=\"\" loading=\"lazy\" srcset=\"https:\/\/www.af-kulturstiftung.de\/wordpress\/wp-content\/uploads\/AF_HS_89_0011-687x1024.jpg 687w, https:\/\/www.af-kulturstiftung.de\/wordpress\/wp-content\/uploads\/AF_HS_89_0011-201x300.jpg 201w, https:\/\/www.af-kulturstiftung.de\/wordpress\/wp-content\/uploads\/AF_HS_89_0011-101x150.jpg 101w, https:\/\/www.af-kulturstiftung.de\/wordpress\/wp-content\/uploads\/AF_HS_89_0011-768x1144.jpg 768w, https:\/\/www.af-kulturstiftung.de\/wordpress\/wp-content\/uploads\/AF_HS_89_0011.jpg 1039w\" sizes=\"auto, (max-width: 687px) 100vw, 687px\" \/><\/a><\/div><\/div><\/div><\/div><div class=\"vc_col-sm-3 wpb_column vc_column_container\"><div class=\"vc_column-inner\"><div class=\"wpb_wrapper\"><div class=\"wpb_text_column\"><div class=\"wpb_wrapper\"><h5>Werkzyklen<\/h5>\n<\/div><\/div><div class=\"w-separator size_small\"><\/div><div class=\"w-image us_custom_a518f36e us_animate_this align_none\"><a href=\"https:\/\/www.af-kulturstiftung.de\/wordpress\/werkzyklen\/\" aria-label=\"Andreas Felger, Fremdling Du II (nach dem Melodram von Arnold Sch\u00f6nberg \n&quot;Ein \u00dcberlebender aus Warschau&quot;), 1986\" class=\"w-image-h\"><img decoding=\"async\" width=\"1024\" height=\"843\" src=\"https:\/\/www.af-kulturstiftung.de\/wordpress\/wp-content\/uploads\/AF_HS_86_0006-1024x843.jpg\" class=\"attachment-large size-large\" alt=\"\" loading=\"lazy\" srcset=\"https:\/\/www.af-kulturstiftung.de\/wordpress\/wp-content\/uploads\/AF_HS_86_0006-1024x843.jpg 1024w, https:\/\/www.af-kulturstiftung.de\/wordpress\/wp-content\/uploads\/AF_HS_86_0006-300x247.jpg 300w, https:\/\/www.af-kulturstiftung.de\/wordpress\/wp-content\/uploads\/AF_HS_86_0006-150x124.jpg 150w, https:\/\/www.af-kulturstiftung.de\/wordpress\/wp-content\/uploads\/AF_HS_86_0006-768x632.jpg 768w, https:\/\/www.af-kulturstiftung.de\/wordpress\/wp-content\/uploads\/AF_HS_86_0006.jpg 1200w\" sizes=\"auto, (max-width: 1024px) 100vw, 1024px\" \/><\/a><\/div><\/div><\/div><\/div><div class=\"vc_col-sm-3 wpb_column vc_column_container\"><div class=\"vc_column-inner\"><div class=\"wpb_wrapper\"><div class=\"wpb_text_column\"><div class=\"wpb_wrapper\"><h5>\u0152uvre<\/h5>\n<\/div><\/div><div class=\"w-separator size_small\"><\/div><div class=\"w-image align_none\"><a title=\"\u0152uvre\" href=\"https:\/\/www.af-kulturstiftung.de\/wordpress\/werk\/\" aria-label=\"Andreas Felger, ohne Titel, 2018\" class=\"w-image-h\"><img decoding=\"async\" width=\"834\" height=\"1024\" src=\"https:\/\/www.af-kulturstiftung.de\/wordpress\/wp-content\/uploads\/AF_Oel_18_0007-834x1024.jpg\" class=\"attachment-large size-large\" alt=\"\" loading=\"lazy\" srcset=\"https:\/\/www.af-kulturstiftung.de\/wordpress\/wp-content\/uploads\/AF_Oel_18_0007-834x1024.jpg 834w, https:\/\/www.af-kulturstiftung.de\/wordpress\/wp-content\/uploads\/AF_Oel_18_0007-244x300.jpg 244w, https:\/\/www.af-kulturstiftung.de\/wordpress\/wp-content\/uploads\/AF_Oel_18_0007-122x150.jpg 122w, https:\/\/www.af-kulturstiftung.de\/wordpress\/wp-content\/uploads\/AF_Oel_18_0007-768x943.jpg 768w, https:\/\/www.af-kulturstiftung.de\/wordpress\/wp-content\/uploads\/AF_Oel_18_0007.jpg 1042w\" sizes=\"auto, (max-width: 834px) 100vw, 834px\" \/><\/a><\/div><\/div><\/div><\/div><\/div><\/div><\/section><section class=\"l-section wpb_row us_custom_d971738f height_medium with_img\"><div class=\"l-section-img\" role=\"img\" aria-label=\"Bild\" data-img-width=\"667\" data-img-height=\"660\" style=\"background-image: url(https:\/\/www.af-kulturstiftung.de\/wordpress\/wp-content\/uploads\/AF_AQ_04_0510.jpg);\"><\/div><div class=\"l-section-h i-cf\"><div class=\"g-cols vc_row via_flex valign_top type_default stacking_default\"><div class=\"vc_col-sm-3 wpb_column vc_column_container\"><div class=\"vc_column-inner\"><div class=\"wpb_wrapper\"><div class=\"wpb_text_column\"><div class=\"wpb_wrapper\"><h5>\u00d6ffentlicher Raum<\/h5>\n<\/div><\/div><div class=\"w-separator size_small\"><\/div><div class=\"w-image align_none\"><a href=\"https:\/\/www.af-kulturstiftung.de\/wordpress\/oeffentlicher-raum\/\" aria-label=\"Andreas Felger, PAUSA Skulptur, 2015\" class=\"w-image-h\"><img decoding=\"async\" width=\"768\" height=\"512\" src=\"https:\/\/www.af-kulturstiftung.de\/wordpress\/wp-content\/uploads\/Pausa-Moessingen-08911_web-768x512.jpg\" class=\"attachment-large size-large\" alt=\"\" loading=\"lazy\" srcset=\"https:\/\/www.af-kulturstiftung.de\/wordpress\/wp-content\/uploads\/Pausa-Moessingen-08911_web-768x512.jpg 768w, https:\/\/www.af-kulturstiftung.de\/wordpress\/wp-content\/uploads\/Pausa-Moessingen-08911_web-768x512-300x200.jpg 300w, https:\/\/www.af-kulturstiftung.de\/wordpress\/wp-content\/uploads\/Pausa-Moessingen-08911_web-768x512-150x100.jpg 150w\" sizes=\"auto, (max-width: 768px) 100vw, 768px\" \/><\/a><\/div><\/div><\/div><\/div><\/div><\/div><\/section>\n","protected":false},"excerpt":{"rendered":"Das Werk entdecken Hier bieten wir Ihnen vielf\u00e4ltige und thematische Einblicke in das umfangreiche \u0152uvre von Andreas Felger. Wir stellen Ihnen mit dem Werk des Quartals alle drei Monate eine neues Bild von Andreas Felger vor, Sie k\u00f6nnen seine Werkzyklen entdecken, in Online-Galerien st\u00f6bern oder Sie lassen sich an die unterschiedlichsten Orte f\u00fchren, f\u00fcr die...","protected":false},"author":6,"featured_media":0,"parent":0,"menu_order":0,"comment_status":"closed","ping_status":"closed","template":"","meta":{"h5ap_radio_sources":[],"footnotes":""},"class_list":["post-8960","page","type-page","status-publish","hentry"],"_links":{"self":[{"href":"https:\/\/www.af-kulturstiftung.de\/wordpress\/wp-json\/wp\/v2\/pages\/8960","targetHints":{"allow":["GET"]}}],"collection":[{"href":"https:\/\/www.af-kulturstiftung.de\/wordpress\/wp-json\/wp\/v2\/pages"}],"about":[{"href":"https:\/\/www.af-kulturstiftung.de\/wordpress\/wp-json\/wp\/v2\/types\/page"}],"author":[{"embeddable":true,"href":"https:\/\/www.af-kulturstiftung.de\/wordpress\/wp-json\/wp\/v2\/users\/6"}],"replies":[{"embeddable":true,"href":"https:\/\/www.af-kulturstiftung.de\/wordpress\/wp-json\/wp\/v2\/comments?post=8960"}],"version-history":[{"count":0,"href":"https:\/\/www.af-kulturstiftung.de\/wordpress\/wp-json\/wp\/v2\/pages\/8960\/revisions"}],"wp:attachment":[{"href":"https:\/\/www.af-kulturstiftung.de\/wordpress\/wp-json\/wp\/v2\/media?parent=8960"}],"curies":[{"name":"wp","href":"https:\/\/api.w.org\/{rel}","templated":true}]}}