{"id":8828,"date":"2021-03-16T01:21:09","date_gmt":"2021-03-16T00:21:09","guid":{"rendered":"https:\/\/www1.af-kulturstiftung.de\/?page_id=8828"},"modified":"2026-02-20T12:09:44","modified_gmt":"2026-02-20T11:09:44","slug":"kammern-expo-2000-christus-pavillon","status":"publish","type":"page","link":"https:\/\/www.af-kulturstiftung.de\/wordpress\/werkzyklen\/kammern-expo-2000-christus-pavillon\/","title":{"rendered":"Kammern EXPO 2000 Christus Pavillon"},"content":{"rendered":"<section class=\"l-section wpb_row us_custom_d971738f height_medium\"><div class=\"l-section-h i-cf\"><div class=\"g-cols vc_row via_flex valign_top type_default stacking_default\"><div class=\"vc_col-sm-6 wpb_column vc_column_container\"><div class=\"vc_column-inner\"><div class=\"wpb_wrapper\"><div class=\"wpb_text_column\"><div class=\"wpb_wrapper\"><h4><a href=\"\/wordpress\/werkzyklen\/\">WERKZYKLEN<\/a> \/ Kammern EXPO 2000 Christus Pavillon<\/h4>\n<\/div><\/div><\/div><\/div><\/div><div class=\"vc_col-sm-6 wpb_column vc_column_container\"><div class=\"vc_column-inner\"><div class=\"wpb_wrapper\"><div class=\"wpb_text_column\"><div class=\"wpb_wrapper\"><p>Nach der EXPO 2000 wurde der <a href=\"https:\/\/de.wikipedia.org\/wiki\/Christus-Pavillon\">Christus Pavillon<\/a>, das gemeinsame Kirchengeb\u00e4ude der Evangelischen und Katholischen Kirche in Deutschland auf der EXPO 2000 in Hannover, in das ehemalige th\u00fcringische Zisterzienserkloster Volkenroda (Gr\u00fcndungsjahr 1131) umgesetzt. Dort steht es heute als bleibende Erinnerung an die Weltausstellung und vervollst\u00e4ndigt die noch erhaltenen Teile der historischen Klosteranlage.<\/p>\n<p>Anl\u00e4sslich dieser Umsetzung des Christus Pavillons (gebaut von <a href=\"https:\/\/www.gmp.de\/de\/projekte\/415\/christus-pavillon-expo-2000\">von Gerkan, Marg und Partner<\/a>) gestaltete Andreas Felger 2001 den \u00dcbergang zwischen dem gro\u00dfen, zentralen Kirchenraum (25 x 25 x 18 m) und den ihn umgebenen modernen Kreuzgang (70 x 30 x 6,8 m) <a href=\"https:\/\/www.kloster-volkenroda.de\/kloster\/christus-pavillon\/\" target=\"_blank\">mit neun dreidimensionalen Holzreliefs<\/a>. Die begehbaren w\u00fcrfelf\u00f6rmigen Kunstwerke, auch Kammern genannt, nehmen das Ma\u00df der Kreuzgangquadratur auf: 3,40 Meter in H\u00f6he, Breite und Tiefe.<\/p>\n<\/div><\/div><\/div><\/div><\/div><\/div><\/div><\/section><section class=\"l-section wpb_row us_custom_d984a24d height_small\"><div class=\"l-section-h i-cf\"><div class=\"g-cols vc_row via_flex valign_top type_default stacking_default\"><div class=\"vc_col-sm-12 wpb_column vc_column_container\"><div class=\"vc_column-inner\"><div class=\"wpb_wrapper\"><div class=\"w-grid us_grid type_grid layout_6333 cols_4 preload_style_spinner\" id=\"us_grid_1\" style=\"--columns:4;--gap:1.5rem;\" data-filterable=\"true\"><style>@media (max-width:1280px){#us_grid_1{--columns:3!important}}@media (max-width:1024px){#us_grid_1{--columns:2!important}}@media (max-width:600px){#us_grid_1{--columns:1!important}}.layout_6333 .w-grid-item-h{}.layout_6333 .usg_post_image_1{margin-bottom:1rem!important}.layout_6333 .usg_post_content_1{margin-top:0.5rem!important}<\/style><div class=\"w-grid-list\">\t<article class=\"w-grid-item size_1x1 post-8840 post type-post status-publish format-standard has-post-thumbnail hentry category-kammern-expo-2000-christus-pavillon\" data-id=\"8840\">\r\n\t\t<div class=\"w-grid-item-h\">\r\n\t\t\t\t\t\t<div class=\"w-post-elm post_image usg_post_image_1 stretched\"><a href=\"https:\/\/www.af-kulturstiftung.de\/wordpress\/af_hr_01_0001\/\" aria-label=\"AF_HR_01_0001\"><img loading=\"lazy\" decoding=\"async\" width=\"1024\" height=\"1024\" src=\"https:\/\/www.af-kulturstiftung.de\/wordpress\/wp-content\/uploads\/AF_HR_01_0001-1024x1024.jpg\" class=\"attachment-large size-large wp-post-image\" alt=\"\" srcset=\"https:\/\/www.af-kulturstiftung.de\/wordpress\/wp-content\/uploads\/AF_HR_01_0001-1024x1024.jpg 1024w, https:\/\/www.af-kulturstiftung.de\/wordpress\/wp-content\/uploads\/AF_HR_01_0001-300x300.jpg 300w, https:\/\/www.af-kulturstiftung.de\/wordpress\/wp-content\/uploads\/AF_HR_01_0001-150x150.jpg 150w, https:\/\/www.af-kulturstiftung.de\/wordpress\/wp-content\/uploads\/AF_HR_01_0001-350x350.jpg 350w, https:\/\/www.af-kulturstiftung.de\/wordpress\/wp-content\/uploads\/AF_HR_01_0001-600x600.jpg 600w, https:\/\/www.af-kulturstiftung.de\/wordpress\/wp-content\/uploads\/AF_HR_01_0001-768x768.jpg 768w, https:\/\/www.af-kulturstiftung.de\/wordpress\/wp-content\/uploads\/AF_HR_01_0001.jpg 1042w\" sizes=\"auto, (max-width: 1024px) 100vw, 1024px\" \/><\/a><\/div><div class=\"w-post-elm post_content usg_post_content_1\"><p>Licht<br \/>\n2001<br \/>\n\u00d6l auf Holz<br \/>\n340 x 340 x 340 cm<\/p>\n<\/div>\t\t<\/div>\r\n\t\t\t<\/article>\r\n\t<article class=\"w-grid-item size_1x1 post-8850 post type-post status-publish format-standard has-post-thumbnail hentry category-kammern-expo-2000-christus-pavillon\" data-id=\"8850\">\r\n\t\t<div class=\"w-grid-item-h\">\r\n\t\t\t\t\t\t<div class=\"w-post-elm post_image usg_post_image_1 stretched\"><a href=\"https:\/\/www.af-kulturstiftung.de\/wordpress\/af_hr_01_0002\/\" aria-label=\"AF_HR_01_0002\"><img loading=\"lazy\" decoding=\"async\" width=\"1024\" height=\"1024\" src=\"https:\/\/www.af-kulturstiftung.de\/wordpress\/wp-content\/uploads\/AF_HR_01_0002-1024x1024.jpg\" class=\"attachment-large size-large wp-post-image\" alt=\"\" srcset=\"https:\/\/www.af-kulturstiftung.de\/wordpress\/wp-content\/uploads\/AF_HR_01_0002-1024x1024.jpg 1024w, https:\/\/www.af-kulturstiftung.de\/wordpress\/wp-content\/uploads\/AF_HR_01_0002-300x300.jpg 300w, https:\/\/www.af-kulturstiftung.de\/wordpress\/wp-content\/uploads\/AF_HR_01_0002-150x150.jpg 150w, https:\/\/www.af-kulturstiftung.de\/wordpress\/wp-content\/uploads\/AF_HR_01_0002-350x350.jpg 350w, https:\/\/www.af-kulturstiftung.de\/wordpress\/wp-content\/uploads\/AF_HR_01_0002-600x600.jpg 600w, https:\/\/www.af-kulturstiftung.de\/wordpress\/wp-content\/uploads\/AF_HR_01_0002-768x768.jpg 768w, https:\/\/www.af-kulturstiftung.de\/wordpress\/wp-content\/uploads\/AF_HR_01_0002.jpg 1042w\" sizes=\"auto, (max-width: 1024px) 100vw, 1024px\" \/><\/a><\/div><div class=\"w-post-elm post_content usg_post_content_1\"><p>Weinstock<br \/>\n2001<br \/>\n\u00d6l auf Holz<br \/>\n340 x 340 x 340 cm<\/p>\n<\/div>\t\t<\/div>\r\n\t\t\t<\/article>\r\n\t<article class=\"w-grid-item size_1x1 post-8856 post type-post status-publish format-standard has-post-thumbnail hentry category-kammern-expo-2000-christus-pavillon\" data-id=\"8856\">\r\n\t\t<div class=\"w-grid-item-h\">\r\n\t\t\t\t\t\t<div class=\"w-post-elm post_image usg_post_image_1 stretched\"><a href=\"https:\/\/www.af-kulturstiftung.de\/wordpress\/af_hr_01_0003\/\" aria-label=\"AF_HR_01_0003\"><img loading=\"lazy\" decoding=\"async\" width=\"1024\" height=\"1024\" src=\"https:\/\/www.af-kulturstiftung.de\/wordpress\/wp-content\/uploads\/AF_HR_01_0003-1024x1024.jpg\" class=\"attachment-large size-large wp-post-image\" alt=\"\" srcset=\"https:\/\/www.af-kulturstiftung.de\/wordpress\/wp-content\/uploads\/AF_HR_01_0003-1024x1024.jpg 1024w, https:\/\/www.af-kulturstiftung.de\/wordpress\/wp-content\/uploads\/AF_HR_01_0003-300x300.jpg 300w, https:\/\/www.af-kulturstiftung.de\/wordpress\/wp-content\/uploads\/AF_HR_01_0003-150x150.jpg 150w, https:\/\/www.af-kulturstiftung.de\/wordpress\/wp-content\/uploads\/AF_HR_01_0003-350x350.jpg 350w, https:\/\/www.af-kulturstiftung.de\/wordpress\/wp-content\/uploads\/AF_HR_01_0003-600x600.jpg 600w, https:\/\/www.af-kulturstiftung.de\/wordpress\/wp-content\/uploads\/AF_HR_01_0003-768x768.jpg 768w, https:\/\/www.af-kulturstiftung.de\/wordpress\/wp-content\/uploads\/AF_HR_01_0003.jpg 1042w\" sizes=\"auto, (max-width: 1024px) 100vw, 1024px\" \/><\/a><\/div><div class=\"w-post-elm post_content usg_post_content_1\"><p>Brot<br \/>\n2001<br \/>\n\u00d6l auf Holz<br \/>\n340 x 340 x 340 cm<\/p>\n<\/div>\t\t<\/div>\r\n\t\t\t<\/article>\r\n\t<article class=\"w-grid-item size_1x1 post-8882 post type-post status-publish format-standard has-post-thumbnail hentry category-kammern-expo-2000-christus-pavillon\" data-id=\"8882\">\r\n\t\t<div class=\"w-grid-item-h\">\r\n\t\t\t\t\t\t<div class=\"w-post-elm post_image usg_post_image_1 stretched\"><a href=\"https:\/\/www.af-kulturstiftung.de\/wordpress\/af_hr_01_0004\/\" aria-label=\"AF_HR_01_0004\"><img loading=\"lazy\" decoding=\"async\" width=\"1024\" height=\"1024\" src=\"https:\/\/www.af-kulturstiftung.de\/wordpress\/wp-content\/uploads\/AF_HR_01_0004-1024x1024.jpg\" class=\"attachment-large size-large wp-post-image\" alt=\"\" srcset=\"https:\/\/www.af-kulturstiftung.de\/wordpress\/wp-content\/uploads\/AF_HR_01_0004-1024x1024.jpg 1024w, https:\/\/www.af-kulturstiftung.de\/wordpress\/wp-content\/uploads\/AF_HR_01_0004-300x300.jpg 300w, https:\/\/www.af-kulturstiftung.de\/wordpress\/wp-content\/uploads\/AF_HR_01_0004-150x150.jpg 150w, https:\/\/www.af-kulturstiftung.de\/wordpress\/wp-content\/uploads\/AF_HR_01_0004-350x350.jpg 350w, https:\/\/www.af-kulturstiftung.de\/wordpress\/wp-content\/uploads\/AF_HR_01_0004-600x600.jpg 600w, https:\/\/www.af-kulturstiftung.de\/wordpress\/wp-content\/uploads\/AF_HR_01_0004-768x768.jpg 768w, https:\/\/www.af-kulturstiftung.de\/wordpress\/wp-content\/uploads\/AF_HR_01_0004.jpg 1042w\" sizes=\"auto, (max-width: 1024px) 100vw, 1024px\" \/><\/a><\/div><div class=\"w-post-elm post_content usg_post_content_1\"><p>Trinit\u00e4t<br \/>\n2001<br \/>\n\u00d6l auf Holz<br \/>\n340 x 340 x 340 cm<\/p>\n<\/div>\t\t<\/div>\r\n\t\t\t<\/article>\r\n\t<article class=\"w-grid-item size_1x1 post-8884 post type-post status-publish format-standard has-post-thumbnail hentry category-kammern-expo-2000-christus-pavillon\" data-id=\"8884\">\r\n\t\t<div class=\"w-grid-item-h\">\r\n\t\t\t\t\t\t<div class=\"w-post-elm post_image usg_post_image_1 stretched\"><a href=\"https:\/\/www.af-kulturstiftung.de\/wordpress\/af_hr_01_0005\/\" aria-label=\"AF_HR_01_0005\"><img loading=\"lazy\" decoding=\"async\" width=\"1024\" height=\"1024\" src=\"https:\/\/www.af-kulturstiftung.de\/wordpress\/wp-content\/uploads\/AF_HR_01_0005-1024x1024.jpg\" class=\"attachment-large size-large wp-post-image\" alt=\"\" srcset=\"https:\/\/www.af-kulturstiftung.de\/wordpress\/wp-content\/uploads\/AF_HR_01_0005-1024x1024.jpg 1024w, https:\/\/www.af-kulturstiftung.de\/wordpress\/wp-content\/uploads\/AF_HR_01_0005-300x300.jpg 300w, https:\/\/www.af-kulturstiftung.de\/wordpress\/wp-content\/uploads\/AF_HR_01_0005-150x150.jpg 150w, https:\/\/www.af-kulturstiftung.de\/wordpress\/wp-content\/uploads\/AF_HR_01_0005-350x350.jpg 350w, https:\/\/www.af-kulturstiftung.de\/wordpress\/wp-content\/uploads\/AF_HR_01_0005-600x600.jpg 600w, https:\/\/www.af-kulturstiftung.de\/wordpress\/wp-content\/uploads\/AF_HR_01_0005-768x768.jpg 768w, https:\/\/www.af-kulturstiftung.de\/wordpress\/wp-content\/uploads\/AF_HR_01_0005.jpg 1042w\" sizes=\"auto, (max-width: 1024px) 100vw, 1024px\" \/><\/a><\/div><div class=\"w-post-elm post_content usg_post_content_1\"><p>Herrlichkeit<br \/>\n2001<br \/>\n\u00d6l auf Holz<br \/>\n340 x 340 x 340 cm<\/p>\n<\/div>\t\t<\/div>\r\n\t\t\t<\/article>\r\n\t<article class=\"w-grid-item size_1x1 post-8886 post type-post status-publish format-standard has-post-thumbnail hentry category-kammern-expo-2000-christus-pavillon\" data-id=\"8886\">\r\n\t\t<div class=\"w-grid-item-h\">\r\n\t\t\t\t\t\t<div class=\"w-post-elm post_image usg_post_image_1 stretched\"><a href=\"https:\/\/www.af-kulturstiftung.de\/wordpress\/af_hr_01_0006\/\" aria-label=\"AF_HR_01_0006\"><img loading=\"lazy\" decoding=\"async\" width=\"1024\" height=\"1024\" src=\"https:\/\/www.af-kulturstiftung.de\/wordpress\/wp-content\/uploads\/AF_HR_01_0006-1024x1024.jpg\" class=\"attachment-large size-large wp-post-image\" alt=\"\" srcset=\"https:\/\/www.af-kulturstiftung.de\/wordpress\/wp-content\/uploads\/AF_HR_01_0006-1024x1024.jpg 1024w, https:\/\/www.af-kulturstiftung.de\/wordpress\/wp-content\/uploads\/AF_HR_01_0006-300x300.jpg 300w, https:\/\/www.af-kulturstiftung.de\/wordpress\/wp-content\/uploads\/AF_HR_01_0006-150x150.jpg 150w, https:\/\/www.af-kulturstiftung.de\/wordpress\/wp-content\/uploads\/AF_HR_01_0006-350x350.jpg 350w, https:\/\/www.af-kulturstiftung.de\/wordpress\/wp-content\/uploads\/AF_HR_01_0006-600x600.jpg 600w, https:\/\/www.af-kulturstiftung.de\/wordpress\/wp-content\/uploads\/AF_HR_01_0006-768x768.jpg 768w, https:\/\/www.af-kulturstiftung.de\/wordpress\/wp-content\/uploads\/AF_HR_01_0006.jpg 1042w\" sizes=\"auto, (max-width: 1024px) 100vw, 1024px\" \/><\/a><\/div><div class=\"w-post-elm post_content usg_post_content_1\"><p>Wunde<br \/>\n2001<br \/>\n\u00d6l auf Holz<br \/>\n340 x 340 x 340 cm<\/p>\n<\/div>\t\t<\/div>\r\n\t\t\t<\/article>\r\n\t<article class=\"w-grid-item size_1x1 post-8889 post type-post status-publish format-standard has-post-thumbnail hentry category-kammern-expo-2000-christus-pavillon\" data-id=\"8889\">\r\n\t\t<div class=\"w-grid-item-h\">\r\n\t\t\t\t\t\t<div class=\"w-post-elm post_image usg_post_image_1 stretched\"><a href=\"https:\/\/www.af-kulturstiftung.de\/wordpress\/af_hr_01_0007\/\" aria-label=\"AF_HR_01_0007\"><img loading=\"lazy\" decoding=\"async\" width=\"1024\" height=\"1024\" src=\"https:\/\/www.af-kulturstiftung.de\/wordpress\/wp-content\/uploads\/AF_HR_01_0007-1024x1024.jpg\" class=\"attachment-large size-large wp-post-image\" alt=\"\" srcset=\"https:\/\/www.af-kulturstiftung.de\/wordpress\/wp-content\/uploads\/AF_HR_01_0007-1024x1024.jpg 1024w, https:\/\/www.af-kulturstiftung.de\/wordpress\/wp-content\/uploads\/AF_HR_01_0007-300x300.jpg 300w, https:\/\/www.af-kulturstiftung.de\/wordpress\/wp-content\/uploads\/AF_HR_01_0007-150x150.jpg 150w, https:\/\/www.af-kulturstiftung.de\/wordpress\/wp-content\/uploads\/AF_HR_01_0007-350x350.jpg 350w, https:\/\/www.af-kulturstiftung.de\/wordpress\/wp-content\/uploads\/AF_HR_01_0007-600x600.jpg 600w, https:\/\/www.af-kulturstiftung.de\/wordpress\/wp-content\/uploads\/AF_HR_01_0007-768x768.jpg 768w, https:\/\/www.af-kulturstiftung.de\/wordpress\/wp-content\/uploads\/AF_HR_01_0007.jpg 1042w\" sizes=\"auto, (max-width: 1024px) 100vw, 1024px\" \/><\/a><\/div><div class=\"w-post-elm post_content usg_post_content_1\"><p>Perle<br \/>\n2001<br \/>\n\u00d6l auf Holz<br \/>\n340 x 340 x 340 cm<\/p>\n<\/div>\t\t<\/div>\r\n\t\t\t<\/article>\r\n\t<article class=\"w-grid-item size_1x1 post-8891 post type-post status-publish format-standard has-post-thumbnail hentry category-kammern-expo-2000-christus-pavillon\" data-id=\"8891\">\r\n\t\t<div class=\"w-grid-item-h\">\r\n\t\t\t\t\t\t<div class=\"w-post-elm post_image usg_post_image_1 stretched\"><a href=\"https:\/\/www.af-kulturstiftung.de\/wordpress\/af_hr_01_0008\/\" aria-label=\"AF_HR_01_0008\"><img loading=\"lazy\" decoding=\"async\" width=\"1024\" height=\"1024\" src=\"https:\/\/www.af-kulturstiftung.de\/wordpress\/wp-content\/uploads\/AF_HR_01_0008-1024x1024.jpg\" class=\"attachment-large size-large wp-post-image\" alt=\"\" srcset=\"https:\/\/www.af-kulturstiftung.de\/wordpress\/wp-content\/uploads\/AF_HR_01_0008-1024x1024.jpg 1024w, https:\/\/www.af-kulturstiftung.de\/wordpress\/wp-content\/uploads\/AF_HR_01_0008-300x300.jpg 300w, https:\/\/www.af-kulturstiftung.de\/wordpress\/wp-content\/uploads\/AF_HR_01_0008-150x150.jpg 150w, https:\/\/www.af-kulturstiftung.de\/wordpress\/wp-content\/uploads\/AF_HR_01_0008-350x350.jpg 350w, https:\/\/www.af-kulturstiftung.de\/wordpress\/wp-content\/uploads\/AF_HR_01_0008-600x600.jpg 600w, https:\/\/www.af-kulturstiftung.de\/wordpress\/wp-content\/uploads\/AF_HR_01_0008-768x768.jpg 768w, https:\/\/www.af-kulturstiftung.de\/wordpress\/wp-content\/uploads\/AF_HR_01_0008.jpg 1042w\" sizes=\"auto, (max-width: 1024px) 100vw, 1024px\" \/><\/a><\/div><div class=\"w-post-elm post_content usg_post_content_1\"><p>T\u00fcr<br \/>\n2001<br \/>\n\u00d6l auf Holz<br \/>\n340 x 340 x 340 cm<\/p>\n<\/div>\t\t<\/div>\r\n\t\t\t<\/article>\r\n\t<article class=\"w-grid-item size_1x1 post-8893 post type-post status-publish format-standard has-post-thumbnail hentry category-kammern-expo-2000-christus-pavillon\" data-id=\"8893\">\r\n\t\t<div class=\"w-grid-item-h\">\r\n\t\t\t\t\t\t<div class=\"w-post-elm post_image usg_post_image_1 stretched\"><a href=\"https:\/\/www.af-kulturstiftung.de\/wordpress\/af_hr_01_0009\/\" aria-label=\"AF_HR_01_0009\"><img loading=\"lazy\" decoding=\"async\" width=\"1024\" height=\"1024\" src=\"https:\/\/www.af-kulturstiftung.de\/wordpress\/wp-content\/uploads\/AF_HR_01_0009-1024x1024.jpg\" class=\"attachment-large size-large wp-post-image\" alt=\"\" srcset=\"https:\/\/www.af-kulturstiftung.de\/wordpress\/wp-content\/uploads\/AF_HR_01_0009-1024x1024.jpg 1024w, https:\/\/www.af-kulturstiftung.de\/wordpress\/wp-content\/uploads\/AF_HR_01_0009-300x300.jpg 300w, https:\/\/www.af-kulturstiftung.de\/wordpress\/wp-content\/uploads\/AF_HR_01_0009-150x150.jpg 150w, https:\/\/www.af-kulturstiftung.de\/wordpress\/wp-content\/uploads\/AF_HR_01_0009-350x350.jpg 350w, https:\/\/www.af-kulturstiftung.de\/wordpress\/wp-content\/uploads\/AF_HR_01_0009-600x600.jpg 600w, https:\/\/www.af-kulturstiftung.de\/wordpress\/wp-content\/uploads\/AF_HR_01_0009-768x768.jpg 768w, https:\/\/www.af-kulturstiftung.de\/wordpress\/wp-content\/uploads\/AF_HR_01_0009.jpg 1042w\" sizes=\"auto, (max-width: 1024px) 100vw, 1024px\" \/><\/a><\/div><div class=\"w-post-elm post_content usg_post_content_1\"><p>Quelle<br \/>\n2001<br \/>\n\u00d6l auf Holz<br \/>\n340 x 340 x 340 cm<\/p>\n<\/div>\t\t<\/div>\r\n\t\t\t<\/article>\r\n<\/div>\t<div class=\"w-grid-preloader\">\r\n\t\t<div class=\"g-preloader type_1\">\r\n\t\t\t<div><\/div>\r\n\t\t<\/div>\r\n\t<\/div>\r\n\t\t<div class=\"w-grid-json hidden\" onclick='return {&quot;action&quot;:&quot;us_ajax_grid&quot;,&quot;infinite_scroll&quot;:0,&quot;max_num_pages&quot;:1,&quot;pagination&quot;:&quot;none&quot;,&quot;template_vars&quot;:{&quot;columns&quot;:&quot;4&quot;,&quot;exclude_items&quot;:&quot;none&quot;,&quot;img_size&quot;:&quot;default&quot;,&quot;ignore_items_size&quot;:0,&quot;items_layout&quot;:&quot;6333&quot;,&quot;items_offset&quot;:&quot;1&quot;,&quot;load_animation&quot;:&quot;none&quot;,&quot;overriding_link&quot;:&quot;{\\&quot;url\\&quot;:\\&quot;\\&quot;}&quot;,&quot;post_id&quot;:0,&quot;query_args&quot;:{&quot;post_type&quot;:[&quot;post&quot;],&quot;tax_query&quot;:[{&quot;taxonomy&quot;:&quot;category&quot;,&quot;field&quot;:&quot;slug&quot;,&quot;terms&quot;:[&quot;kammern-expo-2000-christus-pavillon&quot;]}],&quot;post_status&quot;:[&quot;publish&quot;],&quot;posts_per_page&quot;:&quot;10&quot;},&quot;orderby_query_args&quot;:{&quot;orderby&quot;:{&quot;post__in&quot;:&quot;ASC&quot;},&quot;order&quot;:&quot;ASC&quot;},&quot;type&quot;:&quot;grid&quot;,&quot;us_grid_post_type&quot;:&quot;post&quot;,&quot;us_grid_ajax_index&quot;:1,&quot;us_grid_filter_query_string&quot;:null,&quot;us_grid_index&quot;:1,&quot;page_args&quot;:[]}}'><\/div>\r\n\t<\/div><\/div><\/div><\/div><\/div><\/div><\/section><section class=\"l-section wpb_row height_medium\"><div class=\"l-section-h i-cf\"><div class=\"g-cols vc_row via_flex valign_top type_default stacking_default\"><div class=\"vc_col-sm-12 wpb_column vc_column_container\"><div class=\"vc_column-inner\"><div class=\"wpb_wrapper\"><\/div><\/div><\/div><\/div><\/div><\/section>\n","protected":false},"excerpt":{"rendered":"WERKZYKLEN \/ Kammern EXPO 2000 Christus Pavillon Andreas Felger, Quelle, 2001\u00d6l auf Holz, 340 x 340 x 340 cm \u00a9 AFKSQuelle 2001 \u00d6l auf Holz 340 x 340 x 340 cm dreidimensionales begehbares Holzrelief im ehemaligen EXPO 2000 Christus Pavillon im Kloster Volkenroda, Th\u00fcringen unverk\u00e4uflich zur\u00fcck zur \u00dcbersichtVorheriger BeitragAF_HR_01_0008","protected":false},"author":6,"featured_media":0,"parent":2890,"menu_order":0,"comment_status":"closed","ping_status":"closed","template":"","meta":{"h5ap_radio_sources":[],"footnotes":""},"class_list":["post-8828","page","type-page","status-publish","hentry"],"_links":{"self":[{"href":"https:\/\/www.af-kulturstiftung.de\/wordpress\/wp-json\/wp\/v2\/pages\/8828","targetHints":{"allow":["GET"]}}],"collection":[{"href":"https:\/\/www.af-kulturstiftung.de\/wordpress\/wp-json\/wp\/v2\/pages"}],"about":[{"href":"https:\/\/www.af-kulturstiftung.de\/wordpress\/wp-json\/wp\/v2\/types\/page"}],"author":[{"embeddable":true,"href":"https:\/\/www.af-kulturstiftung.de\/wordpress\/wp-json\/wp\/v2\/users\/6"}],"replies":[{"embeddable":true,"href":"https:\/\/www.af-kulturstiftung.de\/wordpress\/wp-json\/wp\/v2\/comments?post=8828"}],"version-history":[{"count":0,"href":"https:\/\/www.af-kulturstiftung.de\/wordpress\/wp-json\/wp\/v2\/pages\/8828\/revisions"}],"up":[{"embeddable":true,"href":"https:\/\/www.af-kulturstiftung.de\/wordpress\/wp-json\/wp\/v2\/pages\/2890"}],"wp:attachment":[{"href":"https:\/\/www.af-kulturstiftung.de\/wordpress\/wp-json\/wp\/v2\/media?parent=8828"}],"curies":[{"name":"wp","href":"https:\/\/api.w.org\/{rel}","templated":true}]}}