{"id":8793,"date":"2021-03-15T13:03:05","date_gmt":"2021-03-15T12:03:05","guid":{"rendered":"https:\/\/www1.af-kulturstiftung.de\/?page_id=8793"},"modified":"2022-04-04T17:00:54","modified_gmt":"2022-04-04T15:00:54","slug":"werk-stoff-preis-fuer-malerei-2021","status":"publish","type":"page","link":"https:\/\/www.af-kulturstiftung.de\/wordpress\/werk-stoff-preis-fuer-malerei-2021\/","title":{"rendered":"KUNSTPREIS 2021"},"content":{"rendered":"<section class=\"l-section wpb_row us_custom_057801f8 height_medium with_img parallax_fixed\"><div class=\"l-section-img\" role=\"img\" aria-label=\"Bild\" data-img-width=\"1042\" data-img-height=\"1630\" style=\"background-image: url(https:\/\/www.af-kulturstiftung.de\/wordpress\/wp-content\/uploads\/31_AnnaSlobodnik_oT_80x50cm.jpg);\"><\/div><div class=\"l-section-h i-cf\"><div class=\"g-cols vc_row via_flex valign_top type_default stacking_default\"><div class=\"vc_col-sm-6 wpb_column vc_column_container has_bg_color\"><div class=\"vc_column-inner us_custom_057801f8\"><div class=\"wpb_wrapper\"><div class=\"wpb_text_column\"><div class=\"wpb_wrapper\"><h2><a href=\"https:\/\/hdkv.de\/ausstellungen\/\">Der WERK.STOFF Preis f\u00fcr Malerei 2021<\/a><\/h2>\n<\/div><\/div><div class=\"w-separator size_medium\"><\/div><div class=\"wpb_text_column\"><div class=\"wpb_wrapper\"><h2>geht an: BRADLEY DAVIES!<\/h2>\n<p>&nbsp;<\/p>\n<p>Wir begl\u00fcckw\u00fcnschen <strong>Bradley Davies<\/strong> als Preistr\u00e4ger des <strong>WERK.STOFF Preis f\u00fcr Malerei 2021,<\/strong> verliehen von der Andreas Felger Kulturstiftung und dem Heidelberger Kunstverein.<\/p>\n<p>In der Begr\u00fcndug der Jury hei\u00dft es:<\/p>\n<p>\u201e<em>Bradley Davies Malerei verbindet das Absurde mit dem Gesellschaftlichen, das verspielt Ironische mit dem konkret Politischen, Nudeln und B\u00fcgelbretter mit Diktatoren und mittelalterlicher Kunstgeschichte. Vor allem aber verbindet seine Malerei das klassische Tafelbild mit seinen vielf\u00e4ltigen Weiterungen. Die Bilder Davies\u2018 sind eklektisch und verschlie\u00dfen sich einem stilistischen \u00dcberbegriff, sie unterscheiden sehr bewusst nicht zwischen diesseits und jenseits des Tafelbildes, zwischen Raum und Wand oder zwischen politischen Inhalten und selbstgen\u00fcgsamem \u201aL\u2018art pour l\u2019art\u2018. Was seine Bilder und Installationen k\u00f6nnen oder wollen, entscheidet sich immer in der konkreten Reaktion auf den jeweiligen Ort oder Kontext.<\/em>\u201c<\/p>\n<p>Bradley Davies Arbeiten entstehen in Reaktion auf Ph\u00e4nomene des Zusammenlebens und der damit verbundenen visuellen Kulturen. Maskierung, Nachahmung und Verstellung sind zugleich Themen wie k\u00fcnstlerische Taktiken. Mit augenzwinkerndem Humor setzt er Sujets und Darstellungskonventionen aus der Kunstgeschichte wie der Popul\u00e4rkultur ein, um sie zu aktualisieren.<\/p>\n<p>In seiner j\u00fcngsten Serie aus der Ausstellung \u203aImposters\u2039 (2020) pr\u00e4sentiert er Jockeyjacken in Manier von Renaissanceportraits auf gr\u00fcnem Grund. Das Emblem der Jacke ersetzt dabei das individuelle Konterfei.\u00a0Die britische Begeisterung f\u00fcr den Pferderennsport und die Wettleidenschaft stehen hier Pate f\u00fcr ein allgemeineres Ph\u00e4nomen. So sind die Jacken auch Beispiele einer visuellen Sprache die Wiederkennbarkeit einem un\u00fcbersichtlichen Feld des Rennens sicherstellen soll. Im Zeitalter allgegenw\u00e4rtiger Logos oder personalisierter Instagram Accounts zur Selbstvermarktung des Individuums auf digitalen Plattformen, setzten Bradley Davies Portraits humorvolle doch doppelb\u00f6dige Kommentare zur <em>conditio humana<\/em> des 21. Jahrhunderts.<\/p>\n<p>Die Ironie und Mehrdeutigkeit seiner Arbeiten formuliert sich zudem durch die figurative Sprache ihrer Titel. Es sind Wortspiele, deren Bedeutung in der Regel spezifisch f\u00fcr eine bestimmte Sprache oder deren Kultur sind. Davies\u2019 Titel nutzen so verschiedene m\u00f6gliche Bedeutung eines Wortes aus, oder die Tatsache, dass es W\u00f6rter gibt, die gleich klingen, aber unterschiedliche Bedeutungen haben.<\/p>\n<p>Mit \u203aWould I\u2039 (2020) bedient er sich zum Beispiel dem phonetischem Wortspiel aus \u203aWould I\u2039 (W\u00fcrde ich) und \u203aWood eye\u2039 (w\u00f6rtlich: Holzauge). Das \u00d6lgem\u00e4lde zeigt vertikal verlaufende Holzdielen mit zahlreichen Astl\u00f6chern (wood eyes). Durch eins von ihnen erwidert ein Auge unseren Blick.<\/p>\n<p><strong>Bradley Davies (*1990, London, UK) lebt und arbeitet in K\u00f6ln.<\/strong><\/p>\n<p>Nach einem Bachelor an der Glasgow School of Arts schloss er 2017 sein Meisterstudium bei Michael Krebber an der St\u00e4delschule in Frankfurt am Main ab.<\/p>\n<p>2018 erhielt er ein Atelierstipendium des K\u00f6lnischer Kunstverein,\u00a02017 ein Stipendium des\u00a0Frankfurter Verein f\u00fcr K\u00fcnstlerhilfe und wurde\u00a02016 mit dem\u00a0Preis der Landwirtschaftlichen Rentenbank ausgezeichnet.<\/p>\n<p>Seine Werke wurden in internationalen Ausstellungen pr\u00e4sentiert:<br \/>\nClages, K\u00f6ln (2020); Gesellschaft f\u00fcr Aktuelle Kunst, Bremen, DE (2020); Neue Alte Br\u00fccke, Frankfurt am Main, DE (2019), Ralph\u2019s, K\u00f6ln, DE (2019); Temporary Gallery, K\u00f6ln, DE (2019); Tanya Leighton, Berlin, DE (2018); Neuer Essener Kunstverein, Essen, DE (2018); Jochen Hempel, Berlin, DE (2018); Langkatstraat 15, Amsterdam, NL (2018); Alto Refugio, La Paternal, Buenos Aires, ARG (2017); Museum f\u00fcr Moderne Kunst, Frankfurt am Main, DE (2017); Galerie Italy, Frankfurt am Main, DE (2017); Lenbachhaus, M\u00fcnchen, DE (2017); Skyline garden at Skyline Plaza, Frankfurt am Main, DE (2017); Tanya Leighton, Berlin, DE (2017); 12 Star Gallery at Europe House, London, UK (2017).<\/p>\n<p>Die Pressemittelung zur Preisverleihung an Bradley Davies finden Sie <a href=\"https:\/\/www.af-kulturstiftung.de\/wordpress\/wp-content\/uploads\/2021-06-10_PM_WERK.STOFF_Preis2021_BDavies.pdf\">hier<\/a>.<\/p>\n<p><a href=\"https:\/\/www1.wdr.de\/kultur\/kulturnachrichten\/preis-malerei-bradley-davies-100.html\">WDR Pressemitteilung vom 14.06.2021<\/a><\/p>\n<p><a href=\"https:\/\/www.lifepr.de\/inaktiv\/artpress-ute-weingarten\/Die-Andreas-Felger-Kulturstiftung-und-der-Heidelberger-Kunstverein-vergeben-den-WERK-STOFF-Preis-fuer-Malerei-2021-an-Bradley-Davies\/boxid\/852251\">LifePR vom 14.06.2021<\/a><\/p>\n<p><a href=\"https:\/\/www.kunstforum.de\/nachrichten\/werk-stoff-preis-fuer-bradley-davies\/\">Kunstforum vom 15.06.2021<\/a><\/p>\n<p>&nbsp;<\/p>\n<p><strong>\u00dcber den WERK.STOFF Preis f\u00fcr Malerei<\/strong><\/p>\n<p>Der WERK.STOFF Preis f\u00fcr Malerei versteht Malerei als offenen Begriff. \u00dcber die Auffassung des klassischen Leinwandbildes hinaus \u00f6ffnet sich der Preis zeitgen\u00f6ssischen malerischen Praktiken, die u.a. das Repertoire der Materialien und Motivik erweitern und kultur\u00fcbergreifend bisher marginalisierte Bildwelten und Arbeitsweisen einbeziehen, in den Raum greifen, mediale Verkn\u00fcpfungen schaffen oder anderweitig Konventionen der gel\u00e4ufigen Auffassung von Malerei durchbrechen. Damit betont der Preis die Vielstimmigkeit des Mediums, die den fortlaufenden Wandel k\u00fcnstlerischer Produktion und die Diversit\u00e4t von Erfahrung in einer globalisierten Welt widerspiegelt.<\/p>\n<p>Lesen Sie <a href=\"https:\/\/www.af-kulturstiftung.de\/wordpress\/wp-content\/uploads\/2021-03-28_ER-IST-ES-NICHT_FF_3.pdf\">hier einen aktuellen Kommentar<\/a> der Andreas Felger Kulturstiftung zum <strong>WERK.STOFF Preis f\u00fcr Malerei 2021<\/strong>.<\/p>\n<p>Den Ausstellungsflyer zum <strong>WERK.STOFF Preis f\u00fcr Malerei 2021<\/strong> finden Sie <a href=\"https:\/\/www.af-kulturstiftung.de\/wordpress\/wp-content\/uploads\/WERK.STOFF_2021_flyer.pdf\">hier zum Download<\/a>.<\/p>\n<p>Beim WERK.STOFF Preis f\u00fcr Malerei handelt sich um einen bundesweit ausgeschriebenen F\u00f6rderpreis f\u00fcr Kunstschaffende, der im Turnus von drei Jahren vergeben wird. Er richtet sich ohne Altersbeschr\u00e4nkung an in Deutschland lebende K\u00fcnstlerinnen und K\u00fcnstler, die einem gr\u00f6\u00dferen Publikum bisher noch nicht bekannt sind.<\/p>\n<p>Die Nominierung erfolgt durch f\u00fcnf berufene Expertinnen und Experten.<\/p>\n<p><strong>Jana Baumann<\/strong>, Kuratorin, <a href=\"https:\/\/www.sueddeutsche.de\/kultur\/haus-der-kunst-neue-kuratorin-1.4116337\">Haus der Kunst<\/a>, M\u00fcnchen: Veronika Hilger<\/p>\n<p><strong>Julia Grosse &amp; Yvette Mutumba<\/strong>, Kuratorinnen, <a href=\"https:\/\/contemporaryand.com\/\">C&amp;<\/a>, Berlin: Anna Subodnik<\/p>\n<p><strong>Sergej Jensen<\/strong>, <a href=\"https:\/\/www.galeriebuchholz.de\/artists\/sergej-jensen\/\">K\u00fcnstler<\/a>, Berlin: Bradley Davies<\/p>\n<p><strong>Chus Martinez<\/strong>, Kuratorin, <a href=\"https:\/\/www.fhnw.ch\/de\/personen\/chus-martinez\">Institut Kunst<\/a> FHNW HGK Basel: Moj\u00e9 Assefjah<\/p>\n<p><strong>Mathilde ter Heijne<\/strong>, <a href=\"http:\/\/www.terheijne.net\/\">K\u00fcnstlerin,<\/a> <a href=\"https:\/\/www.udk-berlin.de\/personen\/detailansicht\/person\/show\/mathilde-ter-heijne\/\">UdK Berlin<\/a>: Ada van Hoorebeke<\/p>\n<p><a href=\"https:\/\/www.af-kulturstiftung.de\/wordpress\/nominierte-kuenstlerinnen\/\">Entdecken Sie hier die nominierten K\u00fcnstler*innen!<\/a><\/p>\n<p>Die Preisvergabe \u00fcbernimmt eine Jury aus folgenden Museumsfachleuten:<br \/>\n<strong>Ulrike Groos<\/strong>, Direktorin Kunstmuseum Stuttgart,<br \/>\n<strong>Ursula Sch\u00f6ndeling,<\/strong> Direktorin des Heidelberger Kunstvereins,<br \/>\n<strong>Martin Engler<\/strong>, Sammlungsleiter Gegenwartskunst am St\u00e4del, Frankfurt am Main.<\/p>\n<p>Der <strong>WERK.STOFF Preis f\u00fcr Malerei 2021<\/strong> ist mit 10.000 Euro Preisgeld, 10.000 Euro Katalogbeihilfe und einer Folgeausstellung in 2022 dotiert. Das Preisgeld soll es der Preistr\u00e4gerin\/dem Preistr\u00e4ger erm\u00f6glichen, sich w\u00e4hrend einer intensiven Arbeitsphase ganz auf die eigene k\u00fcnstlerische Entwicklung zu konzentrieren.<\/p>\n<\/div><\/div><\/div><\/div><\/div><div class=\"vc_col-sm-6 wpb_column vc_column_container has_bg_color\"><div class=\"vc_column-inner us_custom_057801f8\"><div class=\"wpb_wrapper\"><div class=\"w-slider style_none fit_scaledown nav_none count_5\"><div class=\"w-slider-h\" aria-hidden=\"true\"><div class=\"royalSlider\"><div class=\"rsContent\"><a class=\"rsImg\" data-rsw=\"928\" data-rsh=\"1024\" data-rsBigImg=\"https:\/\/www.af-kulturstiftung.de\/wordpress\/wp-content\/uploads\/DAVIES_PORTFOLIO_2021-11.jpg\" href=\"https:\/\/www.af-kulturstiftung.de\/wordpress\/wp-content\/uploads\/DAVIES_PORTFOLIO_2021-11-928x1024.jpg\"><span data-alt=\"\"><\/span><\/a><div class=\"rsABlock\" data-fadeEffect=\"false\" data-moveEffect=\"none\"><div class=\"w-slider-item-title\">Bradley Davies, The piecemeal with Muammar al-Gaddafi, 2019<\/div><div class=\"w-slider-item-description\">\u00d6l auf Leinen, 90 x 80 cm, Courtesy Clages Foto: Simon Vogel<\/div><\/div><\/div><div class=\"rsContent\"><a class=\"rsImg\" data-rsw=\"577\" data-rsh=\"1024\" data-rsBigImg=\"https:\/\/www.af-kulturstiftung.de\/wordpress\/wp-content\/uploads\/049_1.jpg\" href=\"https:\/\/www.af-kulturstiftung.de\/wordpress\/wp-content\/uploads\/049_1-577x1024.jpg\"><span data-alt=\"\"><\/span><\/a><div class=\"rsABlock\" data-fadeEffect=\"false\" data-moveEffect=\"none\"><div class=\"w-slider-item-title\">Bradley Davies, Repassages \u00e0 Domicile, 2018<\/div><div class=\"w-slider-item-description\">\u00d6l auf Leinen B\u00fcgelbrett, 150 x 47 cm, Courtesy Clages<\/div><\/div><\/div><div class=\"rsContent\"><a class=\"rsImg\" data-rsw=\"869\" data-rsh=\"1024\" data-rsBigImg=\"https:\/\/www.af-kulturstiftung.de\/wordpress\/wp-content\/uploads\/019.jpg\" href=\"https:\/\/www.af-kulturstiftung.de\/wordpress\/wp-content\/uploads\/019-869x1024.jpg\"><span data-alt=\"\"><\/span><\/a><div class=\"rsABlock\" data-fadeEffect=\"false\" data-moveEffect=\"none\"><div class=\"w-slider-item-title\">Bradley Davies, Strawberry Cheescake, 2020<\/div><div class=\"w-slider-item-description\">\u00d6l auf Leinwand, 100 x 85 cm, Courtesy Clages Foto: Simon Vogel<\/div><\/div><\/div><div class=\"rsContent\"><a class=\"rsImg\" data-rsw=\"898\" data-rsh=\"1024\" data-rsBigImg=\"https:\/\/www.af-kulturstiftung.de\/wordpress\/wp-content\/uploads\/048_web.jpg\" href=\"https:\/\/www.af-kulturstiftung.de\/wordpress\/wp-content\/uploads\/048_web-898x1024.jpg\"><span data-alt=\"\"><\/span><\/a><div class=\"rsABlock\" data-fadeEffect=\"false\" data-moveEffect=\"none\"><div class=\"w-slider-item-title\">Bradley Davies, Choclate Mint, 2020<\/div><div class=\"w-slider-item-description\">\u00d6l auf Leinen, 100 x 85 cm, Courtesy Clages Foto: Simon Vogel<\/div><\/div><\/div><div class=\"rsContent\"><a class=\"rsImg\" data-rsw=\"921\" data-rsh=\"1024\" data-rsBigImg=\"https:\/\/www.af-kulturstiftung.de\/wordpress\/wp-content\/uploads\/045.jpg\" href=\"https:\/\/www.af-kulturstiftung.de\/wordpress\/wp-content\/uploads\/045-921x1024.jpg\"><span data-alt=\"\"><\/span><\/a><div class=\"rsABlock\" data-fadeEffect=\"false\" data-moveEffect=\"none\"><div class=\"w-slider-item-title\">Bradley Davies, Wood I, 2020<\/div><div class=\"w-slider-item-description\">\u00d6l auf Leinwand, 50 x 45 cm, Courtesy Clages Foto: Simon Vogel<\/div><\/div><\/div><\/div><img decoding=\"async\" src=\"https:\/\/www.af-kulturstiftung.de\/wordpress\/wp-content\/uploads\/DAVIES_PORTFOLIO_2021-11-928x1024.jpg\" width=\"928\" height=\"1024\" alt loading=\"lazy\"><\/div><div class=\"w-slider-json\" onclick='return {&quot;autoScaleSlider&quot;:true,&quot;addActiveClass&quot;:true,&quot;loop&quot;:true,&quot;fadeInLoadedSlide&quot;:false,&quot;slidesSpacing&quot;:0,&quot;imageScalePadding&quot;:0,&quot;numImagesToPreload&quot;:2,&quot;arrowsNav&quot;:true,&quot;arrowsNavAutoHide&quot;:false,&quot;transitionType&quot;:&quot;move&quot;,&quot;transitionSpeed&quot;:250,&quot;block&quot;:{&quot;moveEffect&quot;:&quot;none&quot;,&quot;speed&quot;:300},&quot;thumbs&quot;:{&quot;fitInViewport&quot;:false,&quot;firstMargin&quot;:false,&quot;spacing&quot;:4},&quot;controlNavigation&quot;:&quot;none&quot;,&quot;autoplay&quot;:{&quot;enabled&quot;:true,&quot;pauseOnHover&quot;:true,&quot;delay&quot;:3000},&quot;fullscreen&quot;:{&quot;enabled&quot;:true},&quot;autoScaleSliderWidth&quot;:928,&quot;autoScaleSliderHeight&quot;:1024}'><\/div><\/div><div class=\"w-tabs style_default switch_click accordion has_scrolling\" style=\"--sections-title-size:inherit\"><div class=\"w-tabs-sections titles-align_none icon_chevron cpos_right\"><div class=\"w-tabs-section\" id=\"l42a\"><button class=\"w-tabs-section-header\" aria-controls=\"content-l42a\" aria-expanded=\"false\"><div class=\"w-tabs-section-title\">Veranstaltungsdetails<\/div><div class=\"w-tabs-section-control\"><\/div><\/button><div  class=\"w-tabs-section-content\" id=\"content-l42a\"><div class=\"w-tabs-section-content-h i-cf\"><div class=\"wpb_text_column\"><div class=\"wpb_wrapper\"><p><strong>18. April &#8211; 13. Juni\u00a0 2021<\/strong><\/p>\n<p><strong>VERNISSAGE<\/strong><br \/>\n<strong>Samstag, 17. April, 14 &#8211; 17 Uhr<\/strong><\/p>\n<p><strong>FINNISSAGE und PREISVERLEIHUNG<\/strong><br \/>\n<strong>Sonntag 13. Juni 2021, 14 &#8211; 17 Uhr<\/strong><\/p>\n<p><strong>Heidelberger Kunstverein<\/strong><br \/>\nHauptstra\u00dfe 97<br \/>\n69117 Heidelberg<\/p>\n<p>Tel. +49 6221\u2009\u2013\u2009184086<br \/>\nhdkv@hdkv.de<br \/>\n<a href=\"https:\/\/www.hdkv.de\">www.hdkv.de<\/a><\/p>\n<\/div><\/div><\/div><\/div><\/div><\/div><\/div><\/div><\/div><\/div><\/div><\/div><\/section>\n","protected":false},"excerpt":{"rendered":"Der WERK.STOFF Preis f\u00fcr Malerei 2021 geht an: BRADLEY DAVIES! &nbsp; Wir begl\u00fcckw\u00fcnschen Bradley Davies als Preistr\u00e4ger des WERK.STOFF Preis f\u00fcr Malerei 2021, verliehen von der Andreas Felger Kulturstiftung und dem Heidelberger Kunstverein. In der Begr\u00fcndug der Jury hei\u00dft es: \u201eBradley Davies Malerei verbindet das Absurde mit dem Gesellschaftlichen, das verspielt Ironische mit dem konkret...","protected":false},"author":6,"featured_media":0,"parent":0,"menu_order":0,"comment_status":"closed","ping_status":"closed","template":"","meta":{"h5ap_radio_sources":[],"footnotes":""},"class_list":["post-8793","page","type-page","status-publish","hentry"],"_links":{"self":[{"href":"https:\/\/www.af-kulturstiftung.de\/wordpress\/wp-json\/wp\/v2\/pages\/8793","targetHints":{"allow":["GET"]}}],"collection":[{"href":"https:\/\/www.af-kulturstiftung.de\/wordpress\/wp-json\/wp\/v2\/pages"}],"about":[{"href":"https:\/\/www.af-kulturstiftung.de\/wordpress\/wp-json\/wp\/v2\/types\/page"}],"author":[{"embeddable":true,"href":"https:\/\/www.af-kulturstiftung.de\/wordpress\/wp-json\/wp\/v2\/users\/6"}],"replies":[{"embeddable":true,"href":"https:\/\/www.af-kulturstiftung.de\/wordpress\/wp-json\/wp\/v2\/comments?post=8793"}],"version-history":[{"count":0,"href":"https:\/\/www.af-kulturstiftung.de\/wordpress\/wp-json\/wp\/v2\/pages\/8793\/revisions"}],"wp:attachment":[{"href":"https:\/\/www.af-kulturstiftung.de\/wordpress\/wp-json\/wp\/v2\/media?parent=8793"}],"curies":[{"name":"wp","href":"https:\/\/api.w.org\/{rel}","templated":true}]}}