{"id":8697,"date":"2021-03-14T23:49:41","date_gmt":"2021-03-14T22:49:41","guid":{"rendered":"https:\/\/www1.af-kulturstiftung.de\/?page_id=8697"},"modified":"2025-04-04T17:58:02","modified_gmt":"2025-04-04T15:58:02","slug":"fremdling-du","status":"publish","type":"page","link":"https:\/\/www.af-kulturstiftung.de\/wordpress\/werkzyklen\/fremdling-du\/","title":{"rendered":"Fremdling Du"},"content":{"rendered":"<section class=\"l-section wpb_row us_custom_d971738f height_medium\"><div class=\"l-section-h i-cf\"><div class=\"g-cols vc_row via_flex valign_top type_default stacking_default\"><div class=\"vc_col-sm-6 wpb_column vc_column_container\"><div class=\"vc_column-inner\"><div class=\"wpb_wrapper\"><div class=\"wpb_text_column\"><div class=\"wpb_wrapper\"><h4><a href=\"\/wordpress\/werkzyklen\/\">WERKZYKLEN<\/a> \/ FREMDLING DU<\/h4>\n<\/div><\/div><\/div><\/div><\/div><div class=\"vc_col-sm-6 wpb_column vc_column_container\"><div class=\"vc_column-inner\"><div class=\"wpb_wrapper\"><div class=\"wpb_text_column\"><div class=\"wpb_wrapper\"><p><strong>Fremdling Du \u2013 Stranger Mine<\/strong><\/p>\n<p>Inspiriert durch das Melodram von Arnold Sch\u00f6nberg <strong>Ein \u00dcberlebender aus Warschau<\/strong> realisiert Andreas Felger 1986 den Holzschnittzyklus <strong>Fremdling Du<\/strong> mit f\u00fcnf eindrucksvollen Farbholzschnitten.<\/p>\n<p>Der deutsch-israelische Lyriker Yehuda Amichai schreibt im gleichnamigen Buch, das 1993 im Pr\u00e4senz Verlag dazu erschien: <div class=\"bg-margin-for-link\"><input type='hidden' bg_collapse_expand='6a04075ddd8714046639544' value='6a04075ddd8714046639544'><input type='hidden' id='bg-show-more-text-6a04075ddd8714046639544' value='Weiterlesen...'><input type='hidden' id='bg-show-less-text-6a04075ddd8714046639544' value='weniger...'><div id='bg-showmore-hidden-6a04075ddd8714046639544' ><\/p>\n<p>&gt;Das ber\u00fchmte Wort Adornos \u00fcber die Unm\u00f6glichkeit des menschlichen Ausdrucks nach Auschwitz ist immer noch in unserem Bewusstsein. Es ist die Wahrheit \u00fcber die Machtlosigkeit und Nutzlosigkeit des menschlichen Wortes, wenn das Schlimmste geschieht. Worte wie \u201ees ist unbeschreiblich\u201c sind h\u00e4ufig zu h\u00f6ren, und \u201eman ringt nach Worten\u201c ist ein hoffnungsloser Ringkampf. Trotz alledem sammeln sich die Worte von neuem. Vielleicht sammeln sie sich zu einem Damm, um neue Katastrophen zu stauen, Vielleicht war es auch ein Versuch, der in diesem Ausstellungsprojekt gemacht wurde, das Wort zu verlassen und Bild und Musik als Ausdrucksmittel zu benutzen.<br \/>\nDaf\u00fcr haben Felger und Sch\u00f6nberg ihre Kunst eingesetzt. Es sind keine konkreten, dokumentarischen Bilder, es sind Brocken und St\u00fccke aus dem Holocaust.<br \/>\nSiebzig Jahre sind nichts in der Geschichte, aber im menschlichen Leben sind Dinge, die vor siebzig Jahren geschahen, schon fast Arch\u00e4ologie. Daher die einzelnen Bruchteile, Stiefel, halbe Gesichter, Helme, Gewehrst\u00fccke, wie man sie bei Ausgrabungen zu Tage schafft. All dies Denkm\u00e4ler im urspr\u00fcnglichsten Sinne des Wortes: Ein Mal, das uns nicht nur erinnern macht, sondern auch denkend. Erinnern, ersch\u00fcttern und denken: diese drei sollen einen Holocaust nie wieder kommen lassen.&lt;<\/p>\n<p>Andreas Felger hat verschiedene Werkgruppen und Zyklen geschaffen, die inhaltliche Einheiten bilden. Im Sinne von Wanderausstellungen sind sie auf Anfrage aus dem Stiftungsbestand <a href=\"\/wordpress\/index.php\/ausstellung-buchen\/\">entleihbar<\/a>.<\/p>\n<p><\/div><\/div><a id='bg-showmore-action-6a04075ddd8714046639544' class='bg-showmore-plg-link bg-arrow '  style=\" color:#72777c;;\" href='#'>Weiterlesen...<\/a><\/p>\n<\/div><\/div><\/div><\/div><\/div><\/div><\/div><\/section><section class=\"l-section wpb_row us_custom_d984a24d height_small\"><div class=\"l-section-h i-cf\"><div class=\"g-cols vc_row via_flex valign_top type_default stacking_default\"><div class=\"vc_col-sm-12 wpb_column vc_column_container\"><div class=\"vc_column-inner\"><div class=\"wpb_wrapper\"><div class=\"w-separator size_huge\"><\/div><div class=\"w-grid us_grid type_grid layout_6333 cols_4 preload_style_spinner\" id=\"us_grid_1\" style=\"--columns:4;--gap:1.5rem;\" data-filterable=\"true\"><style>@media (max-width:1280px){#us_grid_1{--columns:3!important}}@media (max-width:1024px){#us_grid_1{--columns:2!important}}@media (max-width:600px){#us_grid_1{--columns:1!important}}.layout_6333 .w-grid-item-h{}.layout_6333 .usg_post_image_1{margin-bottom:1rem!important}.layout_6333 .usg_post_content_1{margin-top:0.5rem!important}<\/style><div class=\"w-grid-list\">\t<article class=\"w-grid-item size_1x1 post-8699 post type-post status-publish format-standard has-post-thumbnail hentry category-fremdling-du\" data-id=\"8699\">\r\n\t\t<div class=\"w-grid-item-h\">\r\n\t\t\t\t\t\t<div class=\"w-post-elm post_image usg_post_image_1 stretched\"><a href=\"https:\/\/www.af-kulturstiftung.de\/wordpress\/af_hs_86_0005\/\" aria-label=\"AF_HS_86_0005\"><img loading=\"lazy\" decoding=\"async\" width=\"768\" height=\"635\" src=\"https:\/\/www.af-kulturstiftung.de\/wordpress\/wp-content\/uploads\/AF_HS_86_0005-768x635.jpg\" class=\"attachment-us_768_0 size-us_768_0 wp-post-image\" alt=\"\" srcset=\"https:\/\/www.af-kulturstiftung.de\/wordpress\/wp-content\/uploads\/AF_HS_86_0005-768x635.jpg 768w, https:\/\/www.af-kulturstiftung.de\/wordpress\/wp-content\/uploads\/AF_HS_86_0005-300x248.jpg 300w, https:\/\/www.af-kulturstiftung.de\/wordpress\/wp-content\/uploads\/AF_HS_86_0005-1024x847.jpg 1024w, https:\/\/www.af-kulturstiftung.de\/wordpress\/wp-content\/uploads\/AF_HS_86_0005-150x124.jpg 150w, https:\/\/www.af-kulturstiftung.de\/wordpress\/wp-content\/uploads\/AF_HS_86_0005.jpg 1200w\" sizes=\"auto, (max-width: 768px) 100vw, 768px\" \/><\/a><\/div><div class=\"w-post-elm post_content usg_post_content_1\"><p>Fremdling Du I<br \/>\n1986<br \/>\nHolzdruck auf Papier<br \/>\n57,5 x 68 cm<\/p>\n<\/div>\t\t<\/div>\r\n\t\t\t<\/article>\r\n\t<article class=\"w-grid-item size_1x1 post-8706 post type-post status-publish format-standard has-post-thumbnail hentry category-fremdling-du\" data-id=\"8706\">\r\n\t\t<div class=\"w-grid-item-h\">\r\n\t\t\t\t\t\t<div class=\"w-post-elm post_image usg_post_image_1 stretched\"><a href=\"https:\/\/www.af-kulturstiftung.de\/wordpress\/af_hs_86_0006\/\" aria-label=\"AF_HS_86_0006\"><img loading=\"lazy\" decoding=\"async\" width=\"768\" height=\"632\" src=\"https:\/\/www.af-kulturstiftung.de\/wordpress\/wp-content\/uploads\/AF_HS_86_0006-768x632.jpg\" class=\"attachment-us_768_0 size-us_768_0 wp-post-image\" alt=\"\" srcset=\"https:\/\/www.af-kulturstiftung.de\/wordpress\/wp-content\/uploads\/AF_HS_86_0006-768x632.jpg 768w, https:\/\/www.af-kulturstiftung.de\/wordpress\/wp-content\/uploads\/AF_HS_86_0006-300x247.jpg 300w, https:\/\/www.af-kulturstiftung.de\/wordpress\/wp-content\/uploads\/AF_HS_86_0006-1024x843.jpg 1024w, https:\/\/www.af-kulturstiftung.de\/wordpress\/wp-content\/uploads\/AF_HS_86_0006-150x124.jpg 150w, https:\/\/www.af-kulturstiftung.de\/wordpress\/wp-content\/uploads\/AF_HS_86_0006.jpg 1200w\" sizes=\"auto, (max-width: 768px) 100vw, 768px\" \/><\/a><\/div><div class=\"w-post-elm post_content usg_post_content_1\"><p>Fremdling Du II<br \/>\n1986<br \/>\nHolzdruck auf Papier<br \/>\n57,5 x 68 cm<\/p>\n<\/div>\t\t<\/div>\r\n\t\t\t<\/article>\r\n\t<article class=\"w-grid-item size_1x1 post-8708 post type-post status-publish format-standard has-post-thumbnail hentry category-fremdling-du\" data-id=\"8708\">\r\n\t\t<div class=\"w-grid-item-h\">\r\n\t\t\t\t\t\t<div class=\"w-post-elm post_image usg_post_image_1 stretched\"><a href=\"https:\/\/www.af-kulturstiftung.de\/wordpress\/af_hs_86_0007\/\" aria-label=\"AF_HS_86_0007\"><img loading=\"lazy\" decoding=\"async\" width=\"768\" height=\"625\" src=\"https:\/\/www.af-kulturstiftung.de\/wordpress\/wp-content\/uploads\/AF_HS_86_0007-768x625.jpg\" class=\"attachment-us_768_0 size-us_768_0 wp-post-image\" alt=\"\" srcset=\"https:\/\/www.af-kulturstiftung.de\/wordpress\/wp-content\/uploads\/AF_HS_86_0007-768x625.jpg 768w, https:\/\/www.af-kulturstiftung.de\/wordpress\/wp-content\/uploads\/AF_HS_86_0007-300x244.jpg 300w, https:\/\/www.af-kulturstiftung.de\/wordpress\/wp-content\/uploads\/AF_HS_86_0007-1024x833.jpg 1024w, https:\/\/www.af-kulturstiftung.de\/wordpress\/wp-content\/uploads\/AF_HS_86_0007-150x122.jpg 150w, https:\/\/www.af-kulturstiftung.de\/wordpress\/wp-content\/uploads\/AF_HS_86_0007.jpg 1200w\" sizes=\"auto, (max-width: 768px) 100vw, 768px\" \/><\/a><\/div><div class=\"w-post-elm post_content usg_post_content_1\"><p>Fremdling Du III<br \/>\n1986<br \/>\nHolzdruck auf Papier<br \/>\n57,5 x 68 cm<\/p>\n<\/div>\t\t<\/div>\r\n\t\t\t<\/article>\r\n\t<article class=\"w-grid-item size_1x1 post-8710 post type-post status-publish format-standard has-post-thumbnail hentry category-fremdling-du\" data-id=\"8710\">\r\n\t\t<div class=\"w-grid-item-h\">\r\n\t\t\t\t\t\t<div class=\"w-post-elm post_image usg_post_image_1 stretched\"><a href=\"https:\/\/www.af-kulturstiftung.de\/wordpress\/af_hs_86_0008\/\" aria-label=\"AF_HS_86_0008\"><img loading=\"lazy\" decoding=\"async\" width=\"768\" height=\"641\" src=\"https:\/\/www.af-kulturstiftung.de\/wordpress\/wp-content\/uploads\/AF_HS_86_0008-768x641.jpg\" class=\"attachment-us_768_0 size-us_768_0 wp-post-image\" alt=\"\" srcset=\"https:\/\/www.af-kulturstiftung.de\/wordpress\/wp-content\/uploads\/AF_HS_86_0008-768x641.jpg 768w, https:\/\/www.af-kulturstiftung.de\/wordpress\/wp-content\/uploads\/AF_HS_86_0008-300x251.jpg 300w, https:\/\/www.af-kulturstiftung.de\/wordpress\/wp-content\/uploads\/AF_HS_86_0008-1024x855.jpg 1024w, https:\/\/www.af-kulturstiftung.de\/wordpress\/wp-content\/uploads\/AF_HS_86_0008-150x125.jpg 150w, https:\/\/www.af-kulturstiftung.de\/wordpress\/wp-content\/uploads\/AF_HS_86_0008.jpg 1200w\" sizes=\"auto, (max-width: 768px) 100vw, 768px\" \/><\/a><\/div><div class=\"w-post-elm post_content usg_post_content_1\"><p>Fremdling Du IV<br \/>\n1986<br \/>\nHolzdruck auf Papier<br \/>\n57,5 x 68 cm<\/p>\n<\/div>\t\t<\/div>\r\n\t\t\t<\/article>\r\n\t<article class=\"w-grid-item size_1x1 post-8754 post type-post status-publish format-standard has-post-thumbnail hentry category-fremdling-du\" data-id=\"8754\">\r\n\t\t<div class=\"w-grid-item-h\">\r\n\t\t\t\t\t\t<div class=\"w-post-elm post_image usg_post_image_1 stretched\"><a href=\"https:\/\/www.af-kulturstiftung.de\/wordpress\/af_hs_86_0009\/\" aria-label=\"AF_HS_86_0009\"><img loading=\"lazy\" decoding=\"async\" width=\"768\" height=\"630\" src=\"https:\/\/www.af-kulturstiftung.de\/wordpress\/wp-content\/uploads\/AF_HS_86_0009-1-768x630.jpg\" class=\"attachment-us_768_0 size-us_768_0 wp-post-image\" alt=\"\" srcset=\"https:\/\/www.af-kulturstiftung.de\/wordpress\/wp-content\/uploads\/AF_HS_86_0009-1-768x630.jpg 768w, https:\/\/www.af-kulturstiftung.de\/wordpress\/wp-content\/uploads\/AF_HS_86_0009-1-300x246.jpg 300w, https:\/\/www.af-kulturstiftung.de\/wordpress\/wp-content\/uploads\/AF_HS_86_0009-1-1024x840.jpg 1024w, https:\/\/www.af-kulturstiftung.de\/wordpress\/wp-content\/uploads\/AF_HS_86_0009-1-150x123.jpg 150w, https:\/\/www.af-kulturstiftung.de\/wordpress\/wp-content\/uploads\/AF_HS_86_0009-1.jpg 1152w\" sizes=\"auto, (max-width: 768px) 100vw, 768px\" \/><\/a><\/div><div class=\"w-post-elm post_content usg_post_content_1\"><p>Fremdling Du V<br \/>\n1986<br \/>\nHolzdruck auf Papier<br \/>\n57,5 x 68 cm<\/p>\n<\/div>\t\t<\/div>\r\n\t\t\t<\/article>\r\n<\/div>\t<div class=\"w-grid-preloader\">\r\n\t\t<div class=\"g-preloader type_1\">\r\n\t\t\t<div><\/div>\r\n\t\t<\/div>\r\n\t<\/div>\r\n\t\t<div class=\"w-grid-json hidden\" onclick='return {&quot;action&quot;:&quot;us_ajax_grid&quot;,&quot;infinite_scroll&quot;:0,&quot;max_num_pages&quot;:1,&quot;pagination&quot;:&quot;none&quot;,&quot;template_vars&quot;:{&quot;columns&quot;:&quot;4&quot;,&quot;exclude_items&quot;:&quot;none&quot;,&quot;img_size&quot;:&quot;us_768_0&quot;,&quot;ignore_items_size&quot;:0,&quot;items_layout&quot;:&quot;6333&quot;,&quot;items_offset&quot;:&quot;1&quot;,&quot;load_animation&quot;:&quot;none&quot;,&quot;overriding_link&quot;:&quot;{\\&quot;url\\&quot;:\\&quot;\\&quot;}&quot;,&quot;post_id&quot;:0,&quot;query_args&quot;:{&quot;post_type&quot;:[&quot;post&quot;],&quot;tax_query&quot;:[{&quot;taxonomy&quot;:&quot;category&quot;,&quot;field&quot;:&quot;slug&quot;,&quot;terms&quot;:[&quot;fremdling-du&quot;]}],&quot;post_status&quot;:[&quot;publish&quot;],&quot;posts_per_page&quot;:&quot;50&quot;},&quot;orderby_query_args&quot;:{&quot;orderby&quot;:{&quot;date&quot;:&quot;ASC&quot;}},&quot;type&quot;:&quot;grid&quot;,&quot;us_grid_post_type&quot;:&quot;post&quot;,&quot;us_grid_ajax_index&quot;:1,&quot;us_grid_filter_query_string&quot;:null,&quot;us_grid_index&quot;:1,&quot;page_args&quot;:[]}}'><\/div>\r\n\t<\/div><\/div><\/div><\/div><\/div><\/div><\/section><section class=\"l-section wpb_row height_medium\"><div class=\"l-section-h i-cf\"><div class=\"g-cols vc_row via_flex valign_top type_default stacking_default\"><div class=\"vc_col-sm-12 wpb_column vc_column_container\"><div class=\"vc_column-inner\"><div class=\"wpb_wrapper\"><\/div><\/div><\/div><\/div><\/div><\/section>\n","protected":false},"excerpt":{"rendered":"WERKZYKLEN \/ FREMDLING DU Andreas Felger, Fremdling Du V (nach dem Melodram von Arnold Sch\u00f6nberg \"Ein \u00dcberlebender aus Warschau\"), 1986Holzdruck auf Papier, 57,5 x 68 cm \u00a9 AFKSFremdling Du V 1986 Holzdruck auf Papier 57,5 x 68 cm nach dem Melodram von Arnold Sch\u00f6nberg &#8222;Ein \u00dcberlebender aus Warschau&#8220; unverk\u00e4uflich als Gesamtzyklus entleihbar f\u00fcr Ausstellungen zur\u00fcck...","protected":false},"author":6,"featured_media":8695,"parent":2890,"menu_order":0,"comment_status":"closed","ping_status":"closed","template":"","meta":{"h5ap_radio_sources":[],"footnotes":""},"class_list":["post-8697","page","type-page","status-publish","has-post-thumbnail","hentry"],"_links":{"self":[{"href":"https:\/\/www.af-kulturstiftung.de\/wordpress\/wp-json\/wp\/v2\/pages\/8697","targetHints":{"allow":["GET"]}}],"collection":[{"href":"https:\/\/www.af-kulturstiftung.de\/wordpress\/wp-json\/wp\/v2\/pages"}],"about":[{"href":"https:\/\/www.af-kulturstiftung.de\/wordpress\/wp-json\/wp\/v2\/types\/page"}],"author":[{"embeddable":true,"href":"https:\/\/www.af-kulturstiftung.de\/wordpress\/wp-json\/wp\/v2\/users\/6"}],"replies":[{"embeddable":true,"href":"https:\/\/www.af-kulturstiftung.de\/wordpress\/wp-json\/wp\/v2\/comments?post=8697"}],"version-history":[{"count":0,"href":"https:\/\/www.af-kulturstiftung.de\/wordpress\/wp-json\/wp\/v2\/pages\/8697\/revisions"}],"up":[{"embeddable":true,"href":"https:\/\/www.af-kulturstiftung.de\/wordpress\/wp-json\/wp\/v2\/pages\/2890"}],"wp:featuredmedia":[{"embeddable":true,"href":"https:\/\/www.af-kulturstiftung.de\/wordpress\/wp-json\/wp\/v2\/media\/8695"}],"wp:attachment":[{"href":"https:\/\/www.af-kulturstiftung.de\/wordpress\/wp-json\/wp\/v2\/media?parent=8697"}],"curies":[{"name":"wp","href":"https:\/\/api.w.org\/{rel}","templated":true}]}}