{"id":8611,"date":"2021-03-14T18:28:50","date_gmt":"2021-03-14T17:28:50","guid":{"rendered":"https:\/\/www1.af-kulturstiftung.de\/?page_id=8611"},"modified":"2025-06-20T16:49:11","modified_gmt":"2025-06-20T14:49:11","slug":"werke-der-barmherzigkeit","status":"publish","type":"page","link":"https:\/\/www.af-kulturstiftung.de\/wordpress\/werkzyklen\/werke-der-barmherzigkeit\/","title":{"rendered":"Werke der Barmherzigkeit"},"content":{"rendered":"<section class=\"l-section wpb_row us_custom_d971738f height_medium\"><div class=\"l-section-h i-cf\"><div class=\"g-cols vc_row via_flex valign_top type_default stacking_default\"><div class=\"vc_col-sm-6 wpb_column vc_column_container\"><div class=\"vc_column-inner\"><div class=\"wpb_wrapper\"><div class=\"wpb_text_column\"><div class=\"wpb_wrapper\"><h4><a href=\"\/wordpress\/werkzyklen\/\">WERKZYKLEN<\/a> \/ Werke der Barmherzigkeit<\/h4>\n<\/div><\/div><\/div><\/div><\/div><div class=\"vc_col-sm-6 wpb_column vc_column_container\"><div class=\"vc_column-inner\"><div class=\"wpb_wrapper\"><div class=\"wpb_text_column\"><div class=\"wpb_wrapper\"><p>Der Holzschnitt-Zyklus von Andreas Felger <strong>Werke der Barmherzigkeit<\/strong> bezieht sich inhaltlich auf die Endzeitreden Jesu in Matth\u00e4us 25, 34\u201346, die sich in der katechetischen Tradition der Kirche \u00fcber die Jahrhunderte als Bestandteil der <em>Sieben Werke der Barmherzigkeit<\/em> etabliert haben.<div class=\"bg-margin-for-link\"><input type='hidden' bg_collapse_expand='69d242dfc777a1083082159' value='69d242dfc777a1083082159'><input type='hidden' id='bg-show-more-text-69d242dfc777a1083082159' value='Weiterlesen...'><input type='hidden' id='bg-show-less-text-69d242dfc777a1083082159' value='weniger...'><div id='bg-showmore-hidden-69d242dfc777a1083082159' ><\/p>\n<p>Andreas Felger hat diesen Zyklus 1989 im Auftrag von Pfarrer Heinz-G\u00fcnther Gasche, dem Vorstandsvorsitzenden des diakonischen Werks Hessen und Nassau f\u00fcr die Landesgesch\u00e4ftsstelle in Frankfurt a. M. geschaffen, wo er viele Jahre im Eingangsbereich hing.<\/p>\n<p>In der k\u00fcnstlerischen Auseinandersetzung mit den <em>Sieben Werken der Barmherzigkeit<\/em> war f\u00fcr Andreas Felger in besonderer Weise das Tun der Barmherzigkeit als &gt;Identifikation mit den Notleidenden&lt; (misericordia) wichtig, das er in der Technik des Holzschnittes zum Ausdruck bringt. Die vielen schwungvollen Schnittlinien, die in jedem Bild des Zyklus\u2019 mal mehr, mal etwas weniger zu sehen sind, konturieren die dargestellten Personen nicht nur, sondern setzen sie in eine dynamische Beziehung, in welcher Identifikation erkennbar wird. Besonders sichtbar wird das in dem Bild &gt;Gefangene l\u00f6sen&lt;, in dem die Fesseln sich mit den t\u00e4tigen Armen der L\u00f6senden verbinden und nicht mehr unterscheidbar ist, wer eigentlich gefesselt ist und wer die Fesseln l\u00f6st. Oder im Bild &gt;Kranke besuchen&lt;, in dem die konturierenden Linien der Bettdecke \u00fcbergehen in die Konturen der Kleidung des Besuchers. All dies sind Hinweise auf die Identifikation mit den Notleidenden.<\/p>\n<p>Andreas Felger hat sich bei dieser Thematik bewusst f\u00fcr die Technik des Holzschnittes (und nicht f\u00fcr die der Aquarell- oder \u00d6lmalerei) entschieden, weil der Holzschnitt zum einen mit seiner rauen und rissigen Oberfl\u00e4chenstruktur schon auf haptischer Ebene die hier gew\u00e4hlte Thematik aufgreift und unterstreicht, und zum anderen, weil der Holzschnitt keine Korrektur erlaubt. Schnitte m\u00fcssen sitzen. Was weg ist vom Holz, ist weg, und kann nicht im Nachhinein korrigiert bzw. wieder angebracht werden. K\u00fcnstlerisch das Richtige zu tun korreliert mit der Thematik, denn ein Werk der Barmherzigkeit an einer konkreten Person in einer konkreten Stunde kann ebenso nicht korrigiert werden. Entweder findet das Werk zu gegebener und verantworteter Zeit statt oder es wird vers\u00e4umt. Ein Nachholen ist nicht mehr m\u00f6glich.<\/p>\n<p>Andreas Felger hat verschiedene Werkgruppen und Zyklen geschaffen, die inhaltliche Einheiten bilden. Im Sinne von Wanderausstellungen sind sie auf Anfrage aus dem Stiftungsbestand <a href=\"\/wordpress\/ausstellung-buchen\/\">entleihbar<\/a>.<\/p>\n<p><\/div><\/div><a id='bg-showmore-action-69d242dfc777a1083082159' class='bg-showmore-plg-link bg-arrow '  style=\" color:#72777c;;\" href='#'>Weiterlesen...<\/a><\/p>\n<\/div><\/div><\/div><\/div><\/div><\/div><\/div><\/section><section class=\"l-section wpb_row us_custom_d984a24d height_small\"><div class=\"l-section-h i-cf\"><div class=\"g-cols vc_row via_flex valign_top type_default stacking_default\"><div class=\"vc_col-sm-12 wpb_column vc_column_container\"><div class=\"vc_column-inner\"><div class=\"wpb_wrapper\"><div class=\"w-separator size_huge\"><\/div><div class=\"w-grid us_grid type_grid layout_6333 cols_4 preload_style_spinner\" id=\"us_grid_1\" style=\"--columns:4;--gap:1.5rem;\" data-filterable=\"true\"><style>@media (max-width:1280px){#us_grid_1{--columns:3!important}}@media (max-width:1024px){#us_grid_1{--columns:2!important}}@media (max-width:600px){#us_grid_1{--columns:1!important}}.layout_6333 .w-grid-item-h{}.layout_6333 .usg_post_image_1{margin-bottom:1rem!important}.layout_6333 .usg_post_content_1{margin-top:0.5rem!important}<\/style><div class=\"w-grid-list\">\t<article class=\"w-grid-item size_1x1 post-8643 post type-post status-publish format-standard has-post-thumbnail hentry category-werke-der-barmherzigkeit\" data-id=\"8643\">\r\n\t\t<div class=\"w-grid-item-h\">\r\n\t\t\t\t\t\t<div class=\"w-post-elm post_image usg_post_image_1 stretched\"><a href=\"https:\/\/www.af-kulturstiftung.de\/wordpress\/af_hs_89_0011\/\" aria-label=\"AF_HS_89_0011\"><img loading=\"lazy\" decoding=\"async\" width=\"768\" height=\"1144\" src=\"https:\/\/www.af-kulturstiftung.de\/wordpress\/wp-content\/uploads\/AF_HS_89_0011-768x1144.jpg\" class=\"attachment-us_768_0 size-us_768_0 wp-post-image\" alt=\"\" srcset=\"https:\/\/www.af-kulturstiftung.de\/wordpress\/wp-content\/uploads\/AF_HS_89_0011-768x1144.jpg 768w, https:\/\/www.af-kulturstiftung.de\/wordpress\/wp-content\/uploads\/AF_HS_89_0011-201x300.jpg 201w, https:\/\/www.af-kulturstiftung.de\/wordpress\/wp-content\/uploads\/AF_HS_89_0011-687x1024.jpg 687w, https:\/\/www.af-kulturstiftung.de\/wordpress\/wp-content\/uploads\/AF_HS_89_0011-101x150.jpg 101w, https:\/\/www.af-kulturstiftung.de\/wordpress\/wp-content\/uploads\/AF_HS_89_0011.jpg 1039w\" sizes=\"auto, (max-width: 768px) 100vw, 768px\" \/><\/a><\/div><div class=\"w-post-elm post_content usg_post_content_1\"><p>Gefangene l\u00f6sen<br \/>\nWerke der Barmherzigkeit I<br \/>\n1989<br \/>\nHolzdruck auf Papier<br \/>\n121 x 81 cm<\/p>\n<\/div>\t\t<\/div>\r\n\t\t\t<\/article>\r\n\t<article class=\"w-grid-item size_1x1 post-8647 post type-post status-publish format-standard has-post-thumbnail hentry category-werke-der-barmherzigkeit\" data-id=\"8647\">\r\n\t\t<div class=\"w-grid-item-h\">\r\n\t\t\t\t\t\t<div class=\"w-post-elm post_image usg_post_image_1 stretched\"><a href=\"https:\/\/www.af-kulturstiftung.de\/wordpress\/af_hs_89_0012\/\" aria-label=\"AF_HS_89_0012\"><img loading=\"lazy\" decoding=\"async\" width=\"768\" height=\"1151\" src=\"https:\/\/www.af-kulturstiftung.de\/wordpress\/wp-content\/uploads\/AF_HS_89_0012-768x1151.jpg\" class=\"attachment-us_768_0 size-us_768_0 wp-post-image\" alt=\"\" srcset=\"https:\/\/www.af-kulturstiftung.de\/wordpress\/wp-content\/uploads\/AF_HS_89_0012-768x1151.jpg 768w, https:\/\/www.af-kulturstiftung.de\/wordpress\/wp-content\/uploads\/AF_HS_89_0012-200x300.jpg 200w, https:\/\/www.af-kulturstiftung.de\/wordpress\/wp-content\/uploads\/AF_HS_89_0012-683x1024.jpg 683w, https:\/\/www.af-kulturstiftung.de\/wordpress\/wp-content\/uploads\/AF_HS_89_0012-100x150.jpg 100w, https:\/\/www.af-kulturstiftung.de\/wordpress\/wp-content\/uploads\/AF_HS_89_0012.jpg 1010w\" sizes=\"auto, (max-width: 768px) 100vw, 768px\" \/><\/a><\/div><div class=\"w-post-elm post_content usg_post_content_1\"><p>Kranke besuchen<br \/>\nWerke der Barmherzigkeit II<br \/>\n1989<br \/>\nHolzdruck auf Papier<br \/>\n121 x 81 cm<\/p>\n<\/div>\t\t<\/div>\r\n\t\t\t<\/article>\r\n\t<article class=\"w-grid-item size_1x1 post-8649 post type-post status-publish format-standard has-post-thumbnail hentry category-werke-der-barmherzigkeit\" data-id=\"8649\">\r\n\t\t<div class=\"w-grid-item-h\">\r\n\t\t\t\t\t\t<div class=\"w-post-elm post_image usg_post_image_1 stretched\"><a href=\"https:\/\/www.af-kulturstiftung.de\/wordpress\/af_hs_89_0013\/\" aria-label=\"AF_HS_89_0013\"><img loading=\"lazy\" decoding=\"async\" width=\"768\" height=\"1173\" src=\"https:\/\/www.af-kulturstiftung.de\/wordpress\/wp-content\/uploads\/AF_HS_89_0013-768x1173.jpg\" class=\"attachment-us_768_0 size-us_768_0 wp-post-image\" alt=\"\" srcset=\"https:\/\/www.af-kulturstiftung.de\/wordpress\/wp-content\/uploads\/AF_HS_89_0013-768x1173.jpg 768w, https:\/\/www.af-kulturstiftung.de\/wordpress\/wp-content\/uploads\/AF_HS_89_0013-196x300.jpg 196w, https:\/\/www.af-kulturstiftung.de\/wordpress\/wp-content\/uploads\/AF_HS_89_0013-671x1024.jpg 671w, https:\/\/www.af-kulturstiftung.de\/wordpress\/wp-content\/uploads\/AF_HS_89_0013-98x150.jpg 98w, https:\/\/www.af-kulturstiftung.de\/wordpress\/wp-content\/uploads\/AF_HS_89_0013.jpg 1019w\" sizes=\"auto, (max-width: 768px) 100vw, 768px\" \/><\/a><\/div><div class=\"w-post-elm post_content usg_post_content_1\"><p>Hungrige speisen<br \/>\nWerke der Barmherzigkeit III<br \/>\n1989<br \/>\nHolzdruck auf Papier<br \/>\n121 x 81 cm<\/p>\n<\/div>\t\t<\/div>\r\n\t\t\t<\/article>\r\n\t<article class=\"w-grid-item size_1x1 post-8651 post type-post status-publish format-standard has-post-thumbnail hentry category-werke-der-barmherzigkeit\" data-id=\"8651\">\r\n\t\t<div class=\"w-grid-item-h\">\r\n\t\t\t\t\t\t<div class=\"w-post-elm post_image usg_post_image_1 stretched\"><a href=\"https:\/\/www.af-kulturstiftung.de\/wordpress\/af_hs_89_0014\/\" aria-label=\"AF_HS_89_0014\"><img loading=\"lazy\" decoding=\"async\" width=\"768\" height=\"1146\" src=\"https:\/\/www.af-kulturstiftung.de\/wordpress\/wp-content\/uploads\/AF_HS_89_0014-768x1146.jpg\" class=\"attachment-us_768_0 size-us_768_0 wp-post-image\" alt=\"\" srcset=\"https:\/\/www.af-kulturstiftung.de\/wordpress\/wp-content\/uploads\/AF_HS_89_0014-768x1146.jpg 768w, https:\/\/www.af-kulturstiftung.de\/wordpress\/wp-content\/uploads\/AF_HS_89_0014-201x300.jpg 201w, https:\/\/www.af-kulturstiftung.de\/wordpress\/wp-content\/uploads\/AF_HS_89_0014-686x1024.jpg 686w, https:\/\/www.af-kulturstiftung.de\/wordpress\/wp-content\/uploads\/AF_HS_89_0014-101x150.jpg 101w, https:\/\/www.af-kulturstiftung.de\/wordpress\/wp-content\/uploads\/AF_HS_89_0014.jpg 1028w\" sizes=\"auto, (max-width: 768px) 100vw, 768px\" \/><\/a><\/div><div class=\"w-post-elm post_content usg_post_content_1\"><p>Fremde beherbergen<br \/>\nWerke der Barmherzigkeit IV<br \/>\n1989<br \/>\nHolzdruck auf Papier<br \/>\n121 x 81 cm<\/p>\n<\/div>\t\t<\/div>\r\n\t\t\t<\/article>\r\n\t<article class=\"w-grid-item size_1x1 post-8653 post type-post status-publish format-standard has-post-thumbnail hentry category-werke-der-barmherzigkeit\" data-id=\"8653\">\r\n\t\t<div class=\"w-grid-item-h\">\r\n\t\t\t\t\t\t<div class=\"w-post-elm post_image usg_post_image_1 stretched\"><a href=\"https:\/\/www.af-kulturstiftung.de\/wordpress\/af_hs_89_0015\/\" aria-label=\"AF_HS_89_0015\"><img loading=\"lazy\" decoding=\"async\" width=\"768\" height=\"1131\" src=\"https:\/\/www.af-kulturstiftung.de\/wordpress\/wp-content\/uploads\/AF_HS_89_0015-768x1131.jpg\" class=\"attachment-us_768_0 size-us_768_0 wp-post-image\" alt=\"\" srcset=\"https:\/\/www.af-kulturstiftung.de\/wordpress\/wp-content\/uploads\/AF_HS_89_0015-768x1131.jpg 768w, https:\/\/www.af-kulturstiftung.de\/wordpress\/wp-content\/uploads\/AF_HS_89_0015-204x300.jpg 204w, https:\/\/www.af-kulturstiftung.de\/wordpress\/wp-content\/uploads\/AF_HS_89_0015-695x1024.jpg 695w, https:\/\/www.af-kulturstiftung.de\/wordpress\/wp-content\/uploads\/AF_HS_89_0015-102x150.jpg 102w, https:\/\/www.af-kulturstiftung.de\/wordpress\/wp-content\/uploads\/AF_HS_89_0015.jpg 1034w\" sizes=\"auto, (max-width: 768px) 100vw, 768px\" \/><\/a><\/div><div class=\"w-post-elm post_content usg_post_content_1\"><p>Tote begraben<br \/>\nWerke der Barmherzigkeit V<br \/>\n1989<br \/>\nHolzdruck auf Papier<br \/>\n121 x 81 cm<\/p>\n<\/div>\t\t<\/div>\r\n\t\t\t<\/article>\r\n\t<article class=\"w-grid-item size_1x1 post-8655 post type-post status-publish format-standard has-post-thumbnail hentry category-werke-der-barmherzigkeit\" data-id=\"8655\">\r\n\t\t<div class=\"w-grid-item-h\">\r\n\t\t\t\t\t\t<div class=\"w-post-elm post_image usg_post_image_1 stretched\"><a href=\"https:\/\/www.af-kulturstiftung.de\/wordpress\/af_hs_89_0016\/\" aria-label=\"AF_HS_89_0016\"><img loading=\"lazy\" decoding=\"async\" width=\"768\" height=\"1156\" src=\"https:\/\/www.af-kulturstiftung.de\/wordpress\/wp-content\/uploads\/AF_HS_89_0016-768x1156.jpg\" class=\"attachment-us_768_0 size-us_768_0 wp-post-image\" alt=\"\" srcset=\"https:\/\/www.af-kulturstiftung.de\/wordpress\/wp-content\/uploads\/AF_HS_89_0016-768x1156.jpg 768w, https:\/\/www.af-kulturstiftung.de\/wordpress\/wp-content\/uploads\/AF_HS_89_0016-199x300.jpg 199w, https:\/\/www.af-kulturstiftung.de\/wordpress\/wp-content\/uploads\/AF_HS_89_0016-680x1024.jpg 680w, https:\/\/www.af-kulturstiftung.de\/wordpress\/wp-content\/uploads\/AF_HS_89_0016-100x150.jpg 100w, https:\/\/www.af-kulturstiftung.de\/wordpress\/wp-content\/uploads\/AF_HS_89_0016.jpg 1032w\" sizes=\"auto, (max-width: 768px) 100vw, 768px\" \/><\/a><\/div><div class=\"w-post-elm post_content usg_post_content_1\"><p>Nackte bekleiden<br \/>\nWerke der Barmherzigkeit VI<br \/>\n1989<br \/>\nHolzdruck auf Papier<br \/>\n121 x 81 cm<\/p>\n<\/div>\t\t<\/div>\r\n\t\t\t<\/article>\r\n\t<article class=\"w-grid-item size_1x1 post-8657 post type-post status-publish format-standard has-post-thumbnail hentry category-werke-der-barmherzigkeit\" data-id=\"8657\">\r\n\t\t<div class=\"w-grid-item-h\">\r\n\t\t\t\t\t\t<div class=\"w-post-elm post_image usg_post_image_1 stretched\"><a href=\"https:\/\/www.af-kulturstiftung.de\/wordpress\/af_hs_89_0017\/\" aria-label=\"AF_HS_89_0017\"><img loading=\"lazy\" decoding=\"async\" width=\"768\" height=\"1160\" src=\"https:\/\/www.af-kulturstiftung.de\/wordpress\/wp-content\/uploads\/AF_HS_89_0017-768x1160.jpg\" class=\"attachment-us_768_0 size-us_768_0 wp-post-image\" alt=\"\" srcset=\"https:\/\/www.af-kulturstiftung.de\/wordpress\/wp-content\/uploads\/AF_HS_89_0017-768x1160.jpg 768w, https:\/\/www.af-kulturstiftung.de\/wordpress\/wp-content\/uploads\/AF_HS_89_0017-199x300.jpg 199w, https:\/\/www.af-kulturstiftung.de\/wordpress\/wp-content\/uploads\/AF_HS_89_0017-678x1024.jpg 678w, https:\/\/www.af-kulturstiftung.de\/wordpress\/wp-content\/uploads\/AF_HS_89_0017-99x150.jpg 99w, https:\/\/www.af-kulturstiftung.de\/wordpress\/wp-content\/uploads\/AF_HS_89_0017.jpg 1017w\" sizes=\"auto, (max-width: 768px) 100vw, 768px\" \/><\/a><\/div><div class=\"w-post-elm post_content usg_post_content_1\"><p>Durstige tr\u00e4nken<br \/>\nWerke der Barmherzigkeit VII<br \/>\n1989<br \/>\nHolzdruck auf Papier<br \/>\n121 x 81 cm<\/p>\n<\/div>\t\t<\/div>\r\n\t\t\t<\/article>\r\n<\/div>\t<div class=\"w-grid-preloader\">\r\n\t\t<div class=\"g-preloader type_1\">\r\n\t\t\t<div><\/div>\r\n\t\t<\/div>\r\n\t<\/div>\r\n\t\t<div class=\"w-grid-json hidden\" onclick='return {&quot;action&quot;:&quot;us_ajax_grid&quot;,&quot;infinite_scroll&quot;:0,&quot;max_num_pages&quot;:1,&quot;pagination&quot;:&quot;none&quot;,&quot;template_vars&quot;:{&quot;columns&quot;:&quot;4&quot;,&quot;exclude_items&quot;:&quot;none&quot;,&quot;img_size&quot;:&quot;us_768_0&quot;,&quot;ignore_items_size&quot;:0,&quot;items_layout&quot;:&quot;6333&quot;,&quot;items_offset&quot;:&quot;1&quot;,&quot;load_animation&quot;:&quot;none&quot;,&quot;overriding_link&quot;:&quot;{\\&quot;url\\&quot;:\\&quot;\\&quot;}&quot;,&quot;post_id&quot;:0,&quot;query_args&quot;:{&quot;post_type&quot;:[&quot;post&quot;],&quot;tax_query&quot;:[{&quot;taxonomy&quot;:&quot;category&quot;,&quot;field&quot;:&quot;slug&quot;,&quot;terms&quot;:[&quot;werke-der-barmherzigkeit&quot;]}],&quot;post_status&quot;:[&quot;publish&quot;],&quot;posts_per_page&quot;:&quot;10&quot;},&quot;orderby_query_args&quot;:{&quot;orderby&quot;:{&quot;date&quot;:&quot;ASC&quot;}},&quot;type&quot;:&quot;grid&quot;,&quot;us_grid_post_type&quot;:&quot;post&quot;,&quot;us_grid_ajax_index&quot;:1,&quot;us_grid_filter_query_string&quot;:null,&quot;us_grid_index&quot;:1,&quot;page_args&quot;:[]}}'><\/div>\r\n\t<\/div><\/div><\/div><\/div><\/div><\/div><\/section><section class=\"l-section wpb_row height_medium\"><div class=\"l-section-h i-cf\"><div class=\"g-cols vc_row via_flex valign_top type_default stacking_default\"><div class=\"vc_col-sm-12 wpb_column vc_column_container\"><div class=\"vc_column-inner\"><div class=\"wpb_wrapper\"><\/div><\/div><\/div><\/div><\/div><\/section>\n","protected":false},"excerpt":{"rendered":"WERKZYKLEN \/ WERKE DER BARMHERZIGKEIT Andreas Felger, Durstige tr\u00e4nken (Werke der Barmherzigkeit VII), 1989Holzdruck auf Papier, 121 x 81 cm \u00a9 AFKSDurstige tr\u00e4nken Werke der Barmherzigkeit VII 1989 Holzdruck auf Papier 121 x 81 cm AF_HS_89_0017 unverk\u00e4uflich aber als Gesamtzyklus entleihbar f\u00fcr Ausstellungen zur\u00fcck zur \u00dcbersicht Vorheriger BeitragAF_HS_89_0016","protected":false},"author":6,"featured_media":8612,"parent":2890,"menu_order":0,"comment_status":"closed","ping_status":"closed","template":"","meta":{"h5ap_radio_sources":[],"footnotes":""},"class_list":["post-8611","page","type-page","status-publish","has-post-thumbnail","hentry"],"_links":{"self":[{"href":"https:\/\/www.af-kulturstiftung.de\/wordpress\/wp-json\/wp\/v2\/pages\/8611","targetHints":{"allow":["GET"]}}],"collection":[{"href":"https:\/\/www.af-kulturstiftung.de\/wordpress\/wp-json\/wp\/v2\/pages"}],"about":[{"href":"https:\/\/www.af-kulturstiftung.de\/wordpress\/wp-json\/wp\/v2\/types\/page"}],"author":[{"embeddable":true,"href":"https:\/\/www.af-kulturstiftung.de\/wordpress\/wp-json\/wp\/v2\/users\/6"}],"replies":[{"embeddable":true,"href":"https:\/\/www.af-kulturstiftung.de\/wordpress\/wp-json\/wp\/v2\/comments?post=8611"}],"version-history":[{"count":0,"href":"https:\/\/www.af-kulturstiftung.de\/wordpress\/wp-json\/wp\/v2\/pages\/8611\/revisions"}],"up":[{"embeddable":true,"href":"https:\/\/www.af-kulturstiftung.de\/wordpress\/wp-json\/wp\/v2\/pages\/2890"}],"wp:featuredmedia":[{"embeddable":true,"href":"https:\/\/www.af-kulturstiftung.de\/wordpress\/wp-json\/wp\/v2\/media\/8612"}],"wp:attachment":[{"href":"https:\/\/www.af-kulturstiftung.de\/wordpress\/wp-json\/wp\/v2\/media?parent=8611"}],"curies":[{"name":"wp","href":"https:\/\/api.w.org\/{rel}","templated":true}]}}