{"id":62,"date":"2017-09-11T13:46:51","date_gmt":"2017-09-11T11:46:51","guid":{"rendered":"http:\/\/www1.af-kulturstiftung.de\/wordpress\/?page_id=62"},"modified":"2021-04-27T16:38:39","modified_gmt":"2021-04-27T14:38:39","slug":"engagement","status":"publish","type":"page","link":"https:\/\/www.af-kulturstiftung.de\/wordpress\/engagement\/","title":{"rendered":"Engagement"},"content":{"rendered":"<section class=\"l-section wpb_row height_small with_img parallax_fixed\"><div class=\"l-section-img\" role=\"img\" aria-label=\"Bild\" data-img-width=\"1920\" data-img-height=\"955\" style=\"background-image: url(https:\/\/www.af-kulturstiftung.de\/wordpress\/wp-content\/uploads\/stiftung.jpg);background-repeat: no-repeat;\"><\/div><div class=\"l-section-h i-cf\"><div class=\"g-cols vc_row via_flex valign_top type_default stacking_default\" style=\"--additional-gap:10px;\"><div class=\"vc_col-sm-6 wpb_column vc_column_container has_bg_color\"><div class=\"vc_column-inner us_custom_4fb9e5a3\"><div class=\"wpb_wrapper\"><div class=\"wpb_text_column us_custom_2dbf7b3f\"><div class=\"wpb_wrapper\"><h4>UNSER ENGAGEMENT<\/h4>\n<p><span style=\"font-size: 14pt;\">Zu den \u00f6ffentlich sichtbaren Aufgaben der Andreas Felger Kulturstiftung geh\u00f6ren Ausstellungen und Publikationen rund um das Werk von Andreas Felger, ebenso wie Aktionen f\u00fcr unsere Kunstfreunde, Veranstaltungen und andere Initiativen.<\/span><\/p>\n<p><span style=\"font-size: 14pt;\">Zudem ist die F\u00f6rderung zeitgen\u00f6ssischer Kunst und Kultur ein satzungsm\u00e4\u00dfig festgelegtes Anliegen der Stiftung. Anf\u00e4nglich wurden verschiedene Projekte aus den Bereichen Bildende Kunst, Theater, Literatur und Musik unterst\u00fctzt. Inzwischen hat die Stiftung ihre Mittel geb\u00fcndelt und einen Kunstpreis ins Leben gerufen, der sich auf die F\u00f6rderung aktueller Malerei konzentriert. Gelegentlich finden auch weiterhin F\u00f6rderprojekte au\u00dferhalb dieses Rahmens Beachtung.<\/span><\/p>\n<\/div><\/div><div class=\"w-separator size_small with_line width_default thick_1 style_solid color_border align_center\"><div class=\"w-separator-h\"><\/div><\/div><div class=\"g-cols wpb_row via_flex valign_top type_default stacking_default\"><div class=\"vc_col-sm-8 wpb_column vc_column_container\"><div class=\"vc_column-inner\"><div class=\"wpb_wrapper\"><div class=\"wpb_text_column\"><div class=\"wpb_wrapper\"><p><span style=\"font-size: 14pt;\">Ein kostenloser Newsletter informiert Sie regelm\u00e4\u00dfig \u00fcber die Aktivit\u00e4ten der Stiftung.<\/span><\/p>\n<\/div><\/div><\/div><\/div><\/div><div class=\"vc_col-sm-4 wpb_column vc_column_container\"><div class=\"vc_column-inner\"><div class=\"wpb_wrapper\"><div class=\"w-btn-wrapper align_none\"><a class=\"w-btn us-btn-style_1 us_custom_6f9c3709 icon_atleft\" href=\"\/wordpress\/index.php\/newsletter\/\"><i class=\"fas fa-chevron-right\"><\/i><span class=\"w-btn-label\">abonnieren<\/span><\/a><\/div><\/div><\/div><\/div><\/div><\/div><\/div><\/div><div class=\"vc_col-sm-6 wpb_column vc_column_container has_bg_color\"><div class=\"vc_column-inner us_custom_4fb9e5a3\"><div class=\"wpb_wrapper\"><div class=\"wpb_text_column\"><div class=\"wpb_wrapper\"><h4>IHR ENGAGEMENT<\/h4>\n<p><span style=\"font-size: 14pt;\">Unser Einsatz f\u00fcr die Kunst lebt vom Austausch: Kontakte, die inspirieren und motivieren. Zugleich profitiert unsere Arbeit ma\u00dfgeblich von Spenden, Zuwendungen und Ank\u00e4ufen: Viele Sammler, Kenner und Freunde der Kunst von Andreas Felger, Kooperationspartner sowie institutionelle F\u00f6rderer haben die Andreas Felger Kulturstiftung bereits unterst\u00fctzt und so eine Vielfalt gro\u00dfartiger Projekte erm\u00f6glicht.<\/span><\/p>\n<p><span style=\"font-size: 14pt;\"><strong>Werden auch Sie mit uns und f\u00fcr uns aktiv!<\/strong><\/span><\/p>\n<\/div><\/div><div class=\"w-separator size_small with_line width_default thick_1 style_solid color_border align_center\"><div class=\"w-separator-h\"><\/div><\/div><div class=\"g-cols wpb_row via_flex valign_top type_default stacking_default\"><div class=\"vc_col-sm-6 wpb_column vc_column_container\"><div class=\"vc_column-inner\"><div class=\"wpb_wrapper\"><div class=\"wpb_text_column\"><div class=\"wpb_wrapper\"><p><span style=\"font-size: 12pt;\">Zuwendungen k\u00f6nnen nach Wunsch allgemein oder f\u00fcr bestimmte Projekte eingesetzt werden.<\/span><\/p>\n<\/div><\/div><\/div><\/div><\/div><div class=\"vc_col-sm-6 wpb_column vc_column_container\"><div class=\"vc_column-inner\"><div class=\"wpb_wrapper\"><div class=\"w-btn-wrapper align_none\"><a class=\"w-btn us-btn-style_1 us_custom_6f9c3709 icon_atleft\" href=\"https:\/\/https:\/\/www.af-kulturstiftung.de\/wordpress\/spenden-2\/\"><i class=\"fas fa-chevron-right\"><\/i><span class=\"w-btn-label\">spenden<\/span><\/a><\/div><\/div><\/div><\/div><\/div><div class=\"w-separator size_small with_line width_default thick_1 style_solid color_border align_center\"><div class=\"w-separator-h\"><\/div><\/div><div class=\"g-cols wpb_row via_flex valign_top type_default stacking_default\"><div class=\"vc_col-sm-6 wpb_column vc_column_container\"><div class=\"vc_column-inner\"><div class=\"wpb_wrapper\"><div class=\"wpb_text_column\"><div class=\"wpb_wrapper\"><p><span style=\"font-size: 12pt;\">Die Mitgliedschaft in unserem Freundes- und F\u00f6rderkreis &#8222;Andreas Felger Kunstfreunde e.V.&#8220; garantiert dauerhafte Unterst\u00fctzung.<\/span><\/p>\n<\/div><\/div><\/div><\/div><\/div><div class=\"vc_col-sm-6 wpb_column vc_column_container\"><div class=\"vc_column-inner\"><div class=\"wpb_wrapper\"><div class=\"w-btn-wrapper align_none\"><a class=\"w-btn us-btn-style_1 us_custom_6f9c3709 icon_atleft\" href=\"https:\/\/www.af-kulturstiftung.de\/wordpress\/wp-content\/uploads\/AF_Stiftung_FlyerFreundeskreis_Web.pdf\"><i class=\"fas fa-chevron-right\"><\/i><span class=\"w-btn-label\">Mitglied werden<\/span><\/a><\/div><\/div><\/div><\/div><\/div><\/div><\/div><\/div><\/div><\/div><\/section><!-- Row Backgrounds -->\n","protected":false},"excerpt":{"rendered":"UNSER ENGAGEMENT Zu den \u00f6ffentlich sichtbaren Aufgaben der Andreas Felger Kulturstiftung geh\u00f6ren Ausstellungen und Publikationen rund um das Werk von Andreas Felger, ebenso wie Aktionen f\u00fcr unsere Kunstfreunde, Veranstaltungen und andere Initiativen. Zudem ist die F\u00f6rderung zeitgen\u00f6ssischer Kunst und Kultur ein satzungsm\u00e4\u00dfig festgelegtes Anliegen der Stiftung. Anf\u00e4nglich wurden verschiedene Projekte aus den Bereichen Bildende Kunst,...","protected":false},"author":4,"featured_media":0,"parent":0,"menu_order":0,"comment_status":"closed","ping_status":"closed","template":"","meta":{"h5ap_radio_sources":[],"footnotes":""},"class_list":["post-62","page","type-page","status-publish","hentry"],"_links":{"self":[{"href":"https:\/\/www.af-kulturstiftung.de\/wordpress\/wp-json\/wp\/v2\/pages\/62","targetHints":{"allow":["GET"]}}],"collection":[{"href":"https:\/\/www.af-kulturstiftung.de\/wordpress\/wp-json\/wp\/v2\/pages"}],"about":[{"href":"https:\/\/www.af-kulturstiftung.de\/wordpress\/wp-json\/wp\/v2\/types\/page"}],"author":[{"embeddable":true,"href":"https:\/\/www.af-kulturstiftung.de\/wordpress\/wp-json\/wp\/v2\/users\/4"}],"replies":[{"embeddable":true,"href":"https:\/\/www.af-kulturstiftung.de\/wordpress\/wp-json\/wp\/v2\/comments?post=62"}],"version-history":[{"count":0,"href":"https:\/\/www.af-kulturstiftung.de\/wordpress\/wp-json\/wp\/v2\/pages\/62\/revisions"}],"wp:attachment":[{"href":"https:\/\/www.af-kulturstiftung.de\/wordpress\/wp-json\/wp\/v2\/media?parent=62"}],"curies":[{"name":"wp","href":"https:\/\/api.w.org\/{rel}","templated":true}]}}