{"id":52,"date":"2017-09-11T13:46:03","date_gmt":"2017-09-11T11:46:03","guid":{"rendered":"http:\/\/www1.af-kulturstiftung.de\/wordpress\/?page_id=52"},"modified":"2021-03-19T22:01:54","modified_gmt":"2021-03-19T21:01:54","slug":"profil","status":"publish","type":"page","link":"https:\/\/www.af-kulturstiftung.de\/wordpress\/profil\/","title":{"rendered":"\u00dcber uns"},"content":{"rendered":"<section class=\"l-section wpb_row height_small with_img parallax_fixed\"><div class=\"l-section-img\" role=\"img\" aria-label=\"Bild\" data-img-width=\"1920\" data-img-height=\"955\" style=\"background-image: url(https:\/\/www.af-kulturstiftung.de\/wordpress\/wp-content\/uploads\/stiftung02.jpg);background-repeat: no-repeat;\"><\/div><div class=\"l-section-h i-cf\"><div class=\"g-cols vc_row via_flex valign_top type_default stacking_default\" style=\"--additional-gap:10px;\"><div class=\"vc_col-sm-6 wpb_column vc_column_container has_bg_color\"><div class=\"vc_column-inner us_custom_4fb9e5a3\"><div class=\"wpb_wrapper\"><div class=\"wpb_text_column\"><div class=\"wpb_wrapper\"><h4>Andreas Felger Kulturstiftung<\/h4>\n<p><span style=\"font-size: 14pt;\">Die Andreas Felger Kulturstiftung existiert seit 2002. Sie verfolgt den gemeinn\u00fctzigen Zweck der F\u00f6rderung von Kunst und Kultur, insbesondere der Bildenden Kunst. Die Basis der Stiftungsarbeit liegt in der Bewahrung, Vermittlung und wissenschaftlichen Aufarbeitung des umfangreichen k\u00fcnstlerischen Werks ihres Stifters, Andreas Felger (geb. 1935). Zus\u00e4tzlich erstreckt sich das Engagement der Stiftung explizit auch auf die Unterst\u00fctzung anderer zeitgen\u00f6ssischer Kulturschaffender.<\/span><\/p>\n<p><span style=\"font-size: 14pt;\">Aus Geist und Wirken des K\u00fcnstlers Andreas Felger leitet die Stiftung die zentralen Kriterien f\u00fcr ihr Selbstverst\u00e4ndnis und ihre Arbeit ab. Seine Kunst ist medial wie inhaltlich von gro\u00dfer Vielseitigkeit gepr\u00e4gt, verliert \u00fcber allen Wandel jedoch nie ihre Stringenz. Kontinuierlich ringt Felger sowohl um autonome Formwelten als auch um die Darstellung existenzieller Grundfragen des Menschen im Spannungsfeld seiner physisch-sozialen Existenz und transzendentaler Fragen. In seinen Werken vereint sich Kognitives und Affektives, Geistigkeit und Sinnlichkeit \u2013 sie l\u00e4sst sich \u201elesen\u201c und \u201esp\u00fcren\u201c zugleich.<\/span><\/p>\n<p><span style=\"font-size: 14pt;\">Entsprechend vertritt die Stiftung einerseits eine gro\u00dfe Offenheit gegen\u00fcber den unter\u00adschied\u00adlichen Sparten und Medien der Kunst, andererseits ein unbedingtes Vertrauen in die Autonomie und Authentizit\u00e4t des k\u00fcnstlerischen Schaffens. Grundlegend ist die Idee des Unterwegsseins als k\u00fcnstlerischer Haltung: K\u00fcnstler k\u00f6nnen sich in permanenter Entwicklung befinden, der Kunstbegriff durch ihr Wirken immer neu definiert werden.<\/span><\/p>\n<p><span style=\"font-size: 14pt;\">Die Andreas Felger Kulturstiftung ist eine rechtsf\u00e4hige Stiftung des b\u00fcrgerlichen Rechts. Sie ist selbstlos t\u00e4tig und verfolgt ausschlie\u00dflich und unmittelbar gemeinn\u00fctzige Zwecke. Sitz der Stiftung ist M\u00f6ssingen.<\/span><\/p>\n<\/div><\/div><div class=\"w-separator size_medium\"><\/div><div class=\"w-btn-wrapper align_none\"><a class=\"w-btn us-btn-style_1 icon_atleft\" target=\" _blank\" rel=\"nofollow\" href=\"https:\/\/https:\/\/www.af-kulturstiftung.de\/wordpress\/wp-content\/uploads\/Satzung_Fassung_2019_f\u00fcr-Website.pdf\"><i class=\"fas fa-download\"><\/i><span class=\"w-btn-label\">DOWNLOAD SATZUNG<\/span><\/a><\/div><\/div><\/div><\/div><\/div><\/div><\/section><!-- Row Backgrounds -->\n","protected":false},"excerpt":{"rendered":"Andreas Felger Kulturstiftung Die Andreas Felger Kulturstiftung existiert seit 2002. Sie verfolgt den gemeinn\u00fctzigen Zweck der F\u00f6rderung von Kunst und Kultur, insbesondere der Bildenden Kunst. Die Basis der Stiftungsarbeit liegt in der Bewahrung, Vermittlung und wissenschaftlichen Aufarbeitung des umfangreichen k\u00fcnstlerischen Werks ihres Stifters, Andreas Felger (geb. 1935). Zus\u00e4tzlich erstreckt sich das Engagement der Stiftung explizit...","protected":false},"author":4,"featured_media":0,"parent":0,"menu_order":0,"comment_status":"closed","ping_status":"closed","template":"","meta":{"h5ap_radio_sources":[],"footnotes":""},"class_list":["post-52","page","type-page","status-publish","hentry"],"_links":{"self":[{"href":"https:\/\/www.af-kulturstiftung.de\/wordpress\/wp-json\/wp\/v2\/pages\/52","targetHints":{"allow":["GET"]}}],"collection":[{"href":"https:\/\/www.af-kulturstiftung.de\/wordpress\/wp-json\/wp\/v2\/pages"}],"about":[{"href":"https:\/\/www.af-kulturstiftung.de\/wordpress\/wp-json\/wp\/v2\/types\/page"}],"author":[{"embeddable":true,"href":"https:\/\/www.af-kulturstiftung.de\/wordpress\/wp-json\/wp\/v2\/users\/4"}],"replies":[{"embeddable":true,"href":"https:\/\/www.af-kulturstiftung.de\/wordpress\/wp-json\/wp\/v2\/comments?post=52"}],"version-history":[{"count":0,"href":"https:\/\/www.af-kulturstiftung.de\/wordpress\/wp-json\/wp\/v2\/pages\/52\/revisions"}],"wp:attachment":[{"href":"https:\/\/www.af-kulturstiftung.de\/wordpress\/wp-json\/wp\/v2\/media?parent=52"}],"curies":[{"name":"wp","href":"https:\/\/api.w.org\/{rel}","templated":true}]}}