{"id":466,"date":"2017-09-23T21:10:06","date_gmt":"2017-09-23T19:10:06","guid":{"rendered":"http:\/\/www1.af-kulturstiftung.de\/wordpress\/?page_id=466"},"modified":"2021-03-19T02:23:53","modified_gmt":"2021-03-19T01:23:53","slug":"bilder-mieten","status":"publish","type":"page","link":"https:\/\/www.af-kulturstiftung.de\/wordpress\/service\/bilder-mieten\/","title":{"rendered":"Bilder mieten"},"content":{"rendered":"<section class=\"l-section wpb_row height_small with_img parallax_fixed\"><div class=\"l-section-img\" role=\"img\" aria-label=\"Bild\" data-img-width=\"1920\" data-img-height=\"955\" style=\"background-image: url(https:\/\/www.af-kulturstiftung.de\/wordpress\/wp-content\/uploads\/kunst-kaufen.jpg);background-repeat: no-repeat;\"><\/div><div class=\"l-section-h i-cf\"><div class=\"g-cols vc_row via_flex valign_top type_default stacking_default\"><div class=\"vc_col-sm-6 wpb_column vc_column_container has_bg_color\"><div class=\"vc_column-inner us_custom_4fb9e5a3\"><div class=\"wpb_wrapper\"><div class=\"wpb_text_column\"><div class=\"wpb_wrapper\"><h4>Bilder mieten<\/h4>\n<p>Mit Aquarellen oder \u00d6lgem\u00e4lden von Andreas Felger gewinnt jeder \u00f6ffentliche und private Raum an Charakter und W\u00e4rme &#8211; ob Arztpraxis, Anwaltskanzlei, Hotelfoyer oder Wohnzimmer oder &#8230;<\/p>\n<p>Sie suchen Originale als Wandschmuck f\u00fcr Ihre R\u00e4ume, wollen aber keine Kunst erwerben? Dann ist unsere Mietoption vielleicht das Richtige f\u00fcr Sie: Nach Auswahl der Kunstwerke zahlen Sie lediglich den Transport und eine verbindliche Monatsmiete. Vertr\u00e4ge mit kurzen K\u00fcndigungsfristen garantieren gr\u00f6\u00dftm\u00f6gliche Flexibilit\u00e4t.<\/p>\n<p>Gerne beraten wir Sie bei der Werkauswahl und informieren \u00fcber Konditionen und Preise.<\/p>\n<h4>Mietkauf (Leasing)<\/h4>\n<p>Um Ihnen alle T\u00fcren offen zu halten, umfassen unsere Kunst-Mietvertr\u00e4ge eine zus\u00e4tzliche Leasing-Option. So k\u00f6nnen gemietete Werke auf Wunsch k\u00e4uflich erworben werden \u2013 nat\u00fcrlich unter Anrechnung der bereits geleisteten Mietzahlungen.<\/p>\n<\/div><\/div><div class=\"w-separator size_medium\"><\/div><div class=\"w-btn-wrapper align_none\"><a class=\"w-btn us-btn-style_1\" target=\" _blank\" rel=\"nofollow\" href=\"\/wordpress\/index.php\/kontakt\/\"><span class=\"w-btn-label\">Anfrage senden<\/span><\/a><\/div><\/div><\/div><\/div><div class=\"vc_col-sm-6 wpb_column vc_column_container\"><div class=\"vc_column-inner\"><div class=\"wpb_wrapper\"><\/div><\/div><\/div><\/div><\/div><\/section><!-- Row Backgrounds -->\n","protected":false},"excerpt":{"rendered":"Bilder mieten Mit Aquarellen oder \u00d6lgem\u00e4lden von Andreas Felger gewinnt jeder \u00f6ffentliche und private Raum an Charakter und W\u00e4rme &#8211; ob Arztpraxis, Anwaltskanzlei, Hotelfoyer oder Wohnzimmer oder &#8230; Sie suchen Originale als Wandschmuck f\u00fcr Ihre R\u00e4ume, wollen aber keine Kunst erwerben? Dann ist unsere Mietoption vielleicht das Richtige f\u00fcr Sie: Nach Auswahl der Kunstwerke zahlen...","protected":false},"author":4,"featured_media":0,"parent":25,"menu_order":0,"comment_status":"closed","ping_status":"closed","template":"","meta":{"h5ap_radio_sources":[],"footnotes":""},"class_list":["post-466","page","type-page","status-publish","hentry"],"_links":{"self":[{"href":"https:\/\/www.af-kulturstiftung.de\/wordpress\/wp-json\/wp\/v2\/pages\/466","targetHints":{"allow":["GET"]}}],"collection":[{"href":"https:\/\/www.af-kulturstiftung.de\/wordpress\/wp-json\/wp\/v2\/pages"}],"about":[{"href":"https:\/\/www.af-kulturstiftung.de\/wordpress\/wp-json\/wp\/v2\/types\/page"}],"author":[{"embeddable":true,"href":"https:\/\/www.af-kulturstiftung.de\/wordpress\/wp-json\/wp\/v2\/users\/4"}],"replies":[{"embeddable":true,"href":"https:\/\/www.af-kulturstiftung.de\/wordpress\/wp-json\/wp\/v2\/comments?post=466"}],"version-history":[{"count":0,"href":"https:\/\/www.af-kulturstiftung.de\/wordpress\/wp-json\/wp\/v2\/pages\/466\/revisions"}],"up":[{"embeddable":true,"href":"https:\/\/www.af-kulturstiftung.de\/wordpress\/wp-json\/wp\/v2\/pages\/25"}],"wp:attachment":[{"href":"https:\/\/www.af-kulturstiftung.de\/wordpress\/wp-json\/wp\/v2\/media?parent=466"}],"curies":[{"name":"wp","href":"https:\/\/api.w.org\/{rel}","templated":true}]}}