{"id":460,"date":"2017-09-23T21:08:16","date_gmt":"2017-09-23T19:08:16","guid":{"rendered":"http:\/\/www1.af-kulturstiftung.de\/wordpress\/?page_id=460"},"modified":"2025-08-18T21:23:37","modified_gmt":"2025-08-18T19:23:37","slug":"kunst-stationen","status":"publish","type":"page","link":"https:\/\/www.af-kulturstiftung.de\/wordpress\/kunst-stationen\/","title":{"rendered":"Kunst.Stationen"},"content":{"rendered":"<section class=\"l-section wpb_row height_medium\"><div class=\"l-section-h i-cf\"><div class=\"g-cols vc_row via_flex valign_top type_default stacking_default\"><div class=\"vc_col-sm-4 wpb_column vc_column_container\"><div class=\"vc_column-inner\"><div class=\"wpb_wrapper\"><div class=\"wpb_text_column\"><div class=\"wpb_wrapper\"><h4>KUNST.STATIONEN<\/h4>\n<\/div><\/div><\/div><\/div><\/div><div class=\"vc_col-sm-8 wpb_column vc_column_container\"><div class=\"vc_column-inner\"><div class=\"wpb_wrapper\"><div class=\"wpb_text_column\"><div class=\"wpb_wrapper\"><p>Zum umfangreichen Werk des K\u00fcnstlers Andreas Felger geh\u00f6ren auch Arbeiten an \u00f6ffentlichen Orten: Skulpturen, Reliefs, Gem\u00e4lde und Grafiken sowie eindrucksvolle Glasfenster und angewandte Kunst in Kirchen, Stadtr\u00e4umen, Parks, Kliniken und Banken. Die Andreas Felger Kulturstiftung hat 2016 erstmals einen Teil dieser Werke in einer Publikation erfasst.<div class=\"bg-margin-for-link\"><input type='hidden' bg_collapse_expand='69f8048359c5c1018272512' value='69f8048359c5c1018272512'><input type='hidden' id='bg-show-more-text-69f8048359c5c1018272512' value='Weiterlesen \u2026'><input type='hidden' id='bg-show-less-text-69f8048359c5c1018272512' value='weniger \u2026'><div id='bg-showmore-hidden-69f8048359c5c1018272512' ><\/p>\n<p>Unter dem Titel ANDREAS FELGER KUNST.STATIONEN stellt sie 100 Werke an 20 Orten in Baden-W\u00fcrttemberg in einem Booklet vor \u2013 ein Routenplaner f\u00fcr Entdeckungsreisen auf den Spuren von Andreas Felger. Anl\u00e4sslich der Ver\u00f6ffentlichung haben wir gemeinsam mit den kooperierenden Orten ein Programm mit F\u00fchrungen, Vortr\u00e4gen und Konzerten veranstaltet. Wenden Sie sich an die Mitarbeiter vor Ort, um zu erfahren, ob aktuell Veranstaltungen zu oder mit Werken von Andreas Felger stattfinden. Das Booklet ist vergriffen, Sie finden es zum Download <a href=\"\/wordpress\/wp-content\/uploads\/AF_Kunst.Stationen_web.pdf\" target=\"_blank\" rel=\"noopener\">hier<\/a>.<\/div><\/div><a id='bg-showmore-action-69f8048359c5c1018272512' class='bg-showmore-plg-link bg-arrow '  style=\" color:#72777c;;\" href='#'>Weiterlesen \u2026<\/a><\/p>\n<\/div><\/div><\/div><\/div><\/div><\/div><\/div><\/section><section class=\"l-section wpb_row height_small\"><div class=\"l-section-h i-cf\"><div class=\"g-cols vc_row via_flex valign_top type_default stacking_default\"><div class=\"vc_col-sm-4 wpb_column vc_column_container\"><div class=\"vc_column-inner\"><div class=\"wpb_wrapper\"><div class=\"wpb_text_column marginless\"><div class=\"wpb_wrapper\"><h5>Rund um Stuttgart<\/h5>\n<\/div><\/div><div class=\"w-separator size_large\"><\/div><div class=\"w-image align_none\"><a href=\"\/wordpress\/kunst-stationen\/rund-um-stuttgart\/\" aria-label=\"kunst-stationen-stuttgart\" class=\"w-image-h\"><img decoding=\"async\" width=\"337\" height=\"210\" src=\"https:\/\/www.af-kulturstiftung.de\/wordpress\/wp-content\/uploads\/kunst-stationen-stuttgart.jpg\" class=\"attachment-us_768_0 size-us_768_0\" alt=\"\" loading=\"lazy\" srcset=\"https:\/\/www.af-kulturstiftung.de\/wordpress\/wp-content\/uploads\/kunst-stationen-stuttgart.jpg 337w, https:\/\/www.af-kulturstiftung.de\/wordpress\/wp-content\/uploads\/kunst-stationen-stuttgart-300x187.jpg 300w, https:\/\/www.af-kulturstiftung.de\/wordpress\/wp-content\/uploads\/kunst-stationen-stuttgart-150x93.jpg 150w\" sizes=\"auto, (max-width: 337px) 100vw, 337px\" \/><\/a><\/div><div class=\"w-separator size_custom\" style=\"height:32px\"><\/div><\/div><\/div><\/div><div class=\"vc_col-sm-4 wpb_column vc_column_container\"><div class=\"vc_column-inner\"><div class=\"wpb_wrapper\"><div class=\"wpb_text_column marginless\"><div class=\"wpb_wrapper\"><h5>Rund um T\u00fcbingen<\/h5>\n<\/div><\/div><div class=\"w-separator size_large\"><\/div><div class=\"w-image align_none\"><a href=\"\/wordpress\/kunst-stationen\/rund-um-tuebingen\/\" aria-label=\"kunst-stationen-tuebingen\" class=\"w-image-h\"><img decoding=\"async\" width=\"337\" height=\"210\" src=\"https:\/\/www.af-kulturstiftung.de\/wordpress\/wp-content\/uploads\/kunst-stationen-tuebingen.jpg\" class=\"attachment-us_768_0 size-us_768_0\" alt=\"\" loading=\"lazy\" srcset=\"https:\/\/www.af-kulturstiftung.de\/wordpress\/wp-content\/uploads\/kunst-stationen-tuebingen.jpg 337w, https:\/\/www.af-kulturstiftung.de\/wordpress\/wp-content\/uploads\/kunst-stationen-tuebingen-300x187.jpg 300w, https:\/\/www.af-kulturstiftung.de\/wordpress\/wp-content\/uploads\/kunst-stationen-tuebingen-150x93.jpg 150w\" sizes=\"auto, (max-width: 337px) 100vw, 337px\" \/><\/a><\/div><div class=\"w-separator size_custom\" style=\"height:32px\"><\/div><\/div><\/div><\/div><div class=\"vc_col-sm-4 wpb_column vc_column_container\"><div class=\"vc_column-inner\"><div class=\"wpb_wrapper\"><div class=\"wpb_text_column marginless\"><div class=\"wpb_wrapper\"><h5>Rund um M\u00f6ssingen<\/h5>\n<\/div><\/div><div class=\"w-separator size_large\"><\/div><div class=\"w-image align_none\"><a href=\"\/wordpress\/kunst-stationen\/rund-um-moessingen\/\" aria-label=\"Andreas Felger, Alblandschaft \u2013 Durchdringung (Detail), 1974\" class=\"w-image-h\"><img decoding=\"async\" width=\"337\" height=\"210\" src=\"https:\/\/www.af-kulturstiftung.de\/wordpress\/wp-content\/uploads\/kunst-stationen-moessingen.jpg\" class=\"attachment-us_768_0 size-us_768_0\" alt=\"\" loading=\"lazy\" srcset=\"https:\/\/www.af-kulturstiftung.de\/wordpress\/wp-content\/uploads\/kunst-stationen-moessingen.jpg 337w, https:\/\/www.af-kulturstiftung.de\/wordpress\/wp-content\/uploads\/kunst-stationen-moessingen-300x187.jpg 300w, https:\/\/www.af-kulturstiftung.de\/wordpress\/wp-content\/uploads\/kunst-stationen-moessingen-150x93.jpg 150w\" sizes=\"auto, (max-width: 337px) 100vw, 337px\" \/><\/a><\/div><div class=\"w-separator size_custom\" style=\"height:32px\"><\/div><\/div><\/div><\/div><\/div><\/div><\/section>\n","protected":false},"excerpt":{"rendered":"KUNST.STATIONEN Zum umfangreichen Werk des K\u00fcnstlers Andreas Felger geh\u00f6ren auch Arbeiten an \u00f6ffentlichen Orten: Skulpturen, Reliefs, Gem\u00e4lde und Grafiken sowie eindrucksvolle Glasfenster und angewandte Kunst in Kirchen, Stadtr\u00e4umen, Parks, Kliniken und Banken. Die Andreas Felger Kulturstiftung hat 2016 erstmals einen Teil dieser Werke in einer Publikation erfasst. Unter dem Titel ANDREAS FELGER KUNST.STATIONEN stellt sie...","protected":false},"author":4,"featured_media":2017,"parent":0,"menu_order":0,"comment_status":"closed","ping_status":"closed","template":"","meta":{"h5ap_radio_sources":[],"footnotes":""},"class_list":["post-460","page","type-page","status-publish","has-post-thumbnail","hentry"],"_links":{"self":[{"href":"https:\/\/www.af-kulturstiftung.de\/wordpress\/wp-json\/wp\/v2\/pages\/460","targetHints":{"allow":["GET"]}}],"collection":[{"href":"https:\/\/www.af-kulturstiftung.de\/wordpress\/wp-json\/wp\/v2\/pages"}],"about":[{"href":"https:\/\/www.af-kulturstiftung.de\/wordpress\/wp-json\/wp\/v2\/types\/page"}],"author":[{"embeddable":true,"href":"https:\/\/www.af-kulturstiftung.de\/wordpress\/wp-json\/wp\/v2\/users\/4"}],"replies":[{"embeddable":true,"href":"https:\/\/www.af-kulturstiftung.de\/wordpress\/wp-json\/wp\/v2\/comments?post=460"}],"version-history":[{"count":0,"href":"https:\/\/www.af-kulturstiftung.de\/wordpress\/wp-json\/wp\/v2\/pages\/460\/revisions"}],"wp:featuredmedia":[{"embeddable":true,"href":"https:\/\/www.af-kulturstiftung.de\/wordpress\/wp-json\/wp\/v2\/media\/2017"}],"wp:attachment":[{"href":"https:\/\/www.af-kulturstiftung.de\/wordpress\/wp-json\/wp\/v2\/media?parent=460"}],"curies":[{"name":"wp","href":"https:\/\/api.w.org\/{rel}","templated":true}]}}