{"id":457,"date":"2017-09-23T21:06:28","date_gmt":"2017-09-23T19:06:28","guid":{"rendered":"http:\/\/www1.af-kulturstiftung.de\/wordpress\/?page_id=457"},"modified":"2024-05-24T11:28:45","modified_gmt":"2024-05-24T09:28:45","slug":"online-ausstellungen","status":"publish","type":"page","link":"https:\/\/www.af-kulturstiftung.de\/wordpress\/online-ausstellungen\/","title":{"rendered":"Online-Ausstellungen"},"content":{"rendered":"<section class=\"l-section wpb_row height_medium\"><div class=\"l-section-h i-cf\"><div class=\"g-cols vc_row via_flex valign_top type_default stacking_default\"><div class=\"vc_col-sm-3 wpb_column vc_column_container\"><div class=\"vc_column-inner\"><div class=\"wpb_wrapper\"><div class=\"wpb_text_column\"><div class=\"wpb_wrapper\"><h4>Online-Ausstellungen<\/h4>\n<\/div><\/div><\/div><\/div><\/div><div class=\"vc_col-sm-9 wpb_column vc_column_container\"><div class=\"vc_column-inner\"><div class=\"wpb_wrapper\"><div class=\"wpb_text_column\"><div class=\"wpb_wrapper\"><p>In unserer Online-Galerie pr\u00e4sentieren wir Ihnen regelm\u00e4\u00dfig thematische Ausstellungen aus dem vielseitigen Oeuvre von Andreas Felger. Die hier vorgestellten Werke sind gr\u00f6\u00dftenteils verk\u00e4uflich. Wenn Sie ein Werk erwerben oder im Original ansehen m\u00f6chten, <a href=\"\/kontakt\/\">\u00bb schreiben Sie uns gerne an<\/a>.<\/p>\n<\/div><\/div><\/div><\/div><\/div><\/div><\/div><\/section><section class=\"l-section wpb_row us_custom_c2f20314 height_small\"><div class=\"l-section-h i-cf\"><div class=\"g-cols vc_row via_flex valign_top type_default stacking_default\"><div class=\"vc_col-sm-4 wpb_column vc_column_container\"><div class=\"vc_column-inner\"><div class=\"wpb_wrapper\"><div class=\"wpb_text_column\"><div class=\"wpb_wrapper\"><h5>ZEITSPRUNG<\/h5>\n<\/div><\/div><div class=\"w-separator size_small\"><\/div><div class=\"w-image align_none\"><a title=\"Zeitsprung\" href=\"https:\/\/www.af-kulturstiftung.de\/wordpress\/online-ausstellungen\/zeitsprung\/\" aria-label=\"Andreas Felger, ohne Titel, 2023\" class=\"w-image-h\"><img decoding=\"async\" width=\"768\" height=\"597\" src=\"https:\/\/www.af-kulturstiftung.de\/wordpress\/wp-content\/uploads\/AF_AC_23_0002-1-768x597.jpg\" class=\"attachment-us_768_0 size-us_768_0\" alt=\"\" loading=\"lazy\" srcset=\"https:\/\/www.af-kulturstiftung.de\/wordpress\/wp-content\/uploads\/AF_AC_23_0002-1-768x597.jpg 768w, https:\/\/www.af-kulturstiftung.de\/wordpress\/wp-content\/uploads\/AF_AC_23_0002-1-300x233.jpg 300w, https:\/\/www.af-kulturstiftung.de\/wordpress\/wp-content\/uploads\/AF_AC_23_0002-1-1024x797.jpg 1024w, https:\/\/www.af-kulturstiftung.de\/wordpress\/wp-content\/uploads\/AF_AC_23_0002-1-150x117.jpg 150w\" sizes=\"auto, (max-width: 768px) 100vw, 768px\" \/><\/a><\/div><div class=\"w-separator size_huge\"><\/div><div class=\"wpb_text_column\"><div class=\"wpb_wrapper\"><h5>SCHMERZENSBILDER<\/h5>\n<\/div><\/div><div class=\"w-separator size_small\"><\/div><div class=\"w-image align_none\"><a title=\"Corona\" href=\"https:\/\/www.af-kulturstiftung.de\/wordpress\/online-ausstellung\/schmerzensbilder\/\" aria-label=\"Andreas Felger, ohne Titel, 2003\" class=\"w-image-h\"><img decoding=\"async\" width=\"768\" height=\"1217\" src=\"https:\/\/www.af-kulturstiftung.de\/wordpress\/wp-content\/uploads\/AF_Oel_03_0004-768x1217.jpeg\" class=\"attachment-us_768_0 size-us_768_0\" alt=\"\" loading=\"lazy\" srcset=\"https:\/\/www.af-kulturstiftung.de\/wordpress\/wp-content\/uploads\/AF_Oel_03_0004-768x1217.jpeg 768w, https:\/\/www.af-kulturstiftung.de\/wordpress\/wp-content\/uploads\/AF_Oel_03_0004-189x300.jpeg 189w, https:\/\/www.af-kulturstiftung.de\/wordpress\/wp-content\/uploads\/AF_Oel_03_0004-646x1024.jpeg 646w, https:\/\/www.af-kulturstiftung.de\/wordpress\/wp-content\/uploads\/AF_Oel_03_0004-95x150.jpeg 95w, https:\/\/www.af-kulturstiftung.de\/wordpress\/wp-content\/uploads\/AF_Oel_03_0004.jpeg 808w\" sizes=\"auto, (max-width: 768px) 100vw, 768px\" \/><\/a><\/div><\/div><\/div><\/div><div class=\"vc_col-sm-4 wpb_column vc_column_container\"><div class=\"vc_column-inner\"><div class=\"wpb_wrapper\"><div class=\"wpb_text_column\"><div class=\"wpb_wrapper\"><h5>LEBENSLINIEN &#8211; fr\u00fche Skizzen<\/h5>\n<\/div><\/div><div class=\"w-separator size_small\"><\/div><div class=\"w-image align_none\"><a title=\"Lebenslinien\" href=\"https:\/\/www.af-kulturstiftung.de\/wordpress\/online-ausstellungen\/lebenslinien-skizzen\/\" aria-label=\"Andreas Felger, Selbstportr\u00e4t, 1962\" class=\"w-image-h\"><img decoding=\"async\" width=\"768\" height=\"992\" src=\"https:\/\/www.af-kulturstiftung.de\/wordpress\/wp-content\/uploads\/AF_ZE_62_0001-768x992.jpg\" class=\"attachment-us_768_0 size-us_768_0\" alt=\"\" loading=\"lazy\" srcset=\"https:\/\/www.af-kulturstiftung.de\/wordpress\/wp-content\/uploads\/AF_ZE_62_0001-768x992.jpg 768w, https:\/\/www.af-kulturstiftung.de\/wordpress\/wp-content\/uploads\/AF_ZE_62_0001-232x300.jpg 232w, https:\/\/www.af-kulturstiftung.de\/wordpress\/wp-content\/uploads\/AF_ZE_62_0001-793x1024.jpg 793w, https:\/\/www.af-kulturstiftung.de\/wordpress\/wp-content\/uploads\/AF_ZE_62_0001-116x150.jpg 116w, https:\/\/www.af-kulturstiftung.de\/wordpress\/wp-content\/uploads\/AF_ZE_62_0001.jpg 1035w\" sizes=\"auto, (max-width: 768px) 100vw, 768px\" \/><\/a><\/div><div class=\"w-separator size_large\"><\/div><div class=\"wpb_text_column\"><div class=\"wpb_wrapper\"><h5>BODENSEE<\/h5>\n<\/div><\/div><div class=\"w-separator size_small\"><\/div><div class=\"w-image align_none\"><a title=\"Bodensee\" href=\"https:\/\/www.af-kulturstiftung.de\/wordpress\/online-ausstellungen\/bodensee-2\/\" aria-label=\"AF_AQ_95_0014_Detail\" class=\"w-image-h\"><img decoding=\"async\" width=\"768\" height=\"709\" src=\"https:\/\/www.af-kulturstiftung.de\/wordpress\/wp-content\/uploads\/AF_AQ_95_0014_Detail-768x709.jpg\" class=\"attachment-us_768_0 size-us_768_0\" alt=\"\" loading=\"lazy\" srcset=\"https:\/\/www.af-kulturstiftung.de\/wordpress\/wp-content\/uploads\/AF_AQ_95_0014_Detail-768x709.jpg 768w, https:\/\/www.af-kulturstiftung.de\/wordpress\/wp-content\/uploads\/AF_AQ_95_0014_Detail-300x277.jpg 300w, https:\/\/www.af-kulturstiftung.de\/wordpress\/wp-content\/uploads\/AF_AQ_95_0014_Detail-1024x945.jpg 1024w, https:\/\/www.af-kulturstiftung.de\/wordpress\/wp-content\/uploads\/AF_AQ_95_0014_Detail-150x138.jpg 150w\" sizes=\"auto, (max-width: 768px) 100vw, 768px\" \/><\/a><\/div><\/div><\/div><\/div><div class=\"vc_col-sm-4 wpb_column vc_column_container\"><div class=\"vc_column-inner\"><div class=\"wpb_wrapper\"><div class=\"wpb_text_column\"><div class=\"wpb_wrapper\"><h5>CORONA &#8211; ein Bilderzyklus<\/h5>\n<\/div><\/div><div class=\"w-separator size_small\"><\/div><div class=\"w-image align_none\"><a title=\"Corona\" href=\"https:\/\/www.af-kulturstiftung.de\/wordpress\/online-ausstellungen\/corona\/\" aria-label=\"Andreas Felger, Corona XXV, 2020\" class=\"w-image-h\"><img decoding=\"async\" width=\"768\" height=\"988\" src=\"https:\/\/www.af-kulturstiftung.de\/wordpress\/wp-content\/uploads\/AF_AQ_20_0025_web-768x988.jpg\" class=\"attachment-us_768_0 size-us_768_0\" alt=\"\" loading=\"lazy\" srcset=\"https:\/\/www.af-kulturstiftung.de\/wordpress\/wp-content\/uploads\/AF_AQ_20_0025_web-768x988.jpg 768w, https:\/\/www.af-kulturstiftung.de\/wordpress\/wp-content\/uploads\/AF_AQ_20_0025_web-233x300.jpg 233w, https:\/\/www.af-kulturstiftung.de\/wordpress\/wp-content\/uploads\/AF_AQ_20_0025_web-796x1024.jpg 796w, https:\/\/www.af-kulturstiftung.de\/wordpress\/wp-content\/uploads\/AF_AQ_20_0025_web-117x150.jpg 117w, https:\/\/www.af-kulturstiftung.de\/wordpress\/wp-content\/uploads\/AF_AQ_20_0025_web.jpg 1042w\" sizes=\"auto, (max-width: 768px) 100vw, 768px\" \/><\/a><\/div><div class=\"w-separator size_large\"><\/div><div class=\"wpb_text_column\"><div class=\"wpb_wrapper\"><h5>HORIZONT<\/h5>\n<\/div><\/div><div class=\"w-separator size_small\"><\/div><div class=\"w-image align_none\"><a title=\"Horizont\" href=\"https:\/\/www.af-kulturstiftung.de\/wordpress\/online-ausstellungen\/horizont\/\" aria-label=\"Andreas Felger, ohne Titel, 1999\" class=\"w-image-h\"><img decoding=\"async\" width=\"667\" height=\"675\" src=\"https:\/\/www.af-kulturstiftung.de\/wordpress\/wp-content\/uploads\/AF_OEL_99_0042.jpg\" class=\"attachment-us_768_0 size-us_768_0\" alt=\"\" loading=\"lazy\" srcset=\"https:\/\/www.af-kulturstiftung.de\/wordpress\/wp-content\/uploads\/AF_OEL_99_0042.jpg 667w, https:\/\/www.af-kulturstiftung.de\/wordpress\/wp-content\/uploads\/AF_OEL_99_0042-296x300.jpg 296w, https:\/\/www.af-kulturstiftung.de\/wordpress\/wp-content\/uploads\/AF_OEL_99_0042-148x150.jpg 148w, https:\/\/www.af-kulturstiftung.de\/wordpress\/wp-content\/uploads\/AF_OEL_99_0042-346x350.jpg 346w, https:\/\/www.af-kulturstiftung.de\/wordpress\/wp-content\/uploads\/AF_OEL_99_0042-593x600.jpg 593w\" sizes=\"auto, (max-width: 667px) 100vw, 667px\" \/><\/a><\/div><\/div><\/div><\/div><\/div><\/div><\/section>\n","protected":false},"excerpt":{"rendered":"Online-Ausstellungen In unserer Online-Galerie pr\u00e4sentieren wir Ihnen regelm\u00e4\u00dfig thematische Ausstellungen aus dem vielseitigen Oeuvre von Andreas Felger. Die hier vorgestellten Werke sind gr\u00f6\u00dftenteils verk\u00e4uflich. Wenn Sie ein Werk erwerben oder im Original ansehen m\u00f6chten, \u00bb schreiben Sie uns gerne an. ZEITSPRUNG SCHMERZENSBILDER LEBENSLINIEN &#8211; fr\u00fche Skizzen BODENSEE CORONA &#8211; ein Bilderzyklus HORIZONT","protected":false},"author":4,"featured_media":0,"parent":0,"menu_order":0,"comment_status":"closed","ping_status":"closed","template":"","meta":{"h5ap_radio_sources":[],"footnotes":""},"class_list":["post-457","page","type-page","status-publish","hentry"],"_links":{"self":[{"href":"https:\/\/www.af-kulturstiftung.de\/wordpress\/wp-json\/wp\/v2\/pages\/457","targetHints":{"allow":["GET"]}}],"collection":[{"href":"https:\/\/www.af-kulturstiftung.de\/wordpress\/wp-json\/wp\/v2\/pages"}],"about":[{"href":"https:\/\/www.af-kulturstiftung.de\/wordpress\/wp-json\/wp\/v2\/types\/page"}],"author":[{"embeddable":true,"href":"https:\/\/www.af-kulturstiftung.de\/wordpress\/wp-json\/wp\/v2\/users\/4"}],"replies":[{"embeddable":true,"href":"https:\/\/www.af-kulturstiftung.de\/wordpress\/wp-json\/wp\/v2\/comments?post=457"}],"version-history":[{"count":0,"href":"https:\/\/www.af-kulturstiftung.de\/wordpress\/wp-json\/wp\/v2\/pages\/457\/revisions"}],"wp:attachment":[{"href":"https:\/\/www.af-kulturstiftung.de\/wordpress\/wp-json\/wp\/v2\/media?parent=457"}],"curies":[{"name":"wp","href":"https:\/\/api.w.org\/{rel}","templated":true}]}}