{"id":446,"date":"2017-09-23T21:00:32","date_gmt":"2017-09-23T19:00:32","guid":{"rendered":"http:\/\/www1.af-kulturstiftung.de\/wordpress\/?page_id=446"},"modified":"2026-03-12T18:06:56","modified_gmt":"2026-03-12T17:06:56","slug":"team","status":"publish","type":"page","link":"https:\/\/www.af-kulturstiftung.de\/wordpress\/team\/","title":{"rendered":"Team"},"content":{"rendered":"<section class=\"l-section wpb_row height_small with_img parallax_fixed\"><div class=\"l-section-img\" role=\"img\" aria-label=\"Bild\" data-img-width=\"1920\" data-img-height=\"955\" style=\"background-image: url(https:\/\/www.af-kulturstiftung.de\/wordpress\/wp-content\/uploads\/team.jpg);background-repeat: no-repeat;\"><\/div><div class=\"l-section-h i-cf\"><div class=\"g-cols vc_row via_flex valign_top type_default stacking_default\"><div class=\"vc_col-sm-6 wpb_column vc_column_container\"><div class=\"vc_column-inner\"><div class=\"wpb_wrapper\"><\/div><\/div><\/div><div class=\"vc_col-sm-6 wpb_column vc_column_container has_bg_color\"><div class=\"vc_column-inner us_custom_4fb9e5a3\"><div class=\"wpb_wrapper\"><div class=\"wpb_text_column\"><div class=\"wpb_wrapper\"><h4>TEAM<\/h4>\n<h4><strong>Stiftungsrat<\/strong><\/h4>\n<p><strong>Christoph Felger<\/strong>, Vorsitzender des Stiftungsrats<\/p>\n<p><strong>Angela Gr\u00e4fin Basselet de la Ros\u00e9e<\/strong>, Stellvertretende Vorsitzende des Stiftungsrats<\/p>\n<p><strong>Constanze Hager<\/strong>, Stiftungsratsmitglied<strong><br \/>\n<\/strong><\/p>\n<p><strong>Philipp Schweizer<\/strong>, Stiftungsratsmitglied<\/p>\n<h4><strong>Stiftungsvorstand<\/strong><\/h4>\n<p><strong>Friedemann Felger, <\/strong>Gesch\u00e4ftsf\u00fchrender Stiftungsvorstand<strong><br \/>\n<\/strong><\/p>\n<h4><strong>Kunstfreunde Andreas Felger<br \/>\n<\/strong><\/h4>\n<p><strong>Werner Baur<\/strong>, Vorstand und Leitung des F\u00f6rdervereins Kunstfreunde Andreas Felger e.V.<\/p>\n<h4><strong>Mitarbeiter*innen<\/strong><\/h4>\n<p><strong>Dr. Marvin Altner<\/strong>, Wissenschaftliche Mitarbeit<\/p>\n<p><strong>Grace Franck<\/strong> und <strong>Aglai Felger<\/strong>, Social Media<strong><br \/>\n<\/strong><\/p>\n<p>NN, Archiv\/Depot<\/p>\n<p>&nbsp;<\/p>\n<p><strong>Sitz der Gesch\u00e4ftsstelle<\/strong><\/p>\n<p>Andreas Felger Kulturstiftung<br \/>\nL\u00f6wensteinplatz 1<br \/>\n72116 M\u00f6ssingen<\/p>\n<p><strong>Postanschrift der Stiftung<\/strong><\/p>\n<p>Andreas Felger Kulturstiftung<br \/>\nGei\u00dfh\u00e4userstr. 15<br \/>\n72116 M\u00f6ssingen<\/p>\n<p>m +49 (0)178 7228297<\/p>\n<p><a href=\"mailto:info@af-kulturstiftung.de\">info@af-kulturstiftung.de<\/a><br \/>\n<a href=\"\/wordpress\/index.php\">www.af-kulturstiftung.de<\/a><\/p>\n<p>&nbsp;<\/p>\n<h4><strong>Dank<\/strong><\/h4>\n<p>Wir danken den ehemaligen Stiftungsratsmitgliedern und Stiftungsvorst\u00e4nden f\u00fcr ihr beispielloses Engagement f\u00fcr die Andreas Felger Kulturstiftung:<\/p>\n<p>Stiftungsrat:<\/p>\n<p><strong>Prof. Dr. Frank G\u00fcnter Zehnder<\/strong> (2002\u20132017)<\/p>\n<p><strong>Dr. Tomas Broch<\/strong> (2009\u20132019)<\/p>\n<p>Stiftungsvorstand:<\/p>\n<p><strong>Dr. Christina Thomson<\/strong> (2014\u20132017)<\/p>\n<\/div><\/div><\/div><\/div><\/div><\/div><\/div><\/section><!-- Row Backgrounds -->\n","protected":false},"excerpt":{"rendered":"TEAM Stiftungsrat Christoph Felger, Vorsitzender des Stiftungsrats Angela Gr\u00e4fin Basselet de la Ros\u00e9e, Stellvertretende Vorsitzende des Stiftungsrats Constanze Hager, Stiftungsratsmitglied Philipp Schweizer, Stiftungsratsmitglied Stiftungsvorstand Friedemann Felger, Gesch\u00e4ftsf\u00fchrender Stiftungsvorstand Kunstfreunde Andreas Felger Werner Baur, Vorstand und Leitung des F\u00f6rdervereins Kunstfreunde Andreas Felger e.V. Mitarbeiter*innen Dr. Marvin Altner, Wissenschaftliche Mitarbeit Grace Franck und Aglai Felger, Social Media...","protected":false},"author":4,"featured_media":0,"parent":0,"menu_order":0,"comment_status":"closed","ping_status":"closed","template":"","meta":{"h5ap_radio_sources":[],"footnotes":""},"class_list":["post-446","page","type-page","status-publish","hentry"],"_links":{"self":[{"href":"https:\/\/www.af-kulturstiftung.de\/wordpress\/wp-json\/wp\/v2\/pages\/446","targetHints":{"allow":["GET"]}}],"collection":[{"href":"https:\/\/www.af-kulturstiftung.de\/wordpress\/wp-json\/wp\/v2\/pages"}],"about":[{"href":"https:\/\/www.af-kulturstiftung.de\/wordpress\/wp-json\/wp\/v2\/types\/page"}],"author":[{"embeddable":true,"href":"https:\/\/www.af-kulturstiftung.de\/wordpress\/wp-json\/wp\/v2\/users\/4"}],"replies":[{"embeddable":true,"href":"https:\/\/www.af-kulturstiftung.de\/wordpress\/wp-json\/wp\/v2\/comments?post=446"}],"version-history":[{"count":0,"href":"https:\/\/www.af-kulturstiftung.de\/wordpress\/wp-json\/wp\/v2\/pages\/446\/revisions"}],"wp:attachment":[{"href":"https:\/\/www.af-kulturstiftung.de\/wordpress\/wp-json\/wp\/v2\/media?parent=446"}],"curies":[{"name":"wp","href":"https:\/\/api.w.org\/{rel}","templated":true}]}}