{"id":425,"date":"2017-09-12T12:37:53","date_gmt":"2017-09-12T10:37:53","guid":{"rendered":"http:\/\/www1.af-kulturstiftung.de\/wordpress\/?page_id=425"},"modified":"2023-10-04T11:08:46","modified_gmt":"2023-10-04T09:08:46","slug":"textil","status":"publish","type":"page","link":"https:\/\/www.af-kulturstiftung.de\/wordpress\/werk\/textil\/","title":{"rendered":"Textil"},"content":{"rendered":"<section class=\"l-section wpb_row us_custom_d971738f height_medium\"><div class=\"l-section-h i-cf\"><div class=\"g-cols vc_row via_flex valign_top type_default stacking_default\"><div class=\"vc_col-sm-3 wpb_column vc_column_container\"><div class=\"vc_column-inner\"><div class=\"wpb_wrapper\"><div class=\"wpb_text_column\"><div class=\"wpb_wrapper\"><h4><a href=\"\/werk\/\">WERK<\/a>\u00a0\/\u00a0TEXTIL<\/h4>\n<\/div><\/div><\/div><\/div><\/div><div class=\"vc_col-sm-9 wpb_column vc_column_container\"><div class=\"vc_column-inner\"><div class=\"wpb_wrapper\"><div class=\"wpb_text_column\"><div class=\"wpb_wrapper\"><p>Andreas Felgers kreative Wurzeln liegen im Textildesign. 1950, mit 15 Jahren, beginnt er seine Ausbildung zum Musterzeichner bei der Pausa AG, einem erfolgreichen Textilbetrieb im schw\u00e4bischen M\u00f6ssingen. Der Firmenchef f\u00f6rdert Felgers k\u00fcnstlerisches Talent durch freie Auftr\u00e4ge, die ihm ab 1954 ein Kunststudium in M\u00fcnchen erm\u00f6glichen. <div class=\"bg-margin-for-link\"><input type='hidden' bg_collapse_expand='69d218b6b769e3052976897' value='69d218b6b769e3052976897'><input type='hidden' id='bg-show-more-text-69d218b6b769e3052976897' value='Weiterlesen \u2026'><input type='hidden' id='bg-show-less-text-69d218b6b769e3052976897' value='weniger \u2026'><div id='bg-showmore-hidden-69d218b6b769e3052976897' ><\/p>\n<p>Zwischen 1959 und 1980 avanciert er zu einem der wichtigsten Designer der Pausa AG. \u00dcber 1000 Stoffe, darunter die bekannten Afrikana- und Mexikana-Serien, zeugen von seinem enorm vielseitigen und innovativen textilgestalterischen Schaffen jener Jahre.<\/p>\n<p>Zugleich befl\u00fcgelt das Textildesign auch Felgers freie Kunst, die er 1974 erstmals in einer Einzelausstellung mit Druckgrafiken in R\u00e4umen der kunstaffin gef\u00fchrten Pausa AG pr\u00e4sentiert. Zahlreiche auf Papier erhaltene Original-Entw\u00fcrfe f\u00fcr Stoffe zeigen: Die virtuose Handschrift, pr\u00e4gnanten Muster und brillanten Kolorite der textilen Auftragsarbeiten finden Parallelen in <a href=\"\/holzschnitt\/\" target=\"_blank\" rel=\"noopener\">Holzschnitten<\/a>, <a href=\"\/aquarell\/\" target=\"_blank\" rel=\"noopener\">Aquarellen<\/a> und <a href=\"\/oel\/\" target=\"_blank\" rel=\"noopener\">\u00d6lbildern<\/a>, die als freie Werke entstehen. Die Ausstellung <a href=\"\/werkstoff\/\" target=\"_blank\" rel=\"noopener\">WERK.STOFF<\/a> \u2013 DAS TEXTILE IN DER KUNST (M\u00f6ssingen 2015) zeigte eindr\u00fccklich, wie eng Andreas Felgers Bildwelt mit dem textilen Repertoire verwebt ist.<\/div><\/div><a id='bg-showmore-action-69d218b6b769e3052976897' class='bg-showmore-plg-link bg-arrow '  style=\" color:#72777c;;\" href='#'>Weiterlesen \u2026<\/a><\/p>\n<\/div><\/div><\/div><\/div><\/div><\/div><\/div><\/section><section class=\"l-section wpb_row us_custom_d984a24d height_small\"><div class=\"l-section-h i-cf\"><div class=\"g-cols vc_row via_flex valign_top type_default stacking_default\"><div class=\"vc_col-sm-12 wpb_column vc_column_container\"><div class=\"vc_column-inner\"><div class=\"wpb_wrapper\"><div class=\"w-grid us_grid type_masonry layout_6333 cols_4 preload_style_spinner with_isotope\" id=\"us_grid_1\" style=\"--columns:4;--gap:1.5rem;\" data-filterable=\"true\"><style>@media (max-width:1280px){#us_grid_1{--columns:3!important}}@media (max-width:1024px){#us_grid_1{--columns:2!important}}@media (max-width:600px){#us_grid_1{--columns:1!important}}.layout_6333 .w-grid-item-h{}.layout_6333 .usg_post_image_1{margin-bottom:1rem!important}.layout_6333 .usg_post_content_1{margin-top:0.5rem!important}<\/style><div class=\"w-grid-list\">\t<article class=\"w-grid-item size_1x1 post-2511 post type-post status-publish format-standard has-post-thumbnail hentry category-textil\" data-id=\"2511\">\r\n\t\t<div class=\"w-grid-item-h\">\r\n\t\t\t\t\t\t<div class=\"w-post-elm post_image usg_post_image_1 stretched\"><a href=\"https:\/\/www.af-kulturstiftung.de\/wordpress\/af_tex_001\/\" aria-label=\"Textil_Vesuv\"><img loading=\"lazy\" decoding=\"async\" width=\"768\" height=\"512\" src=\"https:\/\/www.af-kulturstiftung.de\/wordpress\/wp-content\/uploads\/Vesuv_Do-698-768x512.jpeg\" class=\"attachment-us_768_0 size-us_768_0 wp-post-image\" alt=\"\" srcset=\"https:\/\/www.af-kulturstiftung.de\/wordpress\/wp-content\/uploads\/Vesuv_Do-698-768x512.jpeg 768w, https:\/\/www.af-kulturstiftung.de\/wordpress\/wp-content\/uploads\/Vesuv_Do-698-300x200.jpeg 300w, https:\/\/www.af-kulturstiftung.de\/wordpress\/wp-content\/uploads\/Vesuv_Do-698-1024x682.jpeg 1024w, https:\/\/www.af-kulturstiftung.de\/wordpress\/wp-content\/uploads\/Vesuv_Do-698-150x100.jpeg 150w, https:\/\/www.af-kulturstiftung.de\/wordpress\/wp-content\/uploads\/Vesuv_Do-698.jpeg 1235w\" sizes=\"auto, (max-width: 768px) 100vw, 768px\" \/><\/a><\/div><div class=\"w-post-elm post_content usg_post_content_1\"><p>Vesuv<\/p>\n<\/div>\t\t<\/div>\r\n\t\t\t<\/article>\r\n\t<article class=\"w-grid-item size_1x1 post-4166 post type-post status-publish format-standard has-post-thumbnail hentry category-textil\" data-id=\"4166\">\r\n\t\t<div class=\"w-grid-item-h\">\r\n\t\t\t\t\t\t<div class=\"w-post-elm post_image usg_post_image_1 stretched\"><a href=\"https:\/\/www.af-kulturstiftung.de\/wordpress\/af_tex_002\/\" aria-label=\"Textil_Siwa\"><img loading=\"lazy\" decoding=\"async\" width=\"768\" height=\"512\" src=\"https:\/\/www.af-kulturstiftung.de\/wordpress\/wp-content\/uploads\/Textil_Siwa_Do-668-768x512.jpeg\" class=\"attachment-us_768_0 size-us_768_0 wp-post-image\" alt=\"\" srcset=\"https:\/\/www.af-kulturstiftung.de\/wordpress\/wp-content\/uploads\/Textil_Siwa_Do-668-768x512.jpeg 768w, https:\/\/www.af-kulturstiftung.de\/wordpress\/wp-content\/uploads\/Textil_Siwa_Do-668-300x200.jpeg 300w, https:\/\/www.af-kulturstiftung.de\/wordpress\/wp-content\/uploads\/Textil_Siwa_Do-668-1024x682.jpeg 1024w, https:\/\/www.af-kulturstiftung.de\/wordpress\/wp-content\/uploads\/Textil_Siwa_Do-668-150x100.jpeg 150w, https:\/\/www.af-kulturstiftung.de\/wordpress\/wp-content\/uploads\/Textil_Siwa_Do-668.jpeg 1235w\" sizes=\"auto, (max-width: 768px) 100vw, 768px\" \/><\/a><\/div><div class=\"w-post-elm post_content usg_post_content_1\"><p>Siwa<\/p>\n<\/div>\t\t<\/div>\r\n\t\t\t<\/article>\r\n\t<article class=\"w-grid-item size_1x1 post-4170 post type-post status-publish format-standard has-post-thumbnail hentry category-textil\" data-id=\"4170\">\r\n\t\t<div class=\"w-grid-item-h\">\r\n\t\t\t\t\t\t<div class=\"w-post-elm post_image usg_post_image_1 stretched\"><a href=\"https:\/\/www.af-kulturstiftung.de\/wordpress\/af_tex_003\/\" aria-label=\"Textil_Afrikana\"><img loading=\"lazy\" decoding=\"async\" width=\"768\" height=\"512\" src=\"https:\/\/www.af-kulturstiftung.de\/wordpress\/wp-content\/uploads\/Textil_Afrikana-768x512.jpeg\" class=\"attachment-us_768_0 size-us_768_0 wp-post-image\" alt=\"\" srcset=\"https:\/\/www.af-kulturstiftung.de\/wordpress\/wp-content\/uploads\/Textil_Afrikana-768x512.jpeg 768w, https:\/\/www.af-kulturstiftung.de\/wordpress\/wp-content\/uploads\/Textil_Afrikana-300x200.jpeg 300w, https:\/\/www.af-kulturstiftung.de\/wordpress\/wp-content\/uploads\/Textil_Afrikana-1024x682.jpeg 1024w, https:\/\/www.af-kulturstiftung.de\/wordpress\/wp-content\/uploads\/Textil_Afrikana-150x100.jpeg 150w, https:\/\/www.af-kulturstiftung.de\/wordpress\/wp-content\/uploads\/Textil_Afrikana.jpeg 1235w\" sizes=\"auto, (max-width: 768px) 100vw, 768px\" \/><\/a><\/div><div class=\"w-post-elm post_content usg_post_content_1\"><p>Afrikana<\/p>\n<\/div>\t\t<\/div>\r\n\t\t\t<\/article>\r\n\t<article class=\"w-grid-item size_1x1 post-4172 post type-post status-publish format-standard has-post-thumbnail hentry category-textil\" data-id=\"4172\">\r\n\t\t<div class=\"w-grid-item-h\">\r\n\t\t\t\t\t\t<div class=\"w-post-elm post_image usg_post_image_1 stretched\"><a href=\"https:\/\/www.af-kulturstiftung.de\/wordpress\/af_tex_004\/\" aria-label=\"Textil_Ondulata\"><img loading=\"lazy\" decoding=\"async\" width=\"768\" height=\"512\" src=\"https:\/\/www.af-kulturstiftung.de\/wordpress\/wp-content\/uploads\/Textil_Ondulata_1915-768x512.jpeg\" class=\"attachment-us_768_0 size-us_768_0 wp-post-image\" alt=\"\" srcset=\"https:\/\/www.af-kulturstiftung.de\/wordpress\/wp-content\/uploads\/Textil_Ondulata_1915-768x512.jpeg 768w, https:\/\/www.af-kulturstiftung.de\/wordpress\/wp-content\/uploads\/Textil_Ondulata_1915-300x200.jpeg 300w, https:\/\/www.af-kulturstiftung.de\/wordpress\/wp-content\/uploads\/Textil_Ondulata_1915-1024x682.jpeg 1024w, https:\/\/www.af-kulturstiftung.de\/wordpress\/wp-content\/uploads\/Textil_Ondulata_1915-150x100.jpeg 150w, https:\/\/www.af-kulturstiftung.de\/wordpress\/wp-content\/uploads\/Textil_Ondulata_1915.jpeg 1235w\" sizes=\"auto, (max-width: 768px) 100vw, 768px\" \/><\/a><\/div><div class=\"w-post-elm post_content usg_post_content_1\"><p>Ondulata<\/p>\n<\/div>\t\t<\/div>\r\n\t\t\t<\/article>\r\n\t<article class=\"w-grid-item size_1x1 post-4174 post type-post status-publish format-standard has-post-thumbnail hentry category-textil\" data-id=\"4174\">\r\n\t\t<div class=\"w-grid-item-h\">\r\n\t\t\t\t\t\t<div class=\"w-post-elm post_image usg_post_image_1 stretched\"><a href=\"https:\/\/www.af-kulturstiftung.de\/wordpress\/af_tex_005\/\" aria-label=\"Textil_Ardenna\"><img loading=\"lazy\" decoding=\"async\" width=\"768\" height=\"512\" src=\"https:\/\/www.af-kulturstiftung.de\/wordpress\/wp-content\/uploads\/Textil_Ardenna_Do-698-768x512.jpeg\" class=\"attachment-us_768_0 size-us_768_0 wp-post-image\" alt=\"\" srcset=\"https:\/\/www.af-kulturstiftung.de\/wordpress\/wp-content\/uploads\/Textil_Ardenna_Do-698-768x512.jpeg 768w, https:\/\/www.af-kulturstiftung.de\/wordpress\/wp-content\/uploads\/Textil_Ardenna_Do-698-300x200.jpeg 300w, https:\/\/www.af-kulturstiftung.de\/wordpress\/wp-content\/uploads\/Textil_Ardenna_Do-698-1024x682.jpeg 1024w, https:\/\/www.af-kulturstiftung.de\/wordpress\/wp-content\/uploads\/Textil_Ardenna_Do-698-150x100.jpeg 150w, https:\/\/www.af-kulturstiftung.de\/wordpress\/wp-content\/uploads\/Textil_Ardenna_Do-698.jpeg 1235w\" sizes=\"auto, (max-width: 768px) 100vw, 768px\" \/><\/a><\/div><div class=\"w-post-elm post_content usg_post_content_1\"><p>Ardenna<\/p>\n<\/div>\t\t<\/div>\r\n\t\t\t<\/article>\r\n\t<article class=\"w-grid-item size_1x1 post-4176 post type-post status-publish format-standard has-post-thumbnail hentry category-textil\" data-id=\"4176\">\r\n\t\t<div class=\"w-grid-item-h\">\r\n\t\t\t\t\t\t<div class=\"w-post-elm post_image usg_post_image_1 stretched\"><a href=\"https:\/\/www.af-kulturstiftung.de\/wordpress\/af_tex_006\/\" aria-label=\"Textil_Yaxuma\"><img loading=\"lazy\" decoding=\"async\" width=\"562\" height=\"354\" src=\"https:\/\/www.af-kulturstiftung.de\/wordpress\/wp-content\/uploads\/AF_Tasuma.jpg\" class=\"attachment-us_768_0 size-us_768_0 wp-post-image\" alt=\"\" srcset=\"https:\/\/www.af-kulturstiftung.de\/wordpress\/wp-content\/uploads\/AF_Tasuma.jpg 562w, https:\/\/www.af-kulturstiftung.de\/wordpress\/wp-content\/uploads\/AF_Tasuma-300x189.jpg 300w, https:\/\/www.af-kulturstiftung.de\/wordpress\/wp-content\/uploads\/AF_Tasuma-150x94.jpg 150w\" sizes=\"auto, (max-width: 562px) 100vw, 562px\" \/><\/a><\/div><div class=\"w-post-elm post_content usg_post_content_1\"><p>Yaxuma<\/p>\n<\/div>\t\t<\/div>\r\n\t\t\t<\/article>\r\n\t<article class=\"w-grid-item size_1x1 post-4178 post type-post status-publish format-standard has-post-thumbnail hentry category-textil\" data-id=\"4178\">\r\n\t\t<div class=\"w-grid-item-h\">\r\n\t\t\t\t\t\t<div class=\"w-post-elm post_image usg_post_image_1 stretched\"><a href=\"https:\/\/www.af-kulturstiftung.de\/wordpress\/af_tex_007\/\" aria-label=\"Textil_Flowers\"><img loading=\"lazy\" decoding=\"async\" width=\"768\" height=\"512\" src=\"https:\/\/www.af-kulturstiftung.de\/wordpress\/wp-content\/uploads\/Textil_ohne-Titel-3-768x512.jpeg\" class=\"attachment-us_768_0 size-us_768_0 wp-post-image\" alt=\"\" srcset=\"https:\/\/www.af-kulturstiftung.de\/wordpress\/wp-content\/uploads\/Textil_ohne-Titel-3-768x512.jpeg 768w, https:\/\/www.af-kulturstiftung.de\/wordpress\/wp-content\/uploads\/Textil_ohne-Titel-3-300x200.jpeg 300w, https:\/\/www.af-kulturstiftung.de\/wordpress\/wp-content\/uploads\/Textil_ohne-Titel-3-1024x682.jpeg 1024w, https:\/\/www.af-kulturstiftung.de\/wordpress\/wp-content\/uploads\/Textil_ohne-Titel-3-150x100.jpeg 150w, https:\/\/www.af-kulturstiftung.de\/wordpress\/wp-content\/uploads\/Textil_ohne-Titel-3.jpeg 1235w\" sizes=\"auto, (max-width: 768px) 100vw, 768px\" \/><\/a><\/div><div class=\"w-post-elm post_content usg_post_content_1\"><p>Flowers<\/p>\n<\/div>\t\t<\/div>\r\n\t\t\t<\/article>\r\n\t<article class=\"w-grid-item size_1x1 post-4180 post type-post status-publish format-standard has-post-thumbnail hentry category-textil\" data-id=\"4180\">\r\n\t\t<div class=\"w-grid-item-h\">\r\n\t\t\t\t\t\t<div class=\"w-post-elm post_image usg_post_image_1 stretched\"><a href=\"https:\/\/www.af-kulturstiftung.de\/wordpress\/af_tex_008\/\" aria-label=\"Textil_Birds\"><img loading=\"lazy\" decoding=\"async\" width=\"768\" height=\"512\" src=\"https:\/\/www.af-kulturstiftung.de\/wordpress\/wp-content\/uploads\/Textil_ohne-Titel-1-768x512.jpeg\" class=\"attachment-us_768_0 size-us_768_0 wp-post-image\" alt=\"\" srcset=\"https:\/\/www.af-kulturstiftung.de\/wordpress\/wp-content\/uploads\/Textil_ohne-Titel-1-768x512.jpeg 768w, https:\/\/www.af-kulturstiftung.de\/wordpress\/wp-content\/uploads\/Textil_ohne-Titel-1-300x200.jpeg 300w, https:\/\/www.af-kulturstiftung.de\/wordpress\/wp-content\/uploads\/Textil_ohne-Titel-1-1024x682.jpeg 1024w, https:\/\/www.af-kulturstiftung.de\/wordpress\/wp-content\/uploads\/Textil_ohne-Titel-1-150x100.jpeg 150w, https:\/\/www.af-kulturstiftung.de\/wordpress\/wp-content\/uploads\/Textil_ohne-Titel-1.jpeg 1235w\" sizes=\"auto, (max-width: 768px) 100vw, 768px\" \/><\/a><\/div><div class=\"w-post-elm post_content usg_post_content_1\"><p>Birds<\/p>\n<\/div>\t\t<\/div>\r\n\t\t\t<\/article>\r\n<\/div>\t<div class=\"w-grid-preloader\">\r\n\t\t<div class=\"g-preloader type_1\">\r\n\t\t\t<div><\/div>\r\n\t\t<\/div>\r\n\t<\/div>\r\n\t\t<div class=\"w-grid-json hidden\" onclick='return {&quot;action&quot;:&quot;us_ajax_grid&quot;,&quot;infinite_scroll&quot;:0,&quot;max_num_pages&quot;:1,&quot;pagination&quot;:&quot;none&quot;,&quot;template_vars&quot;:{&quot;columns&quot;:&quot;4&quot;,&quot;exclude_items&quot;:&quot;none&quot;,&quot;img_size&quot;:&quot;us_768_0&quot;,&quot;ignore_items_size&quot;:0,&quot;items_layout&quot;:&quot;6333&quot;,&quot;items_offset&quot;:&quot;1&quot;,&quot;load_animation&quot;:&quot;none&quot;,&quot;overriding_link&quot;:&quot;{\\&quot;url\\&quot;:\\&quot;\\&quot;}&quot;,&quot;post_id&quot;:0,&quot;query_args&quot;:{&quot;post_type&quot;:[&quot;post&quot;],&quot;tax_query&quot;:[{&quot;taxonomy&quot;:&quot;category&quot;,&quot;field&quot;:&quot;slug&quot;,&quot;terms&quot;:[&quot;textil&quot;]}],&quot;post_status&quot;:[&quot;publish&quot;],&quot;posts_per_page&quot;:&quot;50&quot;},&quot;orderby_query_args&quot;:{&quot;orderby&quot;:{&quot;date&quot;:&quot;ASC&quot;}},&quot;type&quot;:&quot;masonry&quot;,&quot;us_grid_post_type&quot;:&quot;post&quot;,&quot;us_grid_ajax_index&quot;:1,&quot;us_grid_filter_query_string&quot;:null,&quot;us_grid_index&quot;:1,&quot;page_args&quot;:[]}}'><\/div>\r\n\t<\/div><\/div><\/div><\/div><\/div><\/div><\/section>\n","protected":false},"excerpt":{"rendered":"WERK \/ TEXTIL Andreas Felger, Birds, 1960er JahreTextil \u00a9 AFKSBirds Textil 1960er Jahre unverk\u00e4uflich zur\u00fcck zur \u00dcbersichtVorheriger BeitragTextil_Flowers","protected":false},"author":4,"featured_media":0,"parent":1793,"menu_order":0,"comment_status":"closed","ping_status":"closed","template":"","meta":{"h5ap_radio_sources":[],"footnotes":""},"class_list":["post-425","page","type-page","status-publish","hentry"],"_links":{"self":[{"href":"https:\/\/www.af-kulturstiftung.de\/wordpress\/wp-json\/wp\/v2\/pages\/425","targetHints":{"allow":["GET"]}}],"collection":[{"href":"https:\/\/www.af-kulturstiftung.de\/wordpress\/wp-json\/wp\/v2\/pages"}],"about":[{"href":"https:\/\/www.af-kulturstiftung.de\/wordpress\/wp-json\/wp\/v2\/types\/page"}],"author":[{"embeddable":true,"href":"https:\/\/www.af-kulturstiftung.de\/wordpress\/wp-json\/wp\/v2\/users\/4"}],"replies":[{"embeddable":true,"href":"https:\/\/www.af-kulturstiftung.de\/wordpress\/wp-json\/wp\/v2\/comments?post=425"}],"version-history":[{"count":0,"href":"https:\/\/www.af-kulturstiftung.de\/wordpress\/wp-json\/wp\/v2\/pages\/425\/revisions"}],"up":[{"embeddable":true,"href":"https:\/\/www.af-kulturstiftung.de\/wordpress\/wp-json\/wp\/v2\/pages\/1793"}],"wp:attachment":[{"href":"https:\/\/www.af-kulturstiftung.de\/wordpress\/wp-json\/wp\/v2\/media?parent=425"}],"curies":[{"name":"wp","href":"https:\/\/api.w.org\/{rel}","templated":true}]}}