{"id":399,"date":"2017-09-12T10:21:47","date_gmt":"2017-09-12T08:21:47","guid":{"rendered":"http:\/\/www1.af-kulturstiftung.de\/wordpress\/?page_id=399"},"modified":"2023-06-15T18:32:09","modified_gmt":"2023-06-15T16:32:09","slug":"presse","status":"publish","type":"page","link":"https:\/\/www.af-kulturstiftung.de\/wordpress\/presse\/","title":{"rendered":"Presse"},"content":{"rendered":"<section class=\"l-section wpb_row height_small with_img parallax_fixed\"><div class=\"l-section-img\" role=\"img\" aria-label=\"Bild\" data-img-width=\"1042\" data-img-height=\"1041\" style=\"background-image: url(https:\/\/www.af-kulturstiftung.de\/wordpress\/wp-content\/uploads\/AF_Oel_17_0048_web.jpg);background-repeat: no-repeat;\"><\/div><div class=\"l-section-h i-cf\"><div class=\"g-cols vc_row via_flex valign_top type_default stacking_default\"><div class=\"vc_col-sm-6 wpb_column vc_column_container\"><div class=\"vc_column-inner\"><div class=\"wpb_wrapper\"><\/div><\/div><\/div><div class=\"vc_col-sm-6 wpb_column vc_column_container has_bg_color\"><div class=\"vc_column-inner us_custom_4fb9e5a3\"><div class=\"wpb_wrapper\"><div class=\"wpb_text_column\"><div class=\"wpb_wrapper\"><h4>PRESSE<\/h4>\n<p>In den Rubriken <a href=\"\/wordpress\/index.php\/ausstellungen\/\">Ausstellungen<\/a> und unter dem Men\u00fcpunkt Initiativen finden Sie Informationen zu den jeweiligen Projekten:<\/p>\n<ul>\n<li>Pressemitteilungen<\/li>\n<li>Informationen zu Pressebildern<\/li>\n<li>Presseecho<\/li>\n<\/ul>\n<p>Wir freuen uns \u00fcber jede Berichterstattung und stehen f\u00fcr R\u00fcckfragen bereit.<\/p>\n<p>Andreas Felger Kulturstiftung<br \/>\nGei\u00dfh\u00e4userstra\u00dfe 15<br \/>\n72116 M\u00f6ssingen<\/p>\n<p><strong>Ansprechpartner<\/strong><br \/>\nFriedemann Felger<br \/>\nGesch\u00e4ftsf\u00fchrender Vorstand<\/p>\n<p>m +49 (0)178 7228297<\/p>\n<p>E-Mail: <a href=\"mailto:info@af-kulturstiftung.de\">info@af-kulturstiftung.de<\/a><br \/>\nWWW: <a href=\"https:\/\/www.af-kulturstiftung.de\/wordpress\">www.af-kulturstiftung.de<\/a><\/p>\n<\/div><\/div><div class=\"w-separator size_medium\"><\/div><div class=\"w-btn-wrapper align_none\"><a class=\"w-btn us-btn-style_1\" href=\"https:\/\/https:\/\/www.af-kulturstiftung.de\/wordpress\/service\/kontakt\/\"><span class=\"w-btn-label\">Kontaktformular<\/span><\/a><\/div><div class=\"w-separator size_small\"><\/div><div class=\"w-text\"><span class=\"w-text-h\"><span class=\"w-text-value\">Hintergrundbild: Andreas Felger, ohne Titel, 2017, \u00d6l auf Leinwand, 100 x 100 cm \u00a9 AFKS<\/span><\/span><\/div><\/div><\/div><\/div><\/div><\/div><\/section><!-- Row Backgrounds -->\n","protected":false},"excerpt":{"rendered":"PRESSE In den Rubriken Ausstellungen und unter dem Men\u00fcpunkt Initiativen finden Sie Informationen zu den jeweiligen Projekten: Pressemitteilungen Informationen zu Pressebildern Presseecho Wir freuen uns \u00fcber jede Berichterstattung und stehen f\u00fcr R\u00fcckfragen bereit. Andreas Felger Kulturstiftung Gei\u00dfh\u00e4userstra\u00dfe 15 72116 M\u00f6ssingen Ansprechpartner Friedemann Felger Gesch\u00e4ftsf\u00fchrender Vorstand m +49 (0)178 7228297 E-Mail: info@af-kulturstiftung.de WWW: www.af-kulturstiftung.de KontaktformularHintergrundbild: Andreas...","protected":false},"author":4,"featured_media":0,"parent":0,"menu_order":0,"comment_status":"closed","ping_status":"closed","template":"","meta":{"h5ap_radio_sources":[],"footnotes":""},"class_list":["post-399","page","type-page","status-publish","hentry"],"_links":{"self":[{"href":"https:\/\/www.af-kulturstiftung.de\/wordpress\/wp-json\/wp\/v2\/pages\/399","targetHints":{"allow":["GET"]}}],"collection":[{"href":"https:\/\/www.af-kulturstiftung.de\/wordpress\/wp-json\/wp\/v2\/pages"}],"about":[{"href":"https:\/\/www.af-kulturstiftung.de\/wordpress\/wp-json\/wp\/v2\/types\/page"}],"author":[{"embeddable":true,"href":"https:\/\/www.af-kulturstiftung.de\/wordpress\/wp-json\/wp\/v2\/users\/4"}],"replies":[{"embeddable":true,"href":"https:\/\/www.af-kulturstiftung.de\/wordpress\/wp-json\/wp\/v2\/comments?post=399"}],"version-history":[{"count":0,"href":"https:\/\/www.af-kulturstiftung.de\/wordpress\/wp-json\/wp\/v2\/pages\/399\/revisions"}],"wp:attachment":[{"href":"https:\/\/www.af-kulturstiftung.de\/wordpress\/wp-json\/wp\/v2\/media?parent=399"}],"curies":[{"name":"wp","href":"https:\/\/api.w.org\/{rel}","templated":true}]}}