{"id":397,"date":"2017-09-12T10:21:36","date_gmt":"2017-09-12T08:21:36","guid":{"rendered":"http:\/\/www1.af-kulturstiftung.de\/wordpress\/?page_id=397"},"modified":"2023-06-17T15:17:01","modified_gmt":"2023-06-17T13:17:01","slug":"lizenzen","status":"publish","type":"page","link":"https:\/\/www.af-kulturstiftung.de\/wordpress\/service\/lizenzen\/","title":{"rendered":"Lizenzen"},"content":{"rendered":"<section class=\"l-section wpb_row height_small with_img parallax_fixed\"><div class=\"l-section-img\" role=\"img\" aria-label=\"Bild\" data-img-width=\"1042\" data-img-height=\"828\" style=\"background-image: url(https:\/\/www.af-kulturstiftung.de\/wordpress\/wp-content\/uploads\/AF_Oel_02_0022.jpg);background-repeat: no-repeat;\"><\/div><div class=\"l-section-h i-cf\"><div class=\"g-cols vc_row via_flex valign_top type_default stacking_default\"><div class=\"vc_col-sm-6 wpb_column vc_column_container\"><div class=\"vc_column-inner\"><div class=\"wpb_wrapper\"><\/div><\/div><\/div><div class=\"vc_col-sm-6 wpb_column vc_column_container has_bg_color\"><div class=\"vc_column-inner us_custom_4fb9e5a3\"><div class=\"wpb_wrapper\"><div class=\"wpb_text_column\"><div class=\"wpb_wrapper\"><h4>Lizenzen erwerben<\/h4>\n<p>Andreas Felgers Werk ist reich an Motiven, die zu vielen unterschiedlichen Verwendungen inspirieren. Der K\u00fcnstler und die Andreas Felger Kulturstiftung blicken auf \u00fcber drei\u00dfig Jahre Erfahrung mit der Herausgabe von hochwertigen Kunstpublikationen, Karteneditionen, Plakaten und Kalendern in Zusammenarbeit mit zahlreichen Verlagen zur\u00fcck.<\/p>\n<p>Diese Expertise k\u00f6nnen wir auch f\u00fcr Sie und Ihr Unternehmen zur Verf\u00fcgung stellen. Wir bieten eine F\u00fclle von Motiven zur lizenzierten Verwendung an, insbesondere f\u00fcr Drucksachen. W\u00e4hlen Sie etwa:<\/p>\n<ul>\n<li>eine rhythmische Abstraktion f\u00fcr ein Musik-CD-Cover<\/li>\n<li>einen Blumenstrau\u00df f\u00fcr eine Geburtstagseinladung<\/li>\n<li>ein Winterbild f\u00fcr die Neujahrsgr\u00fc\u00dfe der Firma<\/li>\n<li>ein Lichtmotiv f\u00fcr den Gemeindebrief<\/li>\n<li>einen Engel als Wandschmuck<\/li>\n<\/ul>\n<p>Gern stellen wir Ihnen auf Anfrage eine individuelle Vorauswahl an Bildern nach Ihren W\u00fcnschen zusammen. F\u00fcr die Erstellung eines Angebots und bei allen Fragen zur Bildlizenznahme, wenden Sie sich an die Gesch\u00e4ftsstelle der Andreas Felger Kulturstiftung: <a href=\"mailto:info@af-kulturstiftung.de\">info@af-kulturstiftung.de<\/a><\/p>\n<p>Aktuell zeigen wir f\u00fcnf Online-Kollektionen aus unserer Datenbank, die Andreas Felgers Werk in gro\u00dfem Umfang und in seiner Vielschichtigkeit zug\u00e4nglich machen. F\u00fcr alle hier gezeigten Werke k\u00f6nnen Reproduktionslizenzen ausgestellt werden:<\/p>\n<hr class=\"twenty-down\" \/>\n<p><a href=\"https:\/\/af-kulturstiftung.us4.list-manage.com\/track\/click?u=0cf4974619b1d0d75e816858e&amp;id=9279030cd1&amp;e=d4e2e61f36\/\" target=\"_blank\" rel=\"noopener\">Kollektion BLUMEN<\/a><\/p>\n<hr \/>\n<p><a href=\"https:\/\/af-kulturstiftung.us4.list-manage.com\/track\/click?u=0cf4974619b1d0d75e816858e&amp;id=ddbdcc7c24&amp;e=d4e2e61f36\/\" target=\"_blank\" rel=\"noopener\">Kollektion LANDSCHAFTEN<\/a><\/p>\n<hr \/>\n<p><a href=\"https:\/\/af-kulturstiftung.us4.list-manage.com\/track\/click?u=0cf4974619b1d0d75e816858e&amp;id=e6d2d2a16b&amp;e=d4e2e61f36\/\" target=\"_blank\" rel=\"noopener\">Kollektion MENSCH<\/a><\/p>\n<hr \/>\n<p><a href=\"https:\/\/af-kulturstiftung.us4.list-manage.com\/track\/click?u=0cf4974619b1d0d75e816858e&amp;id=0720a0d490&amp;e=d4e2e61f36\/\" target=\"_blank\" rel=\"noopener\">Kollektion SPIRITUALIT\u00c4T<\/a><\/p>\n<hr \/>\n<p><a href=\"https:\/\/af-kulturstiftung.us4.list-manage.com\/track\/click?u=0cf4974619b1d0d75e816858e&amp;id=6112058123&amp;e=d4e2e61f36\/\" target=\"_blank\" rel=\"noopener\">Kollektion ABSTRAKTION<\/a><\/p>\n<hr \/>\n<\/div><\/div><div class=\"w-separator size_medium with_line width_default thick_1 style_solid color_border align_center\"><div class=\"w-separator-h\"><\/div><\/div><div class=\"wpb_text_column\"><div class=\"wpb_wrapper\"><p>Bitte beachten:<\/p>\n<blockquote>\n<p>Jegliche \u00f6ffentliche Verwendung oder Vervielf\u00e4ltigung von Abbildungen der Kunstwerke von Andreas Felger \u2013 einschlie\u00dflich solcher, die sich im eigenen Besitz befinden \u2013 bed\u00fcrfen der ausdr\u00fccklichen Genehmigung durch die Andreas Felger Kulturstiftung als verwaltende Inhaberin der Urheberrechte. Zuwiderhandlungen werden verfolgt. Bei genehmigten Verwendungen gelten unsere AGBs.<\/p>\n<\/blockquote>\n<p>\u00bb Hier finden Sie unsere <a href=\"https:\/\/www.af-kulturstiftung.de\/wordpress\/agbs\/\">AGBs<\/a> f\u00fcr die Bildlizenzvergabe.<\/p>\n<\/div><\/div><div class=\"w-separator size_huge with_line width_default thick_1 style_solid color_border align_center\"><div class=\"w-separator-h\"><\/div><\/div><div class=\"wpb_text_column\"><div class=\"wpb_wrapper\"><p>Hintergrundbild<br \/>\nAndreas Felger, ohne Titel, 2002, \u00d6l auf Leinwand, 80 x 100 cm \u00a9 AFKS<\/p>\n<\/div><\/div><\/div><\/div><\/div><\/div><\/div><\/section><!-- Row Backgrounds -->\n","protected":false},"excerpt":{"rendered":"Lizenzen erwerben Andreas Felgers Werk ist reich an Motiven, die zu vielen unterschiedlichen Verwendungen inspirieren. Der K\u00fcnstler und die Andreas Felger Kulturstiftung blicken auf \u00fcber drei\u00dfig Jahre Erfahrung mit der Herausgabe von hochwertigen Kunstpublikationen, Karteneditionen, Plakaten und Kalendern in Zusammenarbeit mit zahlreichen Verlagen zur\u00fcck. Diese Expertise k\u00f6nnen wir auch f\u00fcr Sie und Ihr Unternehmen zur...","protected":false},"author":4,"featured_media":0,"parent":25,"menu_order":0,"comment_status":"closed","ping_status":"closed","template":"","meta":{"h5ap_radio_sources":[],"footnotes":""},"class_list":["post-397","page","type-page","status-publish","hentry"],"_links":{"self":[{"href":"https:\/\/www.af-kulturstiftung.de\/wordpress\/wp-json\/wp\/v2\/pages\/397","targetHints":{"allow":["GET"]}}],"collection":[{"href":"https:\/\/www.af-kulturstiftung.de\/wordpress\/wp-json\/wp\/v2\/pages"}],"about":[{"href":"https:\/\/www.af-kulturstiftung.de\/wordpress\/wp-json\/wp\/v2\/types\/page"}],"author":[{"embeddable":true,"href":"https:\/\/www.af-kulturstiftung.de\/wordpress\/wp-json\/wp\/v2\/users\/4"}],"replies":[{"embeddable":true,"href":"https:\/\/www.af-kulturstiftung.de\/wordpress\/wp-json\/wp\/v2\/comments?post=397"}],"version-history":[{"count":0,"href":"https:\/\/www.af-kulturstiftung.de\/wordpress\/wp-json\/wp\/v2\/pages\/397\/revisions"}],"up":[{"embeddable":true,"href":"https:\/\/www.af-kulturstiftung.de\/wordpress\/wp-json\/wp\/v2\/pages\/25"}],"wp:attachment":[{"href":"https:\/\/www.af-kulturstiftung.de\/wordpress\/wp-json\/wp\/v2\/media?parent=397"}],"curies":[{"name":"wp","href":"https:\/\/api.w.org\/{rel}","templated":true}]}}