{"id":395,"date":"2017-09-12T10:21:26","date_gmt":"2017-09-12T08:21:26","guid":{"rendered":"http:\/\/www1.af-kulturstiftung.de\/wordpress\/?page_id=395"},"modified":"2021-04-18T15:41:10","modified_gmt":"2021-04-18T13:41:10","slug":"ausstellung-buchen","status":"publish","type":"page","link":"https:\/\/www.af-kulturstiftung.de\/wordpress\/ausstellung-buchen\/","title":{"rendered":"Ausstellung buchen"},"content":{"rendered":"<section class=\"l-section wpb_row height_small with_img parallax_fixed\"><div class=\"l-section-img\" role=\"img\" aria-label=\"Bild\" data-img-width=\"1920\" data-img-height=\"955\" style=\"background-image: url(https:\/\/www.af-kulturstiftung.de\/wordpress\/wp-content\/uploads\/ausstellung-buchen-1.jpg);background-repeat: no-repeat;\"><\/div><div class=\"l-section-h i-cf\"><div class=\"g-cols vc_row via_flex valign_top type_default stacking_default\"><div class=\"vc_col-sm-6 wpb_column vc_column_container\"><div class=\"vc_column-inner\"><div class=\"wpb_wrapper\"><\/div><\/div><\/div><div class=\"vc_col-sm-6 wpb_column vc_column_container has_bg_color\"><div class=\"vc_column-inner us_custom_4fb9e5a3\"><div class=\"wpb_wrapper\"><div class=\"wpb_text_column\"><div class=\"wpb_wrapper\"><h4>Ausstellung buchen<\/h4>\n<p>Andreas Felger hat einzelne Werkgruppen und Zyklen geschaffen, die inhaltliche Einheiten bilden. Dazu geh\u00f6ren zum Beispiel: <a href=\"https:\/\/www.af-kulturstiftung.de\/wordpress\/werkzyklen\/fremdling-du\/\">Fremdling Du<\/a>, <a href=\"https:\/\/www.af-kulturstiftung.de\/wordpress\/werkzyklen\/fragmente\/\">Fragmente der Hoffnung<\/a>, <a href=\"https:\/\/www.af-kulturstiftung.de\/wordpress\/werkzyklen\/werke-der-barmherzigkeit\/\">Werke der Barmherzigkeit<\/a>, Du bist Abraham, <a href=\"https:\/\/www.af-kulturstiftung.de\/wordpress\/werkzyklen\/credo\/\">Credo<\/a>, <a href=\"https:\/\/www.af-kulturstiftung.de\/wordpress\/werkzyklen\/vater-unser\/\">Vater Unser<\/a> und viele andere. Da ihre Pr\u00e4sentation nur als Gruppe sinnvoll ist, sind die Zyklen zu Ausstellungszwecken aus dem Stiftungsbestand entleihbar.<\/p>\n<\/div><\/div><div class=\"w-btn-wrapper align_none\"><a class=\"w-btn us-btn-style_1\" href=\"\/wordpress\/index.php\/werkzyklen\/\"><span class=\"w-btn-label\">Werkzyklen ansehen<\/span><\/a><\/div><div class=\"w-separator size_custom\" style=\"height:16px\"><\/div><div class=\"wpb_text_column\"><div class=\"wpb_wrapper\"><p>Wenn Sie Interesse haben, ein Ausstellungspaket zu buchen, kontaktieren Sie uns gern. Wir pr\u00fcfen dann die Verf\u00fcgbarkeit der Werke sowie die konservatorischen und sicherheitstechnischen Bedingungen am gew\u00fcnschten Ausstellungsort. Bitte beachten Sie, dass wir f\u00fcr die Bereitstellung und Einrichtung der Ausstellung eine Pauschale berechnen.<\/p>\n<\/div><\/div><div class=\"w-btn-wrapper align_none\"><a class=\"w-btn us-btn-style_1\" href=\"https:\/\/https:\/\/www.af-kulturstiftung.de\/wordpress\/wp-content\/uploads\/2019_Ausstellungsbedingungen_AFelger.pdf#\"><span class=\"w-btn-label\">Mustervertrag herunterladen<\/span><\/a><\/div><div class=\"w-separator size_custom\" style=\"height:32px\"><\/div><div class=\"wpb_text_column\"><div class=\"wpb_wrapper\"><h4>Leihgaben und kuratierte Ausstellungen<\/h4>\n<p>Wir realisieren auch andere Ausstellungsprojekte mit Werken aus dem weitgespannten \u0152uvre Andreas Felgers. Kontaktieren Sie uns an, um Ihre Vorstellungen im pers\u00f6nlichen Gespr\u00e4ch abzustimmen.<\/p>\n<\/div><\/div><\/div><\/div><\/div><\/div><\/div><\/section><!-- Row Backgrounds -->\n","protected":false},"excerpt":{"rendered":"Ausstellung buchen Andreas Felger hat einzelne Werkgruppen und Zyklen geschaffen, die inhaltliche Einheiten bilden. Dazu geh\u00f6ren zum Beispiel: Fremdling Du, Fragmente der Hoffnung, Werke der Barmherzigkeit, Du bist Abraham, Credo, Vater Unser und viele andere. Da ihre Pr\u00e4sentation nur als Gruppe sinnvoll ist, sind die Zyklen zu Ausstellungszwecken aus dem Stiftungsbestand entleihbar. Werkzyklen ansehenWenn Sie...","protected":false},"author":4,"featured_media":0,"parent":0,"menu_order":0,"comment_status":"closed","ping_status":"closed","template":"","meta":{"h5ap_radio_sources":[],"footnotes":""},"class_list":["post-395","page","type-page","status-publish","hentry"],"_links":{"self":[{"href":"https:\/\/www.af-kulturstiftung.de\/wordpress\/wp-json\/wp\/v2\/pages\/395","targetHints":{"allow":["GET"]}}],"collection":[{"href":"https:\/\/www.af-kulturstiftung.de\/wordpress\/wp-json\/wp\/v2\/pages"}],"about":[{"href":"https:\/\/www.af-kulturstiftung.de\/wordpress\/wp-json\/wp\/v2\/types\/page"}],"author":[{"embeddable":true,"href":"https:\/\/www.af-kulturstiftung.de\/wordpress\/wp-json\/wp\/v2\/users\/4"}],"replies":[{"embeddable":true,"href":"https:\/\/www.af-kulturstiftung.de\/wordpress\/wp-json\/wp\/v2\/comments?post=395"}],"version-history":[{"count":0,"href":"https:\/\/www.af-kulturstiftung.de\/wordpress\/wp-json\/wp\/v2\/pages\/395\/revisions"}],"wp:attachment":[{"href":"https:\/\/www.af-kulturstiftung.de\/wordpress\/wp-json\/wp\/v2\/media?parent=395"}],"curies":[{"name":"wp","href":"https:\/\/api.w.org\/{rel}","templated":true}]}}