{"id":3932,"date":"2018-08-15T09:58:19","date_gmt":"2018-08-15T07:58:19","guid":{"rendered":"http:\/\/www1.af-kulturstiftung.de\/wordpress\/?page_id=3932"},"modified":"2025-03-22T11:36:29","modified_gmt":"2025-03-22T10:36:29","slug":"rund-um-tuebingen","status":"publish","type":"page","link":"https:\/\/www.af-kulturstiftung.de\/wordpress\/kunst-stationen\/rund-um-tuebingen\/","title":{"rendered":"Rund um T\u00fcbingen"},"content":{"rendered":"<section class=\"l-section wpb_row height_small with_img parallax_fixed\"><div class=\"l-section-img\" role=\"img\" aria-label=\"Bild\" data-img-width=\"1920\" data-img-height=\"955\" style=\"background-image: url(https:\/\/www.af-kulturstiftung.de\/wordpress\/wp-content\/uploads\/kunst-stationen-tuebingen-xl.jpg);background-repeat: no-repeat;\"><\/div><div class=\"l-section-h i-cf\"><div class=\"g-cols vc_row via_flex valign_top type_default stacking_default\"><div class=\"vc_col-sm-6 wpb_column vc_column_container has_bg_color\"><div class=\"vc_column-inner us_custom_4fb9e5a3\"><div class=\"wpb_wrapper\"><div class=\"wpb_text_column\"><div class=\"wpb_wrapper\"><h4><a href=\"\/wordpress\/index.php\/kunst-stationen\/\">kunst.stationen<\/a>\u00a0\/\u00a0RUND UM T\u00dcBINGEN<\/h4>\n<\/div><\/div><div class=\"w-tabs style_default switch_click accordion has_scrolling\" style=\"--sections-title-size:inherit\"><div class=\"w-tabs-sections titles-align_none icon_chevron cpos_right\"><div class=\"w-tabs-section\" id=\"x319\"><button class=\"w-tabs-section-header\" aria-controls=\"content-x319\" aria-expanded=\"false\"><div class=\"w-tabs-section-title\">St. Bernhard Kirche, N\u00fcrtingen<\/div><div class=\"w-tabs-section-control\"><\/div><\/button><div  class=\"w-tabs-section-content\" id=\"content-x319\"><div class=\"w-tabs-section-content-h i-cf\"><div class=\"wpb_text_column\"><div class=\"wpb_wrapper\"><figure id=\"attachment_2308\" aria-describedby=\"caption-attachment-2308\" style=\"width: 1042px\" class=\"wp-caption alignleft\"><a ref=\"magnificPopup\" href=\"https:\/\/www.af-kulturstiftung.de\/wordpress\/wp-content\/uploads\/Nuertingen-Kirche07464web-2-1.jpg\"><img loading=\"lazy\" decoding=\"async\" class=\"size-full wp-image-2308\" src=\"https:\/\/www.af-kulturstiftung.de\/wordpress\/wp-content\/uploads\/Nuertingen-Kirche07464web-2-1.jpg\" alt=\"\" width=\"1042\" height=\"695\" \/><\/a><figcaption id=\"caption-attachment-2308\" class=\"wp-caption-text\">3 GLASFENSTER &#8222;GLAUBE&#8220;, &#8222;LIEBE&#8220;, &#8222;HOFFNUNG&#8220;, 2001, Glas, je 240 x 60 cm | 4 PARAMENTE, 2001\u20132016, gewebter Stoff, je 153 x 66 cm, Foto: Benedikt Schweizer<\/figcaption><\/figure>\n<p>Glaube, Liebe und Hoffnung, die christlichen Kardinaltugenden, reichen weit \u00fcber den einzelnen Menschen hinaus. Sie k\u00f6nnen einen geistigen Zusammenhang zwischen irdischer und himmlischer Welt herstellen \u2013 eine Aufgabe, die im Innern von Kirchenr\u00e4umen auch die den Betrachter weit \u00fcberragenden Fenster erf\u00fcllen. Die Farben der Glasfenster erhalten ihre Strahlkraft vom nat\u00fcrlichen Licht, das seinerseits bildlich geformt wird, indem es durch die Fenster f\u00e4llt.<\/p>\n<p>Licht und Werkinhalte gehen eine unmittelbare Synthese zwischen Natur und Kunst ein: Das eine spricht durch das andere. Die Farb- und Formsymbolik Andreas Felgers soll f\u00fcr jeden Kirchg\u00e4nger verst\u00e4ndlich sein: Der Dreiklang aus Blau, Rot und Gr\u00fcn entspricht der kirchlichen Darstellungstradition f\u00fcr die Trias aus Glaube, Liebe und Hoffnung. Die Formen, Hochrechteck und Oval, nehmen die jeweils architektonisch gegebene Fensterform auf, sodass Bauwerk und Kunstwerk zur Einheit werden. Dies unterstreicht die Anordnung der Rechtecke in den \u00e4u\u00dferen Fenstern, die auf die symmetrische Platzierung der Fenstereinfassungen Bezug nimmt.<\/p>\n<p>Thematisch stimmt diese Glasarbeit Felgers mit den gleichnamigen Holzreliefs im Primus-Truber-Gemeindehaus in T\u00fcbingen-Derendingen \u00fcberein, doch die Charakteristika der Medien und ihre Raumwirkung sind gegens\u00e4tzlich. Die massiven Holzplatten treten hervor und in Kontakt zum Betrachter, sie vermitteln zwischen Wand und Skulptur mit materieller Pr\u00e4senz und zeigen eine hohe Farbintensit\u00e4t. Die N\u00fcrtinger Glasfenster hingegen wirken immateriell: Ihr architektonisch gerahmter, farbdurchdrungener Lichtraum betont das Transzendente in Liebe, Glaube und Hoffnung.<\/p>\n<p>Autor: Marvin Altner<\/p>\n<p><a href=\"http:\/\/www.ev-kirche-neckarhausen.de\/\" target=\"_blank\" rel=\"noopener noreferrer\">St. Bernhard Kirche, N\u00fcrtingen<\/a><\/p>\n<\/div><\/div><\/div><\/div><\/div><div class=\"w-tabs-section\" id=\"p9b5\"><button class=\"w-tabs-section-header\" aria-controls=\"content-p9b5\" aria-expanded=\"false\"><div class=\"w-tabs-section-title\">Primus-Truber-Haus, Derendingen<\/div><div class=\"w-tabs-section-control\"><\/div><\/button><div  class=\"w-tabs-section-content\" id=\"content-p9b5\"><div class=\"w-tabs-section-content-h i-cf\"><div class=\"wpb_text_column\"><div class=\"wpb_wrapper\"><figure id=\"attachment_2312\" aria-describedby=\"caption-attachment-2312\" style=\"width: 1042px\" class=\"wp-caption aligncenter\"><a ref=\"magnificPopup\" href=\"https:\/\/www.af-kulturstiftung.de\/wordpress\/wp-content\/uploads\/Tue-Derendingen-07771_web.jpg\"><img loading=\"lazy\" decoding=\"async\" class=\"size-full wp-image-2312\" src=\"https:\/\/www.af-kulturstiftung.de\/wordpress\/wp-content\/uploads\/Tue-Derendingen-07771_web.jpg\" alt=\"\" width=\"1042\" height=\"695\" \/><\/a><figcaption id=\"caption-attachment-2312\" class=\"wp-caption-text\">3 HOLZRELIEFS: GLAUBE, LIEBE, HOFFNUNG, 2001, \u00d6lfarbe auf Holz, 290 x 40 x 7 cm (\u00e4u\u00dfere Stelen), 300 x 60 x 7 cm (mittlere Stele) | KREUZ, 2001, Holz, 49 x 44 cm | ALTAR, 2001, Lackfarbe auf Holz, H 58 cm, \u00d8 140cm | LESEPULT, 2001, Lackfarbe auf Holz, 118 x 78 x 72 cm | 3 PARAMENTE, gewebter Stoff, violett: 2001, 116 x 40 cm, gr\u00fcn: 2002, 116 x 38,5 cm, wei\u00df: 2005, 116 x 40 cm | 2 ALTARLEUCHTER, Metall<\/figcaption><\/figure>\n<p>An einer zentralen Wand des Primus-Truber-Gemeindehauses h\u00e4ngen \u2013 hoch aufragend und in ihrer Farbigkeit den Raum bestimmend \u2013 drei Holzreliefs von Andreas Felger. F\u00fcr die elementaren, die g\u00f6ttlichen Tugenden \u2013 Glaube, Liebe und Hoffnung \u2013 steht eine elementare k\u00fcnstlerische Form. Die drei Platten entsprechen einander in Material, Bearbeitung und leuchtender Farbwirkung, als seien sie Teile eines einzigen Stamms. Sie sind angeordnet wie ein Triptychon mit gr\u00f6\u00dferem Mittelteil und symmetrischen Seitenfl\u00fcgeln.<\/p>\n<p>Das Symbol der Liebe steht \u00fcberragend im Zentrum und l\u00e4sst sich so als direkte Bezugnahme auf den ersten Korintherbrief lesen: \u201eF\u00fcr jetzt bleiben Glaube, Hoffnung, Liebe, diese drei; doch am gr\u00f6\u00dften unter ihnen ist die Liebe\u201c. (1 Kor 13,13 EU) Jede der Tugenden ist in einem anderen Formenvokabular dargestellt. Auf die Hoffnung verweist die Dynamik der Linien nat\u00fcrlichen Wachstums und Lebensflusses. Der Glaube zeigt sich als schmales Rechteck, das sich (so der K\u00fcnstler) darauf bezieht, dass der christliche Glaube seinen Weg nur durch die T\u00fcr Jesus Christus findet: \u201eIch bin die T\u00fcr\u201c.<\/p>\n<p>Die Liebe wird in Form eines Kreuzes dargestellt, das einem goldenen Kreis eingeschrieben ist. Die massiven H\u00f6lzer haben unregelm\u00e4\u00dfige Kanten, Abs\u00e4tze und Einschnitte, welche die Symmetrie der Komposition relativieren. Die vielen Einkerbungen lassen den Betrachter an das Kreuz des christlichen Martyriums denken. Andreas Felgers Reliefwerk korrespondiert so mit dem kleinen hellen Kreuz auf dem Altartisch, das mit seinen Kerben, einer geteilten Ovalform und einem goldenen Kreis die Bildzeichen von Glaube, Liebe und Hoffnung wieder aufnimmt.<\/p>\n<p>Autor: Marvin Altner<\/p>\n<p><a href=\"https:\/\/www.ev-kirche-derendingen.de\/\" target=\"_blank\" rel=\"noopener noreferrer\">Primus-Truber-Haus<\/a><\/p>\n<p>&nbsp;<\/p>\n<\/div><\/div><\/div><\/div><\/div><div class=\"w-tabs-section\" id=\"v04e\"><button class=\"w-tabs-section-header\" aria-controls=\"content-v04e\" aria-expanded=\"false\"><div class=\"w-tabs-section-title\">Gemeindehaus der Evangelischen Kirchengemeinde Hagelloch, T\u00fcbingen<\/div><div class=\"w-tabs-section-control\"><\/div><\/button><div  class=\"w-tabs-section-content\" id=\"content-v04e\"><div class=\"w-tabs-section-content-h i-cf\"><div class=\"wpb_text_column\"><div class=\"wpb_wrapper\"><figure id=\"attachment_2315\" aria-describedby=\"caption-attachment-2315\" style=\"width: 1042px\" class=\"wp-caption aligncenter\"><a ref=\"magnificPopup\" href=\"https:\/\/www.af-kulturstiftung.de\/wordpress\/wordpress\/wp-content\/uploads\/Hagelloch-07451web.jpg\"><img loading=\"lazy\" decoding=\"async\" class=\"size-full wp-image-2315\" src=\"https:\/\/www.af-kulturstiftung.de\/wordpress\/wordpress\/wp-content\/uploads\/Hagelloch-07451web.jpg\" alt=\"\" width=\"1042\" height=\"681\" srcset=\"https:\/\/www.af-kulturstiftung.de\/wordpress\/wp-content\/uploads\/Hagelloch-07451web.jpg 1042w, https:\/\/www.af-kulturstiftung.de\/wordpress\/wp-content\/uploads\/Hagelloch-07451web-300x196.jpg 300w, https:\/\/www.af-kulturstiftung.de\/wordpress\/wp-content\/uploads\/Hagelloch-07451web-768x502.jpg 768w, https:\/\/www.af-kulturstiftung.de\/wordpress\/wp-content\/uploads\/Hagelloch-07451web-1024x669.jpg 1024w, https:\/\/www.af-kulturstiftung.de\/wordpress\/wp-content\/uploads\/Hagelloch-07451web-150x98.jpg 150w\" sizes=\"auto, (max-width: 1042px) 100vw, 1042px\" \/><\/a><figcaption id=\"caption-attachment-2315\" class=\"wp-caption-text\">GLASFENSTER: BROTVERMEHRUNG, 1986, Glas, 220 x 65 cm | 5 HOLZDRUCKE: &#8222;GLEICHNISSE&#8220; (GLEICHNIS VOM FISCHERNETZ, VIERFACHES ACKERFELD, GLEICHNIS VON DER PERLE, SCHATZ IM ACKER, SENFKORNBAUM), 1984, Holzschnitt, je ca. 100 x 70 cm<\/figcaption><\/figure>\n<p>Wie ein Netz liegen die Bleiruten des Glasfensters <em>Brotvermehrung<\/em> in der Komposition aus Fischen und Broten, Wasser und Licht. Von unten nach oben betrachtet wird die Darstellung sukzessive heller: Sie setzt mit tiefem Blau ein und lichtet sich zur Bildmitte in Ockerfarben auf, die am Himmel in das Wei\u00df reinen gl\u00e4sernen Lichts \u00fcbergehen. Die Farben der Sonnenr\u00e4nder korrespondieren mit denen der runden Brote. Es liegt nahe, daran zu denken, dass das Getreide, aus dem sie bestehen, mit der Kraft der Sonne gewachsen ist und dass Brot und Sonne gleicherma\u00dfen dem Menschen Energie zum Leben geben.<\/p>\n<p>Die Trennung von oberer und unterer Bildh\u00e4lfte in die Elemente des Wassers und der Luft wird durch die nach rechts versetzte Sonne aufgehoben. Von ihr aus f\u00fchrt eine Lichtlinie in leichtem Zickzack bis tief hinunter zu den Fischen, so weit, dass zwischen Licht und reflektierendem Fischleib nicht mehr unterschieden werden kann. Kompositorisch entsteht im Zentrum des Werks eine Kreuzform, die in die vielschichtige Figurenwelt eingelagert ist und sich daher erst auf den zweiten Blick erschlie\u00dft. Je genauer der Betrachter den Linien folgt, desto mehr Bez\u00fcge wird er zwischen den einzelnen Glasformen und den Bildgegenst\u00e4nden insgesamt erkennen k\u00f6nnen.<\/p>\n<p>Das Wunder Jesu von der Brotvermehrung, die am See Genezareth Tausenden Nahrung spendete, l\u00e4sst sich zusammendenken mit einem Glaskunstwerk, das umso mehr zu sehen gibt, je l\u00e4nger man schaut. Es nimmt damit auf den Gl\u00e4ubigen Bezug, dessen Glaube wachsen kann, je l\u00e4nger er w\u00e4hrt.<\/p>\n<p>Autor: Marvin Altner<\/p>\n<p><a href=\"http:\/\/www.hagelloch-evangelisch.de\/\" target=\"_blank\" rel=\"noopener noreferrer\">Evangelische Kirchengemeinde Hagelloch<\/a><\/p>\n<p>&nbsp;<\/p>\n<\/div><\/div><\/div><\/div><\/div><\/div><\/div><\/div><\/div><\/div><div class=\"vc_col-sm-6 wpb_column vc_column_container\"><div class=\"vc_column-inner\"><div class=\"wpb_wrapper\"><\/div><\/div><\/div><\/div><\/div><\/section><!-- Row Backgrounds -->\n","protected":false},"excerpt":{"rendered":"kunst.stationen\u00a0\/\u00a0RUND UM T\u00dcBINGEN St. Bernhard Kirche, N\u00fcrtingen3 GLASFENSTER &#8222;GLAUBE&#8220;, &#8222;LIEBE&#8220;, &#8222;HOFFNUNG&#8220;, 2001, Glas, je 240 x 60 cm | 4 PARAMENTE, 2001\u20132016, gewebter Stoff, je 153 x 66 cm, Foto: Benedikt Schweizer Glaube, Liebe und Hoffnung, die christlichen Kardinaltugenden, reichen weit \u00fcber den einzelnen Menschen hinaus. Sie k\u00f6nnen einen geistigen Zusammenhang zwischen irdischer und himmlischer...","protected":false},"author":4,"featured_media":0,"parent":460,"menu_order":0,"comment_status":"closed","ping_status":"closed","template":"","meta":{"h5ap_radio_sources":[],"footnotes":""},"class_list":["post-3932","page","type-page","status-publish","hentry"],"_links":{"self":[{"href":"https:\/\/www.af-kulturstiftung.de\/wordpress\/wp-json\/wp\/v2\/pages\/3932","targetHints":{"allow":["GET"]}}],"collection":[{"href":"https:\/\/www.af-kulturstiftung.de\/wordpress\/wp-json\/wp\/v2\/pages"}],"about":[{"href":"https:\/\/www.af-kulturstiftung.de\/wordpress\/wp-json\/wp\/v2\/types\/page"}],"author":[{"embeddable":true,"href":"https:\/\/www.af-kulturstiftung.de\/wordpress\/wp-json\/wp\/v2\/users\/4"}],"replies":[{"embeddable":true,"href":"https:\/\/www.af-kulturstiftung.de\/wordpress\/wp-json\/wp\/v2\/comments?post=3932"}],"version-history":[{"count":0,"href":"https:\/\/www.af-kulturstiftung.de\/wordpress\/wp-json\/wp\/v2\/pages\/3932\/revisions"}],"up":[{"embeddable":true,"href":"https:\/\/www.af-kulturstiftung.de\/wordpress\/wp-json\/wp\/v2\/pages\/460"}],"wp:attachment":[{"href":"https:\/\/www.af-kulturstiftung.de\/wordpress\/wp-json\/wp\/v2\/media?parent=3932"}],"curies":[{"name":"wp","href":"https:\/\/api.w.org\/{rel}","templated":true}]}}