{"id":364,"date":"2017-09-12T10:14:38","date_gmt":"2017-09-12T08:14:38","guid":{"rendered":"http:\/\/www1.af-kulturstiftung.de\/wordpress\/?page_id=364"},"modified":"2021-12-31T18:55:54","modified_gmt":"2021-12-31T17:55:54","slug":"kunstpreis","status":"publish","type":"page","link":"https:\/\/www.af-kulturstiftung.de\/wordpress\/kunstpreis\/","title":{"rendered":"KUNSTPREIS"},"content":{"rendered":"<section class=\"l-section wpb_row height_small with_img parallax_fixed\"><div class=\"l-section-img\" role=\"img\" aria-label=\"Bild\" data-img-width=\"1920\" data-img-height=\"955\" style=\"background-image: url(https:\/\/www.af-kulturstiftung.de\/wordpress\/wp-content\/uploads\/slideshow03.jpg);background-repeat: no-repeat;\"><\/div><div class=\"l-section-h i-cf\"><div class=\"g-cols vc_row via_flex valign_top type_default stacking_default\"><div class=\"vc_col-sm-6 wpb_column vc_column_container has_bg_color\"><div class=\"vc_column-inner us_custom_4fb9e5a3\"><div class=\"wpb_wrapper\"><div class=\"wpb_text_column us_custom_2eec13b6\"><div class=\"wpb_wrapper\"><h2><span style=\"color: #003366;\">WERK.STOFF Preis f\u00fcr Malerei<\/span><\/h2>\n<h4><span style=\"color: #003366; font-family: helvetica, arial, sans-serif;\">Ein Preis der Andreas Felger Kulturstiftung und des <a href=\"https:\/\/hdkv.de\/ausstellungen\/\">Heidelberger Kunstvereins<\/a><\/span><\/h4>\n<p><span style=\"font-family: helvetica, arial, sans-serif;\">Beim WERK.STOFF Preis f\u00fcr Malerei handelt es sich um einen bundesweit ausgeschriebenen F\u00f6rderpreis f\u00fcr Kunstschaffende im Bereich Malerei, der im Turnus von drei Jahren vergeben wird. Er richtet sich ohne Altersbeschr\u00e4nkung an in Deutschland lebende K\u00fcnstler*innen, die einem gr\u00f6\u00dferen Publikum bisher noch nicht bekannt sind. Die Nominierung erfolgt durch berufene Nominator*innen. Das Preisgeld soll es dem\/der Gewinner*in erm\u00f6glichen, sich w\u00e4hrend einer intensiven Arbeitsphase ganz auf die eigene k\u00fcnstlerische Entwicklung zu konzentrieren. Ins Leben gerufen anl\u00e4sslich des 80. Geburtstags ihres Stifters hat die Andreas Felger Kulturstiftung mit dem Heidelberger Kunstverein einen renommierten Kooperationspartner f\u00fcr die Auslobung des WERK.STOFF Preises gefunden.<\/span><\/p>\n<div class=\"\">\n<p><span style=\"font-family: helvetica, arial, sans-serif;\"><span class=\"\" style=\"font-size: 14pt;\">Der WERK.STOFF Preis f\u00fcr Malerei versteht Malerei als offenen Begriff.\u00a0<\/span><span class=\"\" style=\"font-size: 14pt;\">\u00dcber die Auffassung des klassischen Leinwandbildes hinaus \u00f6ffnet sich der Preis zeitgen\u00f6ssischen malerischen Praktiken, die u.a. das Repertoire der Materialien und Motivik erweitern und kultur\u00fcbergreifend bisher marginalisierte Bildwelten und Arbeitsweisen einbeziehen, in den Raum greifen, mediale Verkn\u00fcpfungen schaffen oder anderweitig Konventionen der gel\u00e4ufigen Auffassung von Malerei durchbrechen. Damit betont der Preis die Vielstimmigkeit des Mediums, die den fortlaufenden Wandel k\u00fcnstlerischer Produktion und die Diversit\u00e4t von Erfahrung in einer globalisierten Welt widerspiegelt und leistet einen Beitrag, die Relevanz des Mediums Malerei st\u00e4rker in die \u00f6ffentliche Wahrnehmung zu r\u00fccken.<\/span><\/span><\/p>\n<div>\n<p><span style=\"font-family: helvetica, arial, sans-serif;\">Informationen zum <a href=\"https:\/\/www.af-kulturstiftung.de\/wordpress\/kunstpreis-2018-nadira-husain\/\">WERK.STOFF Preis f\u00fcr Malerei 2018<\/a><\/span><\/p>\n<p><span style=\"font-family: helvetica, arial, sans-serif;\">Informationen zum <a href=\"https:\/\/www.af-kulturstiftung.de\/wordpress\/werk-stoff-preis-fuer-malerei-2021\/\">WERK.STOFF Preis f\u00fcr Malerei 2021<\/a><\/span><\/p>\n<div>\n<p><span style=\"font-family: helvetica, arial, sans-serif;\">Ablauf<\/span><\/p>\n<div>\n<p><span style=\"font-family: helvetica, arial, sans-serif;\">1. Ausrichtung einer Ausstellung der f\u00fcnf nominierten K\u00fcnstler*innen.<\/span><br \/>\n<span style=\"font-family: helvetica, arial, sans-serif;\">2. Benennung des\/der Preistr\u00e4gers*in und Vergabe eines Preisgeldes in H\u00f6he von 10.000 Euro.<\/span><br \/>\n<span style=\"font-family: helvetica, arial, sans-serif;\">3. Die Ausrichtung einer Einzelausstellung mit Begleitpublikation f\u00fcr den\/die Preistr\u00e4ger*in im Heidelberger Kunstverein.<\/span><\/p>\n<\/div>\n<\/div>\n<\/div>\n<\/div>\n<\/div><\/div><\/div><\/div><\/div><\/div><\/div><\/section><!-- Row Backgrounds --><section class=\"l-section wpb_row height_medium\"><div class=\"l-section-h i-cf\"><div class=\"g-cols vc_row via_flex valign_top type_default stacking_default\"><div class=\"vc_col-sm-12 wpb_column vc_column_container\"><div class=\"vc_column-inner\"><div class=\"wpb_wrapper\"><div class=\"wpb_text_column\"><div class=\"wpb_wrapper\"><\/div><\/div><\/div><\/div><\/div><\/div><\/div><\/section><section class=\"l-section wpb_row height_medium\"><div class=\"l-section-h i-cf\"><div class=\"g-cols vc_row via_flex valign_top type_default stacking_default\"><div class=\"vc_col-sm-12 wpb_column vc_column_container\"><div class=\"vc_column-inner\"><div class=\"wpb_wrapper\"><div class=\"wpb_text_column\"><div class=\"wpb_wrapper\"><\/div><\/div><\/div><\/div><\/div><\/div><\/div><\/section>\n","protected":false},"excerpt":{"rendered":"WERK.STOFF Preis f\u00fcr Malerei Ein Preis der Andreas Felger Kulturstiftung und des Heidelberger Kunstvereins Beim WERK.STOFF Preis f\u00fcr Malerei handelt es sich um einen bundesweit ausgeschriebenen F\u00f6rderpreis f\u00fcr Kunstschaffende im Bereich Malerei, der im Turnus von drei Jahren vergeben wird. Er richtet sich ohne Altersbeschr\u00e4nkung an in Deutschland lebende K\u00fcnstler*innen, die einem gr\u00f6\u00dferen Publikum bisher...","protected":false},"author":4,"featured_media":0,"parent":0,"menu_order":0,"comment_status":"closed","ping_status":"closed","template":"","meta":{"h5ap_radio_sources":[],"footnotes":""},"class_list":["post-364","page","type-page","status-publish","hentry"],"_links":{"self":[{"href":"https:\/\/www.af-kulturstiftung.de\/wordpress\/wp-json\/wp\/v2\/pages\/364","targetHints":{"allow":["GET"]}}],"collection":[{"href":"https:\/\/www.af-kulturstiftung.de\/wordpress\/wp-json\/wp\/v2\/pages"}],"about":[{"href":"https:\/\/www.af-kulturstiftung.de\/wordpress\/wp-json\/wp\/v2\/types\/page"}],"author":[{"embeddable":true,"href":"https:\/\/www.af-kulturstiftung.de\/wordpress\/wp-json\/wp\/v2\/users\/4"}],"replies":[{"embeddable":true,"href":"https:\/\/www.af-kulturstiftung.de\/wordpress\/wp-json\/wp\/v2\/comments?post=364"}],"version-history":[{"count":0,"href":"https:\/\/www.af-kulturstiftung.de\/wordpress\/wp-json\/wp\/v2\/pages\/364\/revisions"}],"wp:attachment":[{"href":"https:\/\/www.af-kulturstiftung.de\/wordpress\/wp-json\/wp\/v2\/media?parent=364"}],"curies":[{"name":"wp","href":"https:\/\/api.w.org\/{rel}","templated":true}]}}