{"id":3261,"date":"2018-06-16T12:50:08","date_gmt":"2018-06-16T10:50:08","guid":{"rendered":"http:\/\/www1.af-kulturstiftung.de\/wordpress\/?page_id=3261"},"modified":"2025-04-04T16:44:14","modified_gmt":"2025-04-04T14:44:14","slug":"vater-unser","status":"publish","type":"page","link":"https:\/\/www.af-kulturstiftung.de\/wordpress\/werkzyklen\/vater-unser\/","title":{"rendered":"Vater Unser"},"content":{"rendered":"<section class=\"l-section wpb_row us_custom_d971738f height_medium\"><div class=\"l-section-h i-cf\"><div class=\"g-cols vc_row via_flex valign_top type_default stacking_default\"><div class=\"vc_col-sm-6 wpb_column vc_column_container\"><div class=\"vc_column-inner\"><div class=\"wpb_wrapper\"><div class=\"wpb_text_column\"><div class=\"wpb_wrapper\"><h4><a href=\"\/wordpress\/werkzyklen\/\">WERKZYKLEN<\/a>\u00a0\/\u00a0VATER UNSER<\/h4>\n<\/div><\/div><\/div><\/div><\/div><div class=\"vc_col-sm-6 wpb_column vc_column_container\"><div class=\"vc_column-inner\"><div class=\"wpb_wrapper\"><div class=\"wpb_text_column\"><div class=\"wpb_wrapper\"><p>Andreas Felgers Bilder zum &#8222;Vater Unser&#8220; entsprechen in Klarheit und Pr\u00e4gnanz dem Wortlaut des Gebets. Die Bildzeichen des gesamten Zyklus beruhen auf einem \u00e4u\u00dferst reduzierten Formvokabular, das einen Resonanzraum f\u00fcr subjektive Empfindungen und Deutungen bietet und zugleich so allgemein (verst\u00e4ndlich) bleibt, dass jede und jeder angesprochen werden kann.<\/p>\n<p>Andreas Felger hat verschiedene Werkgruppen und Zyklen geschaffen, die inhaltliche Einheiten bilden. Im Sinne von Wanderausstellungen sind sie auf Anfrage aus dem Stiftungsbestand <a href=\"\/wordpress\/index.php\/ausstellung-buchen\/\">entleihbar<\/a>.<\/p>\n<\/div><\/div><\/div><\/div><\/div><\/div><\/div><\/section><section class=\"l-section wpb_row us_custom_d984a24d height_small\"><div class=\"l-section-h i-cf\"><div class=\"g-cols vc_row via_flex valign_top type_default stacking_default\"><div class=\"vc_col-sm-12 wpb_column vc_column_container\"><div class=\"vc_column-inner\"><div class=\"wpb_wrapper\"><div class=\"w-grid us_grid type_grid layout_6333 cols_4 preload_style_spinner\" id=\"us_grid_1\" style=\"--columns:4;--gap:1.5rem;\" data-filterable=\"true\"><style>@media (max-width:1280px){#us_grid_1{--columns:3!important}}@media (max-width:1024px){#us_grid_1{--columns:2!important}}@media (max-width:600px){#us_grid_1{--columns:1!important}}.layout_6333 .w-grid-item-h{}.layout_6333 .usg_post_image_1{margin-bottom:1rem!important}.layout_6333 .usg_post_content_1{margin-top:0.5rem!important}<\/style><div class=\"w-grid-list\">\t<article class=\"w-grid-item size_1x1 post-3297 post type-post status-publish format-standard has-post-thumbnail hentry category-vater-unser\" data-id=\"3297\">\r\n\t\t<div class=\"w-grid-item-h\">\r\n\t\t\t\t\t\t<div class=\"w-post-elm post_image usg_post_image_1 stretched\"><a href=\"https:\/\/www.af-kulturstiftung.de\/wordpress\/af_aq_04_0008\/\" aria-label=\"AF_AQ_04_0008\"><img loading=\"lazy\" decoding=\"async\" width=\"667\" height=\"667\" src=\"https:\/\/www.af-kulturstiftung.de\/wordpress\/wp-content\/uploads\/AF_AQ_04_0008.jpg\" class=\"attachment-us_768_0 size-us_768_0 wp-post-image\" alt=\"\" srcset=\"https:\/\/www.af-kulturstiftung.de\/wordpress\/wp-content\/uploads\/AF_AQ_04_0008.jpg 667w, https:\/\/www.af-kulturstiftung.de\/wordpress\/wp-content\/uploads\/AF_AQ_04_0008-150x150.jpg 150w, https:\/\/www.af-kulturstiftung.de\/wordpress\/wp-content\/uploads\/AF_AQ_04_0008-300x300.jpg 300w, https:\/\/www.af-kulturstiftung.de\/wordpress\/wp-content\/uploads\/AF_AQ_04_0008-350x350.jpg 350w, https:\/\/www.af-kulturstiftung.de\/wordpress\/wp-content\/uploads\/AF_AQ_04_0008-600x600.jpg 600w\" sizes=\"auto, (max-width: 667px) 100vw, 667px\" \/><\/a><\/div><div class=\"w-post-elm post_content usg_post_content_1\"><p>Vater Unser I (Vater Unser)<br \/>\n2004<br \/>\nAquarell auf Papier<br \/>\n74,5 x 74,5 cm<\/p>\n<\/div>\t\t<\/div>\r\n\t\t\t<\/article>\r\n\t<article class=\"w-grid-item size_1x1 post-3299 post type-post status-publish format-standard has-post-thumbnail hentry category-vater-unser\" data-id=\"3299\">\r\n\t\t<div class=\"w-grid-item-h\">\r\n\t\t\t\t\t\t<div class=\"w-post-elm post_image usg_post_image_1 stretched\"><a href=\"https:\/\/www.af-kulturstiftung.de\/wordpress\/af_aq_04_0510\/\" aria-label=\"AF_AQ_04_0510\"><img loading=\"lazy\" decoding=\"async\" width=\"667\" height=\"660\" src=\"https:\/\/www.af-kulturstiftung.de\/wordpress\/wp-content\/uploads\/AF_AQ_04_0510.jpg\" class=\"attachment-us_768_0 size-us_768_0 wp-post-image\" alt=\"\" srcset=\"https:\/\/www.af-kulturstiftung.de\/wordpress\/wp-content\/uploads\/AF_AQ_04_0510.jpg 667w, https:\/\/www.af-kulturstiftung.de\/wordpress\/wp-content\/uploads\/AF_AQ_04_0510-300x297.jpg 300w, https:\/\/www.af-kulturstiftung.de\/wordpress\/wp-content\/uploads\/AF_AQ_04_0510-150x148.jpg 150w\" sizes=\"auto, (max-width: 667px) 100vw, 667px\" \/><\/a><\/div><div class=\"w-post-elm post_content usg_post_content_1\"><p>Vater Unser II (im HimmeI)<br \/>\n2004<br \/>\nAquarell auf Papier<br \/>\n74,5 x 74,5 cm<\/p>\n<\/div>\t\t<\/div>\r\n\t\t\t<\/article>\r\n\t<article class=\"w-grid-item size_1x1 post-3295 post type-post status-publish format-standard has-post-thumbnail hentry category-vater-unser\" data-id=\"3295\">\r\n\t\t<div class=\"w-grid-item-h\">\r\n\t\t\t\t\t\t<div class=\"w-post-elm post_image usg_post_image_1 stretched\"><a href=\"https:\/\/www.af-kulturstiftung.de\/wordpress\/af_aq_04_0007\/\" aria-label=\"AF_AQ_04_0007\"><img loading=\"lazy\" decoding=\"async\" width=\"667\" height=\"669\" src=\"https:\/\/www.af-kulturstiftung.de\/wordpress\/wp-content\/uploads\/AF_AQ_04_0007.jpg\" class=\"attachment-us_768_0 size-us_768_0 wp-post-image\" alt=\"\" srcset=\"https:\/\/www.af-kulturstiftung.de\/wordpress\/wp-content\/uploads\/AF_AQ_04_0007.jpg 667w, https:\/\/www.af-kulturstiftung.de\/wordpress\/wp-content\/uploads\/AF_AQ_04_0007-150x150.jpg 150w, https:\/\/www.af-kulturstiftung.de\/wordpress\/wp-content\/uploads\/AF_AQ_04_0007-300x300.jpg 300w, https:\/\/www.af-kulturstiftung.de\/wordpress\/wp-content\/uploads\/AF_AQ_04_0007-350x350.jpg 350w\" sizes=\"auto, (max-width: 667px) 100vw, 667px\" \/><\/a><\/div><div class=\"w-post-elm post_content usg_post_content_1\"><p>Vater Unser III (geheiligt werde dein Name)<br \/>\n2004<br \/>\nAquarell auf Papier<br \/>\n74,5 x 74,5 cm<\/p>\n<\/div>\t\t<\/div>\r\n\t\t\t<\/article>\r\n\t<article class=\"w-grid-item size_1x1 post-3293 post type-post status-publish format-standard has-post-thumbnail hentry category-vater-unser\" data-id=\"3293\">\r\n\t\t<div class=\"w-grid-item-h\">\r\n\t\t\t\t\t\t<div class=\"w-post-elm post_image usg_post_image_1 stretched\"><a href=\"https:\/\/www.af-kulturstiftung.de\/wordpress\/af_aq_04_0006_vkl01\/\" aria-label=\"AF_AQ_04_0006_VKL01\"><img loading=\"lazy\" decoding=\"async\" width=\"667\" height=\"668\" src=\"https:\/\/www.af-kulturstiftung.de\/wordpress\/wp-content\/uploads\/AF_AQ_04_0006_VKL01.jpg\" class=\"attachment-us_768_0 size-us_768_0 wp-post-image\" alt=\"\" srcset=\"https:\/\/www.af-kulturstiftung.de\/wordpress\/wp-content\/uploads\/AF_AQ_04_0006_VKL01.jpg 667w, https:\/\/www.af-kulturstiftung.de\/wordpress\/wp-content\/uploads\/AF_AQ_04_0006_VKL01-150x150.jpg 150w, https:\/\/www.af-kulturstiftung.de\/wordpress\/wp-content\/uploads\/AF_AQ_04_0006_VKL01-300x300.jpg 300w, https:\/\/www.af-kulturstiftung.de\/wordpress\/wp-content\/uploads\/AF_AQ_04_0006_VKL01-350x350.jpg 350w, https:\/\/www.af-kulturstiftung.de\/wordpress\/wp-content\/uploads\/AF_AQ_04_0006_VKL01-600x600.jpg 600w\" sizes=\"auto, (max-width: 667px) 100vw, 667px\" \/><\/a><\/div><div class=\"w-post-elm post_content usg_post_content_1\"><p>Vater Unser IV (Dein Reich komme)<br \/>\n2004<br \/>\nAquarell auf Papier<br \/>\n74,5 x 74,5 cm<\/p>\n<\/div>\t\t<\/div>\r\n\t\t\t<\/article>\r\n\t<article class=\"w-grid-item size_1x1 post-3301 post type-post status-publish format-standard has-post-thumbnail hentry category-vater-unser\" data-id=\"3301\">\r\n\t\t<div class=\"w-grid-item-h\">\r\n\t\t\t\t\t\t<div class=\"w-post-elm post_image usg_post_image_1 stretched\"><a href=\"https:\/\/www.af-kulturstiftung.de\/wordpress\/af_aq_04_0511\/\" aria-label=\"AF_AQ_04_0511\"><img loading=\"lazy\" decoding=\"async\" width=\"667\" height=\"663\" src=\"https:\/\/www.af-kulturstiftung.de\/wordpress\/wp-content\/uploads\/AF_AQ_04_0511.jpg\" class=\"attachment-us_768_0 size-us_768_0 wp-post-image\" alt=\"\" srcset=\"https:\/\/www.af-kulturstiftung.de\/wordpress\/wp-content\/uploads\/AF_AQ_04_0511.jpg 667w, https:\/\/www.af-kulturstiftung.de\/wordpress\/wp-content\/uploads\/AF_AQ_04_0511-150x150.jpg 150w, https:\/\/www.af-kulturstiftung.de\/wordpress\/wp-content\/uploads\/AF_AQ_04_0511-300x298.jpg 300w\" sizes=\"auto, (max-width: 667px) 100vw, 667px\" \/><\/a><\/div><div class=\"w-post-elm post_content usg_post_content_1\"><p>Vater Unser V (dein Wille geschehe, wie im Himmel so auf Erden)<br \/>\n2004<br \/>\nAquarell auf Papier<br \/>\n74,5 x 74,5 cm<\/p>\n<\/div>\t\t<\/div>\r\n\t\t\t<\/article>\r\n\t<article class=\"w-grid-item size_1x1 post-3287 post type-post status-publish format-standard has-post-thumbnail hentry category-vater-unser\" data-id=\"3287\">\r\n\t\t<div class=\"w-grid-item-h\">\r\n\t\t\t\t\t\t<div class=\"w-post-elm post_image usg_post_image_1 stretched\"><a href=\"https:\/\/www.af-kulturstiftung.de\/wordpress\/af_aq_04_0005\/\" aria-label=\"AF_AQ_04_0005\"><img loading=\"lazy\" decoding=\"async\" width=\"667\" height=\"668\" src=\"https:\/\/www.af-kulturstiftung.de\/wordpress\/wp-content\/uploads\/AF_AQ_04_0005.jpg\" class=\"attachment-us_768_0 size-us_768_0 wp-post-image\" alt=\"\" srcset=\"https:\/\/www.af-kulturstiftung.de\/wordpress\/wp-content\/uploads\/AF_AQ_04_0005.jpg 667w, https:\/\/www.af-kulturstiftung.de\/wordpress\/wp-content\/uploads\/AF_AQ_04_0005-150x150.jpg 150w, https:\/\/www.af-kulturstiftung.de\/wordpress\/wp-content\/uploads\/AF_AQ_04_0005-300x300.jpg 300w, https:\/\/www.af-kulturstiftung.de\/wordpress\/wp-content\/uploads\/AF_AQ_04_0005-350x350.jpg 350w, https:\/\/www.af-kulturstiftung.de\/wordpress\/wp-content\/uploads\/AF_AQ_04_0005-600x600.jpg 600w\" sizes=\"auto, (max-width: 667px) 100vw, 667px\" \/><\/a><\/div><div class=\"w-post-elm post_content usg_post_content_1\"><p>Vater Unser VI (unser t\u00e4gliches Brot gib uns heute)<br \/>\n2004<br \/>\nAquarell auf Papier<br \/>\n74,5 x 74,5 cm<\/p>\n<\/div>\t\t<\/div>\r\n\t\t\t<\/article>\r\n\t<article class=\"w-grid-item size_1x1 post-3285 post type-post status-publish format-standard has-post-thumbnail hentry category-vater-unser\" data-id=\"3285\">\r\n\t\t<div class=\"w-grid-item-h\">\r\n\t\t\t\t\t\t<div class=\"w-post-elm post_image usg_post_image_1 stretched\"><a href=\"https:\/\/www.af-kulturstiftung.de\/wordpress\/af_aq_04_0004\/\" aria-label=\"AF_AQ_04_0004\"><img loading=\"lazy\" decoding=\"async\" width=\"667\" height=\"665\" src=\"https:\/\/www.af-kulturstiftung.de\/wordpress\/wp-content\/uploads\/AF_AQ_04_0004.jpg\" class=\"attachment-us_768_0 size-us_768_0 wp-post-image\" alt=\"\" srcset=\"https:\/\/www.af-kulturstiftung.de\/wordpress\/wp-content\/uploads\/AF_AQ_04_0004.jpg 667w, https:\/\/www.af-kulturstiftung.de\/wordpress\/wp-content\/uploads\/AF_AQ_04_0004-150x150.jpg 150w, https:\/\/www.af-kulturstiftung.de\/wordpress\/wp-content\/uploads\/AF_AQ_04_0004-300x300.jpg 300w, https:\/\/www.af-kulturstiftung.de\/wordpress\/wp-content\/uploads\/AF_AQ_04_0004-350x350.jpg 350w\" sizes=\"auto, (max-width: 667px) 100vw, 667px\" \/><\/a><\/div><div class=\"w-post-elm post_content usg_post_content_1\"><p>Vater Unser VII (und vergib uns unsere Schuld wie auch wir vergeben unsern Schuldigern)<br \/>\n2004<br \/>\nAquarell auf Papier<br \/>\n74,5 x 74,5 cm<\/p>\n<\/div>\t\t<\/div>\r\n\t\t\t<\/article>\r\n\t<article class=\"w-grid-item size_1x1 post-3263 post type-post status-publish format-standard has-post-thumbnail hentry category-vater-unser\" data-id=\"3263\">\r\n\t\t<div class=\"w-grid-item-h\">\r\n\t\t\t\t\t\t<div class=\"w-post-elm post_image usg_post_image_1 stretched\"><a href=\"https:\/\/www.af-kulturstiftung.de\/wordpress\/af_aq_04_0003\/\" aria-label=\"AF_AQ_04_0003\"><img loading=\"lazy\" decoding=\"async\" width=\"667\" height=\"662\" src=\"https:\/\/www.af-kulturstiftung.de\/wordpress\/wp-content\/uploads\/AF_AQ_04_0003.jpg\" class=\"attachment-us_768_0 size-us_768_0 wp-post-image\" alt=\"\" srcset=\"https:\/\/www.af-kulturstiftung.de\/wordpress\/wp-content\/uploads\/AF_AQ_04_0003.jpg 667w, https:\/\/www.af-kulturstiftung.de\/wordpress\/wp-content\/uploads\/AF_AQ_04_0003-150x150.jpg 150w, https:\/\/www.af-kulturstiftung.de\/wordpress\/wp-content\/uploads\/AF_AQ_04_0003-300x298.jpg 300w\" sizes=\"auto, (max-width: 667px) 100vw, 667px\" \/><\/a><\/div><div class=\"w-post-elm post_content usg_post_content_1\"><p>Vater Unser VIII (und f\u00fchre uns nicht in Versuchung)<br \/>\n2004<br \/>\nAquarell auf Papier<br \/>\n74,5 x 74,5 cm<\/p>\n<\/div>\t\t<\/div>\r\n\t\t\t<\/article>\r\n\t<article class=\"w-grid-item size_1x1 post-3303 post type-post status-publish format-standard has-post-thumbnail hentry category-vater-unser\" data-id=\"3303\">\r\n\t\t<div class=\"w-grid-item-h\">\r\n\t\t\t\t\t\t<div class=\"w-post-elm post_image usg_post_image_1 stretched\"><a href=\"https:\/\/www.af-kulturstiftung.de\/wordpress\/af_aq_04_0512\/\" aria-label=\"AF_AQ_04_0512\"><img loading=\"lazy\" decoding=\"async\" width=\"667\" height=\"669\" src=\"https:\/\/www.af-kulturstiftung.de\/wordpress\/wp-content\/uploads\/AF_AQ_04_0512.jpg\" class=\"attachment-us_768_0 size-us_768_0 wp-post-image\" alt=\"\" srcset=\"https:\/\/www.af-kulturstiftung.de\/wordpress\/wp-content\/uploads\/AF_AQ_04_0512.jpg 667w, https:\/\/www.af-kulturstiftung.de\/wordpress\/wp-content\/uploads\/AF_AQ_04_0512-150x150.jpg 150w, https:\/\/www.af-kulturstiftung.de\/wordpress\/wp-content\/uploads\/AF_AQ_04_0512-300x300.jpg 300w, https:\/\/www.af-kulturstiftung.de\/wordpress\/wp-content\/uploads\/AF_AQ_04_0512-350x350.jpg 350w\" sizes=\"auto, (max-width: 667px) 100vw, 667px\" \/><\/a><\/div><div class=\"w-post-elm post_content usg_post_content_1\"><p>Vater Unser IX (sondern erl\u00f6se uns von dem B\u00f6sen)<br \/>\n2004<br \/>\nAquarell auf Papier<br \/>\n74,5 x 74,5 cm<\/p>\n<\/div>\t\t<\/div>\r\n\t\t\t<\/article>\r\n\t<article class=\"w-grid-item size_1x1 post-3305 post type-post status-publish format-standard has-post-thumbnail hentry category-vater-unser\" data-id=\"3305\">\r\n\t\t<div class=\"w-grid-item-h\">\r\n\t\t\t\t\t\t<div class=\"w-post-elm post_image usg_post_image_1 stretched\"><a href=\"https:\/\/www.af-kulturstiftung.de\/wordpress\/af_aq_04_0513\/\" aria-label=\"AF_AQ_04_0513\"><img loading=\"lazy\" decoding=\"async\" width=\"667\" height=\"664\" src=\"https:\/\/www.af-kulturstiftung.de\/wordpress\/wp-content\/uploads\/AF_AQ_04_0513.jpg\" class=\"attachment-us_768_0 size-us_768_0 wp-post-image\" alt=\"\" srcset=\"https:\/\/www.af-kulturstiftung.de\/wordpress\/wp-content\/uploads\/AF_AQ_04_0513.jpg 667w, https:\/\/www.af-kulturstiftung.de\/wordpress\/wp-content\/uploads\/AF_AQ_04_0513-150x150.jpg 150w, https:\/\/www.af-kulturstiftung.de\/wordpress\/wp-content\/uploads\/AF_AQ_04_0513-300x300.jpg 300w\" sizes=\"auto, (max-width: 667px) 100vw, 667px\" \/><\/a><\/div><div class=\"w-post-elm post_content usg_post_content_1\"><p>Vater Unser X (denn dein ist das Reich)<br \/>\n2004<br \/>\nAquarell auf Papier<br \/>\n74,5 x 74,5 cm<\/p>\n<\/div>\t\t<\/div>\r\n\t\t\t<\/article>\r\n\t<article class=\"w-grid-item size_1x1 post-3307 post type-post status-publish format-standard has-post-thumbnail hentry category-vater-unser\" data-id=\"3307\">\r\n\t\t<div class=\"w-grid-item-h\">\r\n\t\t\t\t\t\t<div class=\"w-post-elm post_image usg_post_image_1 stretched\"><a href=\"https:\/\/www.af-kulturstiftung.de\/wordpress\/af_aq_04_0514\/\" aria-label=\"AF_AQ_04_0514\"><img loading=\"lazy\" decoding=\"async\" width=\"667\" height=\"664\" src=\"https:\/\/www.af-kulturstiftung.de\/wordpress\/wp-content\/uploads\/AF_AQ_04_0514.jpg\" class=\"attachment-us_768_0 size-us_768_0 wp-post-image\" alt=\"\" srcset=\"https:\/\/www.af-kulturstiftung.de\/wordpress\/wp-content\/uploads\/AF_AQ_04_0514.jpg 667w, https:\/\/www.af-kulturstiftung.de\/wordpress\/wp-content\/uploads\/AF_AQ_04_0514-150x150.jpg 150w, https:\/\/www.af-kulturstiftung.de\/wordpress\/wp-content\/uploads\/AF_AQ_04_0514-300x300.jpg 300w\" sizes=\"auto, (max-width: 667px) 100vw, 667px\" \/><\/a><\/div><div class=\"w-post-elm post_content usg_post_content_1\"><p>Vater Unser XI (und die Kraft)<br \/>\n2004<br \/>\nAquarell auf Papier<br \/>\n74,5 x 74,5 cm<\/p>\n<\/div>\t\t<\/div>\r\n\t\t\t<\/article>\r\n\t<article class=\"w-grid-item size_1x1 post-3309 post type-post status-publish format-standard has-post-thumbnail hentry category-vater-unser\" data-id=\"3309\">\r\n\t\t<div class=\"w-grid-item-h\">\r\n\t\t\t\t\t\t<div class=\"w-post-elm post_image usg_post_image_1 stretched\"><a href=\"https:\/\/www.af-kulturstiftung.de\/wordpress\/af_aq_04_0515\/\" aria-label=\"AF_AQ_04_0515\"><img loading=\"lazy\" decoding=\"async\" width=\"667\" height=\"666\" src=\"https:\/\/www.af-kulturstiftung.de\/wordpress\/wp-content\/uploads\/AF_AQ_04_0515.jpg\" class=\"attachment-us_768_0 size-us_768_0 wp-post-image\" alt=\"\" srcset=\"https:\/\/www.af-kulturstiftung.de\/wordpress\/wp-content\/uploads\/AF_AQ_04_0515.jpg 667w, https:\/\/www.af-kulturstiftung.de\/wordpress\/wp-content\/uploads\/AF_AQ_04_0515-150x150.jpg 150w, https:\/\/www.af-kulturstiftung.de\/wordpress\/wp-content\/uploads\/AF_AQ_04_0515-300x300.jpg 300w, https:\/\/www.af-kulturstiftung.de\/wordpress\/wp-content\/uploads\/AF_AQ_04_0515-350x350.jpg 350w, https:\/\/www.af-kulturstiftung.de\/wordpress\/wp-content\/uploads\/AF_AQ_04_0515-600x600.jpg 600w\" sizes=\"auto, (max-width: 667px) 100vw, 667px\" \/><\/a><\/div><div class=\"w-post-elm post_content usg_post_content_1\"><p>Vater Unser XII (und die Herrlichkeit)<br \/>\n2004<br \/>\nAquarell auf Papier<br \/>\n74,5 x 74,5 cm<\/p>\n<\/div>\t\t<\/div>\r\n\t\t\t<\/article>\r\n\t<article class=\"w-grid-item size_1x1 post-3311 post type-post status-publish format-standard has-post-thumbnail hentry category-vater-unser\" data-id=\"3311\">\r\n\t\t<div class=\"w-grid-item-h\">\r\n\t\t\t\t\t\t<div class=\"w-post-elm post_image usg_post_image_1 stretched\"><a href=\"https:\/\/www.af-kulturstiftung.de\/wordpress\/af_aq_04_0516\/\" aria-label=\"AF_AQ_04_0516\"><img loading=\"lazy\" decoding=\"async\" width=\"667\" height=\"665\" src=\"https:\/\/www.af-kulturstiftung.de\/wordpress\/wp-content\/uploads\/AF_AQ_04_0516.jpg\" class=\"attachment-us_768_0 size-us_768_0 wp-post-image\" alt=\"\" srcset=\"https:\/\/www.af-kulturstiftung.de\/wordpress\/wp-content\/uploads\/AF_AQ_04_0516.jpg 667w, https:\/\/www.af-kulturstiftung.de\/wordpress\/wp-content\/uploads\/AF_AQ_04_0516-150x150.jpg 150w, https:\/\/www.af-kulturstiftung.de\/wordpress\/wp-content\/uploads\/AF_AQ_04_0516-300x300.jpg 300w, https:\/\/www.af-kulturstiftung.de\/wordpress\/wp-content\/uploads\/AF_AQ_04_0516-350x350.jpg 350w\" sizes=\"auto, (max-width: 667px) 100vw, 667px\" \/><\/a><\/div><div class=\"w-post-elm post_content usg_post_content_1\"><p>Vater Unser XIII (in Ewigkeit)<br \/>\n2004<br \/>\nAquarell auf Papier<br \/>\n75 x 75 cm<\/p>\n<\/div>\t\t<\/div>\r\n\t\t\t<\/article>\r\n\t<article class=\"w-grid-item size_1x1 post-3313 post type-post status-publish format-standard has-post-thumbnail hentry category-vater-unser\" data-id=\"3313\">\r\n\t\t<div class=\"w-grid-item-h\">\r\n\t\t\t\t\t\t<div class=\"w-post-elm post_image usg_post_image_1 stretched\"><a href=\"https:\/\/www.af-kulturstiftung.de\/wordpress\/af_aq_04_0517\/\" aria-label=\"AF_AQ_04_0517\"><img loading=\"lazy\" decoding=\"async\" width=\"667\" height=\"669\" src=\"https:\/\/www.af-kulturstiftung.de\/wordpress\/wp-content\/uploads\/AF_AQ_04_0517.jpg\" class=\"attachment-us_768_0 size-us_768_0 wp-post-image\" alt=\"\" srcset=\"https:\/\/www.af-kulturstiftung.de\/wordpress\/wp-content\/uploads\/AF_AQ_04_0517.jpg 667w, https:\/\/www.af-kulturstiftung.de\/wordpress\/wp-content\/uploads\/AF_AQ_04_0517-150x150.jpg 150w, https:\/\/www.af-kulturstiftung.de\/wordpress\/wp-content\/uploads\/AF_AQ_04_0517-300x300.jpg 300w, https:\/\/www.af-kulturstiftung.de\/wordpress\/wp-content\/uploads\/AF_AQ_04_0517-350x350.jpg 350w\" sizes=\"auto, (max-width: 667px) 100vw, 667px\" \/><\/a><\/div><div class=\"w-post-elm post_content usg_post_content_1\"><p>Vater Unser XIV (Amen)<br \/>\n2004<br \/>\nAquarell auf Papier<br \/>\n74,5 x 74,5 cm<\/p>\n<\/div>\t\t<\/div>\r\n\t\t\t<\/article>\r\n<\/div>\t<div class=\"w-grid-preloader\">\r\n\t\t<div class=\"g-preloader type_1\">\r\n\t\t\t<div><\/div>\r\n\t\t<\/div>\r\n\t<\/div>\r\n\t\t<div class=\"w-grid-json hidden\" onclick='return {&quot;action&quot;:&quot;us_ajax_grid&quot;,&quot;infinite_scroll&quot;:0,&quot;max_num_pages&quot;:1,&quot;pagination&quot;:&quot;none&quot;,&quot;template_vars&quot;:{&quot;columns&quot;:&quot;4&quot;,&quot;exclude_items&quot;:&quot;none&quot;,&quot;img_size&quot;:&quot;us_768_0&quot;,&quot;ignore_items_size&quot;:0,&quot;items_layout&quot;:&quot;6333&quot;,&quot;items_offset&quot;:&quot;1&quot;,&quot;load_animation&quot;:&quot;none&quot;,&quot;overriding_link&quot;:&quot;{\\&quot;url\\&quot;:\\&quot;\\&quot;}&quot;,&quot;post_id&quot;:0,&quot;query_args&quot;:{&quot;post_type&quot;:[&quot;post&quot;],&quot;tax_query&quot;:[{&quot;taxonomy&quot;:&quot;category&quot;,&quot;field&quot;:&quot;slug&quot;,&quot;terms&quot;:[&quot;vater-unser&quot;]}],&quot;post_status&quot;:[&quot;publish&quot;],&quot;posts_per_page&quot;:&quot;50&quot;},&quot;orderby_query_args&quot;:{&quot;orderby&quot;:{&quot;date&quot;:&quot;ASC&quot;}},&quot;type&quot;:&quot;grid&quot;,&quot;us_grid_post_type&quot;:&quot;post&quot;,&quot;us_grid_ajax_index&quot;:1,&quot;us_grid_filter_query_string&quot;:null,&quot;us_grid_index&quot;:1,&quot;page_args&quot;:[]}}'><\/div>\r\n\t<\/div><\/div><\/div><\/div><\/div><\/div><\/section><section class=\"l-section wpb_row height_medium\"><div class=\"l-section-h i-cf\"><div class=\"g-cols vc_row via_flex valign_top type_default stacking_default\"><div class=\"vc_col-sm-12 wpb_column vc_column_container\"><div class=\"vc_column-inner\"><div class=\"wpb_wrapper\"><\/div><\/div><\/div><\/div><\/div><\/section>\n","protected":false},"excerpt":{"rendered":"WERKZYKLEN \/ VATER UNSER Andreas Felger, Vater Unser XIV (Amen), 2004Aquarell auf Papier, 74,5 x 74,5 cm \u00a9 AFKSVater Unser XIV (Amen) 2004 Aquarell auf Papier 74,5 x 74,5 cm AF_AQ_04_0517 unverk\u00e4uflich zur\u00fcck zur \u00dcbersichtVorheriger BeitragAF_AQ_04_0516","protected":false},"author":4,"featured_media":0,"parent":2890,"menu_order":0,"comment_status":"closed","ping_status":"closed","template":"","meta":{"h5ap_radio_sources":[],"footnotes":""},"class_list":["post-3261","page","type-page","status-publish","hentry"],"_links":{"self":[{"href":"https:\/\/www.af-kulturstiftung.de\/wordpress\/wp-json\/wp\/v2\/pages\/3261","targetHints":{"allow":["GET"]}}],"collection":[{"href":"https:\/\/www.af-kulturstiftung.de\/wordpress\/wp-json\/wp\/v2\/pages"}],"about":[{"href":"https:\/\/www.af-kulturstiftung.de\/wordpress\/wp-json\/wp\/v2\/types\/page"}],"author":[{"embeddable":true,"href":"https:\/\/www.af-kulturstiftung.de\/wordpress\/wp-json\/wp\/v2\/users\/4"}],"replies":[{"embeddable":true,"href":"https:\/\/www.af-kulturstiftung.de\/wordpress\/wp-json\/wp\/v2\/comments?post=3261"}],"version-history":[{"count":0,"href":"https:\/\/www.af-kulturstiftung.de\/wordpress\/wp-json\/wp\/v2\/pages\/3261\/revisions"}],"up":[{"embeddable":true,"href":"https:\/\/www.af-kulturstiftung.de\/wordpress\/wp-json\/wp\/v2\/pages\/2890"}],"wp:attachment":[{"href":"https:\/\/www.af-kulturstiftung.de\/wordpress\/wp-json\/wp\/v2\/media?parent=3261"}],"curies":[{"name":"wp","href":"https:\/\/api.w.org\/{rel}","templated":true}]}}