{"id":2890,"date":"2018-05-03T14:36:00","date_gmt":"2018-05-03T12:36:00","guid":{"rendered":"http:\/\/www1.af-kulturstiftung.de\/wordpress\/?page_id=2890"},"modified":"2024-05-24T11:36:41","modified_gmt":"2024-05-24T09:36:41","slug":"werkzyklen","status":"publish","type":"page","link":"https:\/\/www.af-kulturstiftung.de\/wordpress\/werkzyklen\/","title":{"rendered":"Werkzyklen"},"content":{"rendered":"<section class=\"l-section wpb_row height_medium\"><div class=\"l-section-h i-cf\"><div class=\"g-cols vc_row via_flex valign_top type_default stacking_default\"><div class=\"vc_col-sm-3 wpb_column vc_column_container\"><div class=\"vc_column-inner\"><div class=\"wpb_wrapper\"><div class=\"wpb_text_column\"><div class=\"wpb_wrapper\"><h4>Werkzyklen<\/h4>\n<\/div><\/div><\/div><\/div><\/div><div class=\"vc_col-sm-9 wpb_column vc_column_container\"><div class=\"vc_column-inner\"><div class=\"wpb_wrapper\"><div class=\"wpb_text_column\"><div class=\"wpb_wrapper\"><p>Andreas Felger hat verschiedene Werkgruppen und Zyklen geschaffen, die inhaltliche Einheiten bilden und im Sinne von Wanderausstellungen f\u00fcr Ausstellungen gebucht werden k\u00f6nnen. Da die Werkzyklen eine Einheit bilden, sind einzelne Werke nicht verk\u00e4uflich. Es k\u00f6nnen mehrere Werkzyklen gleichzeitig gebucht werden sowie zus\u00e4tzlich weitere Einzelwerke, die die Werkzyklen thematisch oder formal erg\u00e4nzen. Sollten Sie Interesse an der Buchung einer Wanderausstellung haben, <a href=\"\/wordpress\/index.php\/ausstellung-buchen\/\">sprechen Sie uns bitte an<\/a>.<\/p>\n<\/div><\/div><\/div><\/div><\/div><\/div><\/div><\/section><section class=\"l-section wpb_row us_custom_c2f20314 height_small\"><div class=\"l-section-h i-cf\"><div class=\"g-cols vc_row via_flex valign_top type_default stacking_default\"><div class=\"vc_col-sm-4 wpb_column vc_column_container\"><div class=\"vc_column-inner\"><div class=\"wpb_wrapper\"><div class=\"wpb_text_column marginless\"><div class=\"wpb_wrapper\"><h5>Credo<\/h5>\n<\/div><\/div><div class=\"w-separator size_medium\"><\/div><div class=\"w-image align_none\"><a title=\"CREDO\" href=\"https:\/\/www.af-kulturstiftung.de\/wordpress\/werkzyklen\/credo\/\" aria-label=\"Andreas Felger, Credo XIV, Heiliger Geist, 2011\" class=\"w-image-h\"><img decoding=\"async\" width=\"768\" height=\"756\" src=\"https:\/\/www.af-kulturstiftung.de\/wordpress\/wp-content\/uploads\/AF_Oel_11_0056_120x120_Credo_Nr.14_Ich-glaube-an-den-heiligen-Geist-768x756.jpg\" class=\"attachment-us_768_0 size-us_768_0\" alt=\"\" loading=\"lazy\" srcset=\"https:\/\/www.af-kulturstiftung.de\/wordpress\/wp-content\/uploads\/AF_Oel_11_0056_120x120_Credo_Nr.14_Ich-glaube-an-den-heiligen-Geist-768x756.jpg 768w, https:\/\/www.af-kulturstiftung.de\/wordpress\/wp-content\/uploads\/AF_Oel_11_0056_120x120_Credo_Nr.14_Ich-glaube-an-den-heiligen-Geist-300x295.jpg 300w, https:\/\/www.af-kulturstiftung.de\/wordpress\/wp-content\/uploads\/AF_Oel_11_0056_120x120_Credo_Nr.14_Ich-glaube-an-den-heiligen-Geist-1024x1008.jpg 1024w, https:\/\/www.af-kulturstiftung.de\/wordpress\/wp-content\/uploads\/AF_Oel_11_0056_120x120_Credo_Nr.14_Ich-glaube-an-den-heiligen-Geist-150x148.jpg 150w, https:\/\/www.af-kulturstiftung.de\/wordpress\/wp-content\/uploads\/AF_Oel_11_0056_120x120_Credo_Nr.14_Ich-glaube-an-den-heiligen-Geist.jpg 1042w\" sizes=\"auto, (max-width: 768px) 100vw, 768px\" \/><\/a><\/div><div class=\"w-separator size_large\"><\/div><div class=\"wpb_text_column marginless\"><div class=\"wpb_wrapper\"><h5>Vater Unser<\/h5>\n<\/div><\/div><div class=\"w-separator size_medium\"><\/div><div class=\"w-image align_none\"><a href=\"https:\/\/www.af-kulturstiftung.de\/wordpress\/werkzyklen\/vater-unser\/\" aria-label=\"Andreas Felger, Vater Unser XIII (In Ewigkeit), 2004\" class=\"w-image-h\"><img decoding=\"async\" width=\"667\" height=\"665\" src=\"https:\/\/www.af-kulturstiftung.de\/wordpress\/wp-content\/uploads\/AF_AQ_04_0516.jpg\" class=\"attachment-us_768_0 size-us_768_0\" alt=\"\" loading=\"lazy\" srcset=\"https:\/\/www.af-kulturstiftung.de\/wordpress\/wp-content\/uploads\/AF_AQ_04_0516.jpg 667w, https:\/\/www.af-kulturstiftung.de\/wordpress\/wp-content\/uploads\/AF_AQ_04_0516-150x150.jpg 150w, https:\/\/www.af-kulturstiftung.de\/wordpress\/wp-content\/uploads\/AF_AQ_04_0516-300x300.jpg 300w, https:\/\/www.af-kulturstiftung.de\/wordpress\/wp-content\/uploads\/AF_AQ_04_0516-350x350.jpg 350w\" sizes=\"auto, (max-width: 667px) 100vw, 667px\" \/><\/a><\/div><\/div><\/div><\/div><div class=\"vc_col-sm-4 wpb_column vc_column_container\"><div class=\"vc_column-inner\"><div class=\"wpb_wrapper\"><div class=\"wpb_text_column marginless\"><div class=\"wpb_wrapper\"><h5>Fremdling Du \/ Stranger Mine<\/h5>\n<\/div><\/div><div class=\"w-separator size_medium\"><\/div><div class=\"w-image align_none\"><a title=\"Werke der Barmherzigkeit\" href=\"https:\/\/www.af-kulturstiftung.de\/wordpress\/werkzyklen\/fremdling-du\/\" aria-label=\"Andreas Felger, Fremdling Du III (nach dem Melodram von Arnold Sch\u00f6nberg \n&quot;Ein \u00dcberlebender aus Warschau&quot;), 1986\" class=\"w-image-h\"><img decoding=\"async\" width=\"768\" height=\"625\" src=\"https:\/\/www.af-kulturstiftung.de\/wordpress\/wp-content\/uploads\/AF_HS_86_0007-768x625.jpg\" class=\"attachment-us_768_0 size-us_768_0\" alt=\"\" loading=\"lazy\" srcset=\"https:\/\/www.af-kulturstiftung.de\/wordpress\/wp-content\/uploads\/AF_HS_86_0007-768x625.jpg 768w, https:\/\/www.af-kulturstiftung.de\/wordpress\/wp-content\/uploads\/AF_HS_86_0007-300x244.jpg 300w, https:\/\/www.af-kulturstiftung.de\/wordpress\/wp-content\/uploads\/AF_HS_86_0007-1024x833.jpg 1024w, https:\/\/www.af-kulturstiftung.de\/wordpress\/wp-content\/uploads\/AF_HS_86_0007-150x122.jpg 150w, https:\/\/www.af-kulturstiftung.de\/wordpress\/wp-content\/uploads\/AF_HS_86_0007.jpg 1200w\" sizes=\"auto, (max-width: 768px) 100vw, 768px\" \/><\/a><\/div><div class=\"w-separator size_large\"><\/div><div class=\"wpb_text_column marginless\"><div class=\"wpb_wrapper\"><h5>Werke der Barmherzigkeit<\/h5>\n<\/div><\/div><div class=\"w-separator size_medium\"><\/div><div class=\"w-image align_none\"><a title=\"Werke der Barmherzigkeit\" href=\"https:\/\/www.af-kulturstiftung.de\/wordpress\/werkzyklen\/werke-der-barmherzigkeit\/\" aria-label=\"Andreas Felger, Nackte bekleiden (Werke der Barmherzigkeit VI), 1989\" class=\"w-image-h\"><img decoding=\"async\" width=\"768\" height=\"1156\" src=\"https:\/\/www.af-kulturstiftung.de\/wordpress\/wp-content\/uploads\/AF_HS_89_0016-768x1156.jpg\" class=\"attachment-us_768_0 size-us_768_0\" alt=\"\" loading=\"lazy\" srcset=\"https:\/\/www.af-kulturstiftung.de\/wordpress\/wp-content\/uploads\/AF_HS_89_0016-768x1156.jpg 768w, https:\/\/www.af-kulturstiftung.de\/wordpress\/wp-content\/uploads\/AF_HS_89_0016-199x300.jpg 199w, https:\/\/www.af-kulturstiftung.de\/wordpress\/wp-content\/uploads\/AF_HS_89_0016-680x1024.jpg 680w, https:\/\/www.af-kulturstiftung.de\/wordpress\/wp-content\/uploads\/AF_HS_89_0016-100x150.jpg 100w, https:\/\/www.af-kulturstiftung.de\/wordpress\/wp-content\/uploads\/AF_HS_89_0016.jpg 1032w\" sizes=\"auto, (max-width: 768px) 100vw, 768px\" \/><\/a><\/div><div class=\"w-separator size_large\"><\/div><div class=\"wpb_text_column marginless\"><div class=\"wpb_wrapper\"><h5>Abraham<\/h5>\n<\/div><\/div><div class=\"w-separator size_medium\"><\/div><div class=\"w-image align_none\"><a title=\"Abraham\" href=\"https:\/\/www.af-kulturstiftung.de\/wordpress\/werkzyklen\/abraham\/\" aria-label=\"Andreas Felger, Abraham (Titel), 1975\" class=\"w-image-h\"><img decoding=\"async\" width=\"768\" height=\"590\" src=\"https:\/\/www.af-kulturstiftung.de\/wordpress\/wp-content\/uploads\/AF_HS_A_75_0000_Titelblatt-768x590.jpg\" class=\"attachment-us_768_0 size-us_768_0\" alt=\"\" loading=\"lazy\" srcset=\"https:\/\/www.af-kulturstiftung.de\/wordpress\/wp-content\/uploads\/AF_HS_A_75_0000_Titelblatt-768x590.jpg 768w, https:\/\/www.af-kulturstiftung.de\/wordpress\/wp-content\/uploads\/AF_HS_A_75_0000_Titelblatt-300x231.jpg 300w, https:\/\/www.af-kulturstiftung.de\/wordpress\/wp-content\/uploads\/AF_HS_A_75_0000_Titelblatt-150x115.jpg 150w, https:\/\/www.af-kulturstiftung.de\/wordpress\/wp-content\/uploads\/AF_HS_A_75_0000_Titelblatt.jpg 1024w\" sizes=\"auto, (max-width: 768px) 100vw, 768px\" \/><\/a><\/div><\/div><\/div><\/div><div class=\"vc_col-sm-4 wpb_column vc_column_container\"><div class=\"vc_column-inner\"><div class=\"wpb_wrapper\"><div class=\"wpb_text_column marginless\"><div class=\"wpb_wrapper\"><h5>Fragmente der Hoffnung<\/h5>\n<\/div><\/div><div class=\"w-separator size_medium\"><\/div><div class=\"w-image align_none\"><a href=\"https:\/\/www.af-kulturstiftung.de\/wordpress\/werkzyklen\/fragmente\/\" aria-label=\"Andreas Felger, Fragmente der Hoffnung XIII, 1992\" class=\"w-image-h\"><img decoding=\"async\" width=\"667\" height=\"834\" src=\"https:\/\/www.af-kulturstiftung.de\/wordpress\/wp-content\/uploads\/AF_OEL_92_0030.jpg\" class=\"attachment-us_768_0 size-us_768_0\" alt=\"\" loading=\"lazy\" srcset=\"https:\/\/www.af-kulturstiftung.de\/wordpress\/wp-content\/uploads\/AF_OEL_92_0030.jpg 667w, https:\/\/www.af-kulturstiftung.de\/wordpress\/wp-content\/uploads\/AF_OEL_92_0030-240x300.jpg 240w, https:\/\/www.af-kulturstiftung.de\/wordpress\/wp-content\/uploads\/AF_OEL_92_0030-120x150.jpg 120w\" sizes=\"auto, (max-width: 667px) 100vw, 667px\" \/><\/a><\/div><div class=\"w-separator size_large\"><\/div><div class=\"wpb_text_column marginless\"><div class=\"wpb_wrapper\"><h5>Kammern EXPO 2000 Christus Pavillon<\/h5>\n<\/div><\/div><div class=\"w-separator size_medium\"><\/div><div class=\"w-image align_none\"><a title=\"Kammern EXPO 2000 Christus Pavillon\" href=\"https:\/\/www.af-kulturstiftung.de\/wordpress\/werkzyklen\/kammern-expo-2000-christus-pavillon\/\" aria-label=\"Andreas Felger, Herrlichkeit, 2001\" class=\"w-image-h\"><img decoding=\"async\" width=\"768\" height=\"768\" src=\"https:\/\/www.af-kulturstiftung.de\/wordpress\/wp-content\/uploads\/AF_HR_01_0005-768x768.jpg\" class=\"attachment-us_768_0 size-us_768_0\" alt=\"\" loading=\"lazy\" srcset=\"https:\/\/www.af-kulturstiftung.de\/wordpress\/wp-content\/uploads\/AF_HR_01_0005-768x768.jpg 768w, https:\/\/www.af-kulturstiftung.de\/wordpress\/wp-content\/uploads\/AF_HR_01_0005-300x300.jpg 300w, https:\/\/www.af-kulturstiftung.de\/wordpress\/wp-content\/uploads\/AF_HR_01_0005-1024x1024.jpg 1024w, https:\/\/www.af-kulturstiftung.de\/wordpress\/wp-content\/uploads\/AF_HR_01_0005-150x150.jpg 150w, https:\/\/www.af-kulturstiftung.de\/wordpress\/wp-content\/uploads\/AF_HR_01_0005-350x350.jpg 350w, https:\/\/www.af-kulturstiftung.de\/wordpress\/wp-content\/uploads\/AF_HR_01_0005-600x600.jpg 600w, https:\/\/www.af-kulturstiftung.de\/wordpress\/wp-content\/uploads\/AF_HR_01_0005.jpg 1042w\" sizes=\"auto, (max-width: 768px) 100vw, 768px\" \/><\/a><\/div><\/div><\/div><\/div><\/div><\/div><\/section>\n","protected":false},"excerpt":{"rendered":"Werkzyklen Andreas Felger hat verschiedene Werkgruppen und Zyklen geschaffen, die inhaltliche Einheiten bilden und im Sinne von Wanderausstellungen f\u00fcr Ausstellungen gebucht werden k\u00f6nnen. Da die Werkzyklen eine Einheit bilden, sind einzelne Werke nicht verk\u00e4uflich. Es k\u00f6nnen mehrere Werkzyklen gleichzeitig gebucht werden sowie zus\u00e4tzlich weitere Einzelwerke, die die Werkzyklen thematisch oder formal erg\u00e4nzen. Sollten Sie Interesse...","protected":false},"author":4,"featured_media":0,"parent":0,"menu_order":0,"comment_status":"closed","ping_status":"closed","template":"","meta":{"h5ap_radio_sources":[],"footnotes":""},"class_list":["post-2890","page","type-page","status-publish","hentry"],"_links":{"self":[{"href":"https:\/\/www.af-kulturstiftung.de\/wordpress\/wp-json\/wp\/v2\/pages\/2890","targetHints":{"allow":["GET"]}}],"collection":[{"href":"https:\/\/www.af-kulturstiftung.de\/wordpress\/wp-json\/wp\/v2\/pages"}],"about":[{"href":"https:\/\/www.af-kulturstiftung.de\/wordpress\/wp-json\/wp\/v2\/types\/page"}],"author":[{"embeddable":true,"href":"https:\/\/www.af-kulturstiftung.de\/wordpress\/wp-json\/wp\/v2\/users\/4"}],"replies":[{"embeddable":true,"href":"https:\/\/www.af-kulturstiftung.de\/wordpress\/wp-json\/wp\/v2\/comments?post=2890"}],"version-history":[{"count":0,"href":"https:\/\/www.af-kulturstiftung.de\/wordpress\/wp-json\/wp\/v2\/pages\/2890\/revisions"}],"wp:attachment":[{"href":"https:\/\/www.af-kulturstiftung.de\/wordpress\/wp-json\/wp\/v2\/media?parent=2890"}],"curies":[{"name":"wp","href":"https:\/\/api.w.org\/{rel}","templated":true}]}}