{"id":2330,"date":"2018-01-20T15:36:40","date_gmt":"2018-01-20T14:36:40","guid":{"rendered":"http:\/\/www1.af-kulturstiftung.de\/wordpress\/?page_id=2330"},"modified":"2021-10-07T16:21:24","modified_gmt":"2021-10-07T14:21:24","slug":"kunst-kaufen","status":"publish","type":"page","link":"https:\/\/www.af-kulturstiftung.de\/wordpress\/kunst-kaufen\/","title":{"rendered":"Kunst kaufen"},"content":{"rendered":"<section class=\"l-section wpb_row height_small with_img parallax_fixed\"><div class=\"l-section-img\" role=\"img\" aria-label=\"Bild\" data-img-width=\"1042\" data-img-height=\"1037\" style=\"background-image: url(https:\/\/www.af-kulturstiftung.de\/wordpress\/wp-content\/uploads\/AF_Oel_08_0020-1.jpg);background-repeat: no-repeat;\"><\/div><div class=\"l-section-h i-cf\"><div class=\"g-cols vc_row via_flex valign_top type_default stacking_default\"><div class=\"vc_col-sm-6 wpb_column vc_column_container has_bg_color\"><div class=\"vc_column-inner us_custom_4fb9e5a3\"><div class=\"wpb_wrapper\"><div class=\"wpb_text_column\"><div class=\"wpb_wrapper\"><h4>KUNST KAUFEN<\/h4>\n<p>Ihre pers\u00f6nliche Sichtweise und Ihr Kunstverst\u00e4ndnis werden dazu f\u00fchren, dass Sie von bestimmten Bildern aus dem vielseitigen Werk von Andreas Felger besonders angesprochen werden. Sind es die Farben oder Texturen der abstrakten Werke, die Sie anziehen, oder sch\u00e4tzen Sie die Vertrautheit von Landschaften oder die W\u00e4rme spiritueller Motive? Sicher ist: Zu jedem Bild, das Sie selbst ausgesucht haben, wird lebenslang eine individuelle Verbindung entstehen.<\/p>\n<p><strong>Sie suchen Inspiration f\u00fcr den Bilderkauf?<\/strong><br \/>\nGehen Sie auf dieser Webseite in unsere\u00a0<a href=\"\/wordpress\/index.php\/galerie\/\">Online-Galerie<\/a>, in der Rubrik <a href=\"\/wordpress\/index.php\/werk\/\">Werk<\/a> sowie unter <a href=\"\/wordpress\/index.php\/produkte\/\">Produkte<\/a>. In unseren <a href=\"\/wordpress\/index.php\/ausstellungen\/\">Ausstellungen<\/a> und beim <a href=\"\/wordpress\/index.php\/tag-des-offenen-ateliers\/\">Tag des offenen Ateliers<\/a> k\u00f6nnen Sie auch die Originale auf sich wirken lassen.<\/p>\n<p>NEU: Gem\u00e4lde von Andreas Felger finden Sie auch bei <a href=\"https:\/\/www.saatchiart.com\/andreasfelger\" target=\"_blank\" rel=\"noopener noreferrer\">Saatchi Art<\/a>, einer professionellen Online-Plattform, die qualit\u00e4tvolle Kunstwerke auf einem internationalen Markt anbietet. Schauen Sie es sich an: Der Kontext spielt mit und die Werke zeigen sich auch digital mit beeindruckender Materialkraft und Farbsch\u00f6nheit.<\/p>\n<p><strong>Sie haben ein Bild gefunden, das Sie erwerben m\u00f6chten oder suchen das Werk f\u00fcr eine Reproduktion?<\/strong><br \/>\nDann kontaktieren Sie uns, um Verf\u00fcgbarkeit und Preis zu erfragen oder eine Sichtung des Originals zu vereinbaren.<\/p>\n<p>Die zugeh\u00f6rige Bildnummer (z. B. <strong>AF_AQ_08_0011<\/strong>) erleichtert die Zuordnung \u2013 bitte mitsenden, sofern bekannt.<\/p>\n<\/div><\/div><div class=\"w-btn-wrapper align_none\"><a class=\"w-btn us-btn-style_1\" target=\" _blank\" rel=\"nofollow\" href=\"\/wordpress\/index.php\/kontakt\/\"><span class=\"w-btn-label\">Anfrage senden<\/span><\/a><\/div><div class=\"w-separator size_custom\" style=\"height:32px\"><\/div><div class=\"wpb_text_column\"><div class=\"wpb_wrapper\"><p>Noch Fragen offen? <a href=\"\/wordpress\/index.php\/kontakt\/\">Wir beraten Sie gern<\/a>.<\/p>\n<p>Jedes Werk von Andreas Felger ist ein vom K\u00fcnstler gefertigtes und signiertes Unikat. Holzschnitte sind nummeriert. Unsere Preise richten sich nach Material, Gr\u00f6\u00dfe der Arbeiten und Stellung im \u0152euvre.<\/p>\n<p>Bei Erwerb eines Kunstwerks von Andreas Felger beachten Sie bitte unsere <a href=\"https:\/\/www.af-kulturstiftung.de\/wordpress\/agbs\/\">AGBs<\/a>.<\/p>\n<\/div><\/div><div class=\"w-separator size_small with_line width_default thick_1 style_solid color_border align_center\"><div class=\"w-separator-h\"><\/div><\/div><div class=\"wpb_text_column bildrechte\"><div class=\"wpb_wrapper\"><p>Hintergrundbild: Andreas Felger, ohne Titel, 2008, \u00d6l auf Leinwand, 200 x 200 cm; \u00a9 AFKS<\/p>\n<\/div><\/div><\/div><\/div><\/div><div class=\"vc_col-sm-6 wpb_column vc_column_container\"><div class=\"vc_column-inner\"><div class=\"wpb_wrapper\"><\/div><\/div><\/div><\/div><\/div><\/section><!-- Row Backgrounds -->\n","protected":false},"excerpt":{"rendered":"KUNST KAUFEN Ihre pers\u00f6nliche Sichtweise und Ihr Kunstverst\u00e4ndnis werden dazu f\u00fchren, dass Sie von bestimmten Bildern aus dem vielseitigen Werk von Andreas Felger besonders angesprochen werden. Sind es die Farben oder Texturen der abstrakten Werke, die Sie anziehen, oder sch\u00e4tzen Sie die Vertrautheit von Landschaften oder die W\u00e4rme spiritueller Motive? Sicher ist: Zu jedem Bild,...","protected":false},"author":4,"featured_media":0,"parent":0,"menu_order":0,"comment_status":"closed","ping_status":"closed","template":"","meta":{"h5ap_radio_sources":[],"footnotes":""},"class_list":["post-2330","page","type-page","status-publish","hentry"],"_links":{"self":[{"href":"https:\/\/www.af-kulturstiftung.de\/wordpress\/wp-json\/wp\/v2\/pages\/2330","targetHints":{"allow":["GET"]}}],"collection":[{"href":"https:\/\/www.af-kulturstiftung.de\/wordpress\/wp-json\/wp\/v2\/pages"}],"about":[{"href":"https:\/\/www.af-kulturstiftung.de\/wordpress\/wp-json\/wp\/v2\/types\/page"}],"author":[{"embeddable":true,"href":"https:\/\/www.af-kulturstiftung.de\/wordpress\/wp-json\/wp\/v2\/users\/4"}],"replies":[{"embeddable":true,"href":"https:\/\/www.af-kulturstiftung.de\/wordpress\/wp-json\/wp\/v2\/comments?post=2330"}],"version-history":[{"count":0,"href":"https:\/\/www.af-kulturstiftung.de\/wordpress\/wp-json\/wp\/v2\/pages\/2330\/revisions"}],"wp:attachment":[{"href":"https:\/\/www.af-kulturstiftung.de\/wordpress\/wp-json\/wp\/v2\/media?parent=2330"}],"curies":[{"name":"wp","href":"https:\/\/api.w.org\/{rel}","templated":true}]}}