{"id":1562,"date":"2017-10-24T20:11:28","date_gmt":"2017-10-24T18:11:28","guid":{"rendered":"http:\/\/www1.af-kulturstiftung.de\/wordpress\/?page_id=1562"},"modified":"2023-10-04T11:35:12","modified_gmt":"2023-10-04T09:35:12","slug":"design","status":"publish","type":"page","link":"https:\/\/www.af-kulturstiftung.de\/wordpress\/werk\/design\/","title":{"rendered":"Design"},"content":{"rendered":"<section class=\"l-section wpb_row us_custom_d971738f height_medium\"><div class=\"l-section-h i-cf\"><div class=\"g-cols vc_row via_flex valign_top type_default stacking_default\"><div class=\"vc_col-sm-3 wpb_column vc_column_container\"><div class=\"vc_column-inner\"><div class=\"wpb_wrapper\"><div class=\"wpb_text_column\"><div class=\"wpb_wrapper\"><h4><a href=\"\/werk\/\">WERK<\/a> \/ DESIGN<\/h4>\n<\/div><\/div><\/div><\/div><\/div><div class=\"vc_col-sm-9 wpb_column vc_column_container\"><div class=\"vc_column-inner\"><div class=\"wpb_wrapper\"><div class=\"wpb_text_column\"><div class=\"wpb_wrapper\"><p>Zum Entwurfsrepertoire Andreas Felgers geh\u00f6rt die freie ebenso wie die angewandte Kunst. Neben Entw\u00fcrfen f\u00fcr <a href=\"\/werk\/textil\/\" target=\"_blank\" rel=\"noopener\">Textilien<\/a> entstehen seit den 1970er Jahren auch Designs f\u00fcr Objekte des t\u00e4glichen Gebrauchs, oft im Zusammenhang gr\u00f6\u00dferer Ensembles f\u00fcr Kirchen, Gemeinden oder Krankenh\u00e4user. <div class=\"bg-margin-for-link\"><input type='hidden' bg_collapse_expand='69ff51d50fee99061343986' value='69ff51d50fee99061343986'><input type='hidden' id='bg-show-more-text-69ff51d50fee99061343986' value='Weiterlesen \u2026'><input type='hidden' id='bg-show-less-text-69ff51d50fee99061343986' value='weniger \u2026'><div id='bg-showmore-hidden-69ff51d50fee99061343986' ><\/p>\n<p>Im liturgischen Kontext etwa gestaltet er Taufbecken, Paramente, Tabernakel, Pulte, Altartische sowie Ausstattungsdetails vom Leuchter bis zu T\u00fcrgriffen. Seine Entw\u00fcrfe zeichnen sich durch klare Form und zur\u00fcckhaltende Details aus; Funktion und Gestaltung sind konsequent verkn\u00fcpft, fern jeder Ornamentik.<\/p>\n<p>Stets bleibt in Felgers angewandten Werken die Verbindung zur freien Kunst sp\u00fcrbar: Eine steinerne, skulptural anmutende Stele ist erst durch den dezent auf einer Seite eingelassenen Hahn als Brunnen erkennbar, die in den Kalkstein eines Taufbeckens eingeritzten Wellenlinien haben etwas Zeichnerisches, die Farbverl\u00e4ufe der Paramente erinnern an Gem\u00e4lde.<\/p>\n<p>F\u00fcr das Hallenbad in M\u00f6ssingen entwirft Andreas Felger 1974 ein zehn Meter breites <a href=\"\/werk-des-quartals-02-2022\/\" rel=\"noopener\" target=\"_blank\">Wandbild<\/a> aus 280 eigens gebrannten Keramikfliesen. Die in leuchtende Farbfl\u00e4chen abstrahierte Alblandschaft f\u00fcgt sich wie ein Fensterausblick in die Architektur ein.<\/p>\n<p>In den Werkgruppen der <a href=\"\/kunst-stationen\/\" target=\"_blank\" rel=\"noopener\">KUNST.STATIONEN<\/a> wurden u. a. auch zahlreiche Designobjekte Felgers erstmals dokumentiert.<\/div><\/div><a id='bg-showmore-action-69ff51d50fee99061343986' class='bg-showmore-plg-link bg-arrow '  style=\" color:#72777c;;\" href='#'>Weiterlesen \u2026<\/a><\/p>\n<\/div><\/div><\/div><\/div><\/div><\/div><\/div><\/section><section class=\"l-section wpb_row us_custom_d984a24d height_small\"><div class=\"l-section-h i-cf\"><div class=\"g-cols vc_row via_flex valign_top type_default stacking_default\"><div class=\"vc_col-sm-12 wpb_column vc_column_container\"><div class=\"vc_column-inner\"><div class=\"wpb_wrapper\"><div class=\"w-grid us_grid type_masonry layout_6333 cols_4 preload_style_spinner with_isotope\" id=\"us_grid_1\" style=\"--columns:4;--gap:1.5rem;\" data-filterable=\"true\"><style>@media (max-width:1280px){#us_grid_1{--columns:3!important}}@media (max-width:1024px){#us_grid_1{--columns:2!important}}@media (max-width:600px){#us_grid_1{--columns:1!important}}.layout_6333 .w-grid-item-h{}.layout_6333 .usg_post_image_1{margin-bottom:1rem!important}.layout_6333 .usg_post_content_1{margin-top:0.5rem!important}<\/style><div class=\"w-grid-list\">\t<article class=\"w-grid-item size_1x1 post-2586 post type-post status-publish format-standard has-post-thumbnail hentry category-design\" data-id=\"2586\">\r\n\t\t<div class=\"w-grid-item-h\">\r\n\t\t\t\t\t\t<div class=\"w-post-elm post_image usg_post_image_1 stretched\"><a href=\"https:\/\/www.af-kulturstiftung.de\/wordpress\/af_design_001\/\" aria-label=\"af_design_001\"><img loading=\"lazy\" decoding=\"async\" width=\"397\" height=\"248\" src=\"https:\/\/www.af-kulturstiftung.de\/wordpress\/wp-content\/uploads\/vorschau-design.jpg\" class=\"attachment-us_768_0 size-us_768_0 wp-post-image\" alt=\"\" srcset=\"https:\/\/www.af-kulturstiftung.de\/wordpress\/wp-content\/uploads\/vorschau-design.jpg 397w, https:\/\/www.af-kulturstiftung.de\/wordpress\/wp-content\/uploads\/vorschau-design-300x187.jpg 300w, https:\/\/www.af-kulturstiftung.de\/wordpress\/wp-content\/uploads\/vorschau-design-150x94.jpg 150w\" sizes=\"auto, (max-width: 397px) 100vw, 397px\" \/><\/a><\/div><div class=\"w-post-elm post_content usg_post_content_1\"><p>Taufstein<br \/>\n2004<br \/>\nKirchheimer Muschelkalk<br \/>\nH 80 cm, \u00d8 50 cm<\/p>\n<\/div>\t\t<\/div>\r\n\t\t\t<\/article>\r\n\t<article class=\"w-grid-item size_1x1 post-2589 post type-post status-publish format-standard has-post-thumbnail hentry category-design\" data-id=\"2589\">\r\n\t\t<div class=\"w-grid-item-h\">\r\n\t\t\t\t\t\t<div class=\"w-post-elm post_image usg_post_image_1 stretched\"><a href=\"https:\/\/www.af-kulturstiftung.de\/wordpress\/af_design_002\/\" aria-label=\"af_design_002\"><img loading=\"lazy\" decoding=\"async\" width=\"768\" height=\"421\" src=\"https:\/\/www.af-kulturstiftung.de\/wordpress\/wp-content\/uploads\/af_design_002-768x421.jpg\" class=\"attachment-us_768_0 size-us_768_0 wp-post-image\" alt=\"\" srcset=\"https:\/\/www.af-kulturstiftung.de\/wordpress\/wp-content\/uploads\/af_design_002-768x421.jpg 768w, https:\/\/www.af-kulturstiftung.de\/wordpress\/wp-content\/uploads\/af_design_002-300x164.jpg 300w, https:\/\/www.af-kulturstiftung.de\/wordpress\/wp-content\/uploads\/af_design_002-150x82.jpg 150w, https:\/\/www.af-kulturstiftung.de\/wordpress\/wp-content\/uploads\/af_design_002.jpg 964w\" sizes=\"auto, (max-width: 768px) 100vw, 768px\" \/><\/a><\/div><div class=\"w-post-elm post_content usg_post_content_1\"><p>Altartisch<br \/>\n2015<br \/>\nHolz<br \/>\n87 x 147,5 x 73 cm<\/p>\n<\/div>\t\t<\/div>\r\n\t\t\t<\/article>\r\n\t<article class=\"w-grid-item size_1x1 post-15418 post type-post status-publish format-standard has-post-thumbnail hentry category-design\" data-id=\"15418\">\r\n\t\t<div class=\"w-grid-item-h\">\r\n\t\t\t\t\t\t<div class=\"w-post-elm post_image usg_post_image_1 stretched\"><a href=\"https:\/\/www.af-kulturstiftung.de\/wordpress\/af_design_003\/\" aria-label=\"af_design_003\"><img loading=\"lazy\" decoding=\"async\" width=\"768\" height=\"512\" src=\"https:\/\/www.af-kulturstiftung.de\/wordpress\/wp-content\/uploads\/af_design_003-768x512.jpg\" class=\"attachment-us_768_0 size-us_768_0 wp-post-image\" alt=\"\" srcset=\"https:\/\/www.af-kulturstiftung.de\/wordpress\/wp-content\/uploads\/af_design_003-768x512.jpg 768w, https:\/\/www.af-kulturstiftung.de\/wordpress\/wp-content\/uploads\/af_design_003-300x200.jpg 300w, https:\/\/www.af-kulturstiftung.de\/wordpress\/wp-content\/uploads\/af_design_003-1024x683.jpg 1024w, https:\/\/www.af-kulturstiftung.de\/wordpress\/wp-content\/uploads\/af_design_003-150x100.jpg 150w, https:\/\/www.af-kulturstiftung.de\/wordpress\/wp-content\/uploads\/af_design_003.jpg 1200w\" sizes=\"auto, (max-width: 768px) 100vw, 768px\" \/><\/a><\/div><div class=\"w-post-elm post_content usg_post_content_1\"><p>Parament<br \/>\n2002<br \/>\ngewebter Stoff<br \/>\n90 x 42,5 cm<\/p>\n<\/div>\t\t<\/div>\r\n\t\t\t<\/article>\r\n\t<article class=\"w-grid-item size_1x1 post-2595 post type-post status-publish format-standard has-post-thumbnail hentry category-design\" data-id=\"2595\">\r\n\t\t<div class=\"w-grid-item-h\">\r\n\t\t\t\t\t\t<div class=\"w-post-elm post_image usg_post_image_1 stretched\"><a href=\"https:\/\/www.af-kulturstiftung.de\/wordpress\/af_design_004\/\" aria-label=\"af_design_004\"><img loading=\"lazy\" decoding=\"async\" width=\"768\" height=\"1104\" src=\"https:\/\/www.af-kulturstiftung.de\/wordpress\/wp-content\/uploads\/Moessingen_Gemeindehaus_Feuer-768x1104.jpg\" class=\"attachment-us_768_0 size-us_768_0 wp-post-image\" alt=\"\" srcset=\"https:\/\/www.af-kulturstiftung.de\/wordpress\/wp-content\/uploads\/Moessingen_Gemeindehaus_Feuer-768x1104.jpg 768w, https:\/\/www.af-kulturstiftung.de\/wordpress\/wp-content\/uploads\/Moessingen_Gemeindehaus_Feuer-209x300.jpg 209w, https:\/\/www.af-kulturstiftung.de\/wordpress\/wp-content\/uploads\/Moessingen_Gemeindehaus_Feuer-712x1024.jpg 712w, https:\/\/www.af-kulturstiftung.de\/wordpress\/wp-content\/uploads\/Moessingen_Gemeindehaus_Feuer-104x150.jpg 104w, https:\/\/www.af-kulturstiftung.de\/wordpress\/wp-content\/uploads\/Moessingen_Gemeindehaus_Feuer.jpg 900w\" sizes=\"auto, (max-width: 768px) 100vw, 768px\" \/><\/a><\/div><div class=\"w-post-elm post_content usg_post_content_1\"><p>Holzrelief (Feuer)<br \/>\n1989\u201390<br \/>\nAcrylfarbe auf Lindenholz<br \/>\n100 x 80 x 10 cm<\/p>\n<\/div>\t\t<\/div>\r\n\t\t\t<\/article>\r\n\t<article class=\"w-grid-item size_1x1 post-2598 post type-post status-publish format-standard has-post-thumbnail hentry category-design\" data-id=\"2598\">\r\n\t\t<div class=\"w-grid-item-h\">\r\n\t\t\t\t\t\t<div class=\"w-post-elm post_image usg_post_image_1 stretched\"><a href=\"https:\/\/www.af-kulturstiftung.de\/wordpress\/af_design_005\/\" aria-label=\"af_design_005\"><img loading=\"lazy\" decoding=\"async\" width=\"768\" height=\"687\" src=\"https:\/\/www.af-kulturstiftung.de\/wordpress\/wp-content\/uploads\/af_design_005-768x687.jpg\" class=\"attachment-us_768_0 size-us_768_0 wp-post-image\" alt=\"\" srcset=\"https:\/\/www.af-kulturstiftung.de\/wordpress\/wp-content\/uploads\/af_design_005-768x687.jpg 768w, https:\/\/www.af-kulturstiftung.de\/wordpress\/wp-content\/uploads\/af_design_005-300x268.jpg 300w, https:\/\/www.af-kulturstiftung.de\/wordpress\/wp-content\/uploads\/af_design_005-1024x916.jpg 1024w, https:\/\/www.af-kulturstiftung.de\/wordpress\/wp-content\/uploads\/af_design_005-150x134.jpg 150w, https:\/\/www.af-kulturstiftung.de\/wordpress\/wp-content\/uploads\/af_design_005.jpg 1200w\" sizes=\"auto, (max-width: 768px) 100vw, 768px\" \/><\/a><\/div><div class=\"w-post-elm post_content usg_post_content_1\"><p>Alblandschaft \u2013 Durchdringung<br \/>\n1974<br \/>\nWandbild aus Keramikfliesen mit Unterglasurbemalung<br \/>\nca. 550 x 1000 cm<\/p>\n<\/div>\t\t<\/div>\r\n\t\t\t<\/article>\r\n<\/div>\t<div class=\"w-grid-preloader\">\r\n\t\t<div class=\"g-preloader type_1\">\r\n\t\t\t<div><\/div>\r\n\t\t<\/div>\r\n\t<\/div>\r\n\t\t<div class=\"w-grid-json hidden\" onclick='return {&quot;action&quot;:&quot;us_ajax_grid&quot;,&quot;infinite_scroll&quot;:0,&quot;max_num_pages&quot;:1,&quot;pagination&quot;:&quot;none&quot;,&quot;template_vars&quot;:{&quot;columns&quot;:&quot;4&quot;,&quot;exclude_items&quot;:&quot;none&quot;,&quot;img_size&quot;:&quot;us_768_0&quot;,&quot;ignore_items_size&quot;:0,&quot;items_layout&quot;:&quot;6333&quot;,&quot;items_offset&quot;:&quot;1&quot;,&quot;load_animation&quot;:&quot;none&quot;,&quot;overriding_link&quot;:&quot;{\\&quot;url\\&quot;:\\&quot;\\&quot;}&quot;,&quot;post_id&quot;:0,&quot;query_args&quot;:{&quot;post_type&quot;:[&quot;post&quot;],&quot;tax_query&quot;:[{&quot;taxonomy&quot;:&quot;category&quot;,&quot;field&quot;:&quot;slug&quot;,&quot;terms&quot;:[&quot;design&quot;]}],&quot;post_status&quot;:[&quot;publish&quot;],&quot;posts_per_page&quot;:&quot;50&quot;},&quot;orderby_query_args&quot;:{&quot;orderby&quot;:{&quot;date&quot;:&quot;ASC&quot;}},&quot;type&quot;:&quot;masonry&quot;,&quot;us_grid_post_type&quot;:&quot;post&quot;,&quot;us_grid_ajax_index&quot;:1,&quot;us_grid_filter_query_string&quot;:null,&quot;us_grid_index&quot;:1,&quot;page_args&quot;:[]}}'><\/div>\r\n\t<\/div><\/div><\/div><\/div><\/div><\/div><\/section>\n","protected":false},"excerpt":{"rendered":"WERK \/ DESIGN Andreas Felger, Alblandschaft - Durchdringung, 1974Keramikfliesen mit Unterglasurbemalung, 550 x 1000 cm, Fotograf: Benedikt Schweizer \u00a9 AFKSAlblandschaft \u2013 Durchdringung 1974 Wandbild aus Keramikfliesen mit Unterglasurbemalung ca. 550 x 1000 cm Hallenbad M\u00f6ssingen unverk\u00e4uflich zur\u00fcck zur \u00dcbersichtVorheriger Beitragaf_design_004","protected":false},"author":4,"featured_media":0,"parent":1793,"menu_order":0,"comment_status":"closed","ping_status":"closed","template":"","meta":{"h5ap_radio_sources":[],"footnotes":""},"class_list":["post-1562","page","type-page","status-publish","hentry"],"_links":{"self":[{"href":"https:\/\/www.af-kulturstiftung.de\/wordpress\/wp-json\/wp\/v2\/pages\/1562","targetHints":{"allow":["GET"]}}],"collection":[{"href":"https:\/\/www.af-kulturstiftung.de\/wordpress\/wp-json\/wp\/v2\/pages"}],"about":[{"href":"https:\/\/www.af-kulturstiftung.de\/wordpress\/wp-json\/wp\/v2\/types\/page"}],"author":[{"embeddable":true,"href":"https:\/\/www.af-kulturstiftung.de\/wordpress\/wp-json\/wp\/v2\/users\/4"}],"replies":[{"embeddable":true,"href":"https:\/\/www.af-kulturstiftung.de\/wordpress\/wp-json\/wp\/v2\/comments?post=1562"}],"version-history":[{"count":0,"href":"https:\/\/www.af-kulturstiftung.de\/wordpress\/wp-json\/wp\/v2\/pages\/1562\/revisions"}],"up":[{"embeddable":true,"href":"https:\/\/www.af-kulturstiftung.de\/wordpress\/wp-json\/wp\/v2\/pages\/1793"}],"wp:attachment":[{"href":"https:\/\/www.af-kulturstiftung.de\/wordpress\/wp-json\/wp\/v2\/media?parent=1562"}],"curies":[{"name":"wp","href":"https:\/\/api.w.org\/{rel}","templated":true}]}}