{"id":1370,"date":"2017-10-22T17:38:22","date_gmt":"2017-10-22T15:38:22","guid":{"rendered":"http:\/\/www1.af-kulturstiftung.de\/wordpress\/?page_id=1370"},"modified":"2024-11-17T19:06:57","modified_gmt":"2024-11-17T18:06:57","slug":"newsletter","status":"publish","type":"page","link":"https:\/\/www.af-kulturstiftung.de\/wordpress\/newsletter\/","title":{"rendered":"Newsletter"},"content":{"rendered":"<section class=\"l-section wpb_row height_small with_img parallax_fixed\"><div class=\"l-section-img\" role=\"img\" aria-label=\"Bild\" data-img-width=\"1920\" data-img-height=\"955\" style=\"background-image: url(https:\/\/www.af-kulturstiftung.de\/wordpress\/wp-content\/uploads\/slideshow17.jpg);background-repeat: no-repeat;\"><\/div><div class=\"l-section-h i-cf\"><div class=\"g-cols vc_row via_flex valign_top type_default stacking_default\"><div class=\"vc_col-sm-6 wpb_column vc_column_container has_bg_color\"><div class=\"vc_column-inner us_custom_4fb9e5a3\"><div class=\"wpb_wrapper\"><div class=\"wpb_text_column\"><div class=\"wpb_wrapper\"><h4>Newsletter<\/h4>\n<p>Mit unserem Newsletter informieren wir Sie regelm\u00e4\u00dfig \u00fcber die Ausstellungen des K\u00fcnstlers Andreas Felger, sowie \u00fcber die Aktivit\u00e4ten der Andreas Felger Kulturstiftung. Informationen zu den Inhalten, der Protokollierung Ihrer Anmeldung, dem Versand \u00fcber die Firma Mailchimp, der statistischen Auswertung sowie Ihren Abbestellm\u00f6glichkeiten, erhalten Sie in unserer \u00bb <a href=\"\/datenschutz\">Datenschutzerkl\u00e4rung<\/a><\/p>\n<p>Sie erhalten eine sog. Double-Opt-In-E-Mail, in der Sie um Best\u00e4tigung der Anmeldung gebeten werden. Sie k\u00f6nnen dem Empfang der Newsletter jederzeit widersprechen (sog. Opt-Out). Einen Abmeldelink finden Sie in jedem Newsletter oder der Double-Opt-In-E-Mail.<\/p>\n<p><!-- Begin Mailchimp Signup Form --><\/p>\n<div id=\"mc_embed_signup\">\n<form id=\"mc-embedded-subscribe-form\" class=\"validate\" action=\"https:\/\/af-kulturstiftung.us4.list-manage.com\/subscribe\/post?u=0cf4974619b1d0d75e816858e&amp;id=8c608cd26a\" method=\"post\" name=\"mc-embedded-subscribe-form\" novalidate=\"\" target=\"_blank\">\n<div id=\"mc_embed_signup_scroll\">\n<div class=\"indicates-required\"><span class=\"asterisk\">*<\/span> erforderliche Angabe<\/div>\n<\/div>\n<div><\/div>\n<div><\/div>\n<div id=\"mc_embed_signup_scroll\">\n<div class=\"indicates-required\"><script>(function() {\n\twindow.mc4wp = window.mc4wp || {\n\t\tlisteners: [],\n\t\tforms: {\n\t\t\ton: function(evt, cb) {\n\t\t\t\twindow.mc4wp.listeners.push(\n\t\t\t\t\t{\n\t\t\t\t\t\tevent   : evt,\n\t\t\t\t\t\tcallback: cb\n\t\t\t\t\t}\n\t\t\t\t);\n\t\t\t}\n\t\t}\n\t}\n})();\n<\/script><!-- Mailchimp for WordPress v4.12.1 - https:\/\/wordpress.org\/plugins\/mailchimp-for-wp\/ --><form id=\"mc4wp-form-1\" class=\"mc4wp-form mc4wp-form-17537\" method=\"post\" data-id=\"17537\" data-name=\"Website-Formular\" ><div class=\"mc4wp-form-fields\"><p>\r\n    <label>Vorname*<\/label>\r\n    <input type=\"text\" name=\"FNAME\" required=\"\">\r\n<\/p>\r\n<p>\r\n    <label>Nachname*<\/label>\r\n    <input type=\"text\" name=\"LNAME\" required=\"\">\r\n<\/p>\r\n<input type=\"hidden\" name=\"procaptcha\">\r\n<p>\r\n\t<label for=\"email\">E-Mail-Adresse:* \r\n\t\t<input type=\"email\" id=\"email\" name=\"EMAIL\" placeholder=\"\" required>\r\n<\/label>\r\n<\/p>\r\n\r\n<p>\r\n\t<input type=\"submit\" value=\"Abschicken\">\r\n<\/p><\/div><label style=\"display: none !important;\">Wenn du ein Mensch bist, lasse das Feld leer: <input type=\"text\" name=\"_mc4wp_honeypot\" value=\"\" tabindex=\"-1\" autocomplete=\"off\" \/><\/label><input type=\"hidden\" name=\"_mc4wp_timestamp\" value=\"1776031521\" \/><input type=\"hidden\" name=\"_mc4wp_form_id\" value=\"17537\" \/><input type=\"hidden\" name=\"_mc4wp_form_element_id\" value=\"mc4wp-form-1\" \/><div class=\"mc4wp-response\"><\/div><\/form><!-- \/ Mailchimp for WordPress Plugin --><\/div>\n<\/div>\n<\/form>\n<\/div>\n<\/div><\/div><\/div><\/div><\/div><div class=\"vc_col-sm-6 wpb_column vc_column_container\"><div class=\"vc_column-inner\"><div class=\"wpb_wrapper\"><\/div><\/div><\/div><\/div><\/div><\/section><!-- Row Backgrounds --><section class=\"l-section wpb_row height_medium\"><div class=\"l-section-h i-cf\"><div class=\"g-cols vc_row via_flex valign_top type_default stacking_default\"><div class=\"vc_col-sm-12 wpb_column vc_column_container\"><div class=\"vc_column-inner\"><div class=\"wpb_wrapper\"><\/div><\/div><\/div><\/div><\/div><\/section>\n","protected":false},"excerpt":{"rendered":"Newsletter Mit unserem Newsletter informieren wir Sie regelm\u00e4\u00dfig \u00fcber die Ausstellungen des K\u00fcnstlers Andreas Felger, sowie \u00fcber die Aktivit\u00e4ten der Andreas Felger Kulturstiftung. Informationen zu den Inhalten, der Protokollierung Ihrer Anmeldung, dem Versand \u00fcber die Firma Mailchimp, der statistischen Auswertung sowie Ihren Abbestellm\u00f6glichkeiten, erhalten Sie in unserer \u00bb Datenschutzerkl\u00e4rung Sie erhalten eine sog. Double-Opt-In-E-Mail, in...","protected":false},"author":4,"featured_media":0,"parent":0,"menu_order":0,"comment_status":"closed","ping_status":"closed","template":"","meta":{"h5ap_radio_sources":[],"footnotes":""},"class_list":["post-1370","page","type-page","status-publish","hentry"],"_links":{"self":[{"href":"https:\/\/www.af-kulturstiftung.de\/wordpress\/wp-json\/wp\/v2\/pages\/1370","targetHints":{"allow":["GET"]}}],"collection":[{"href":"https:\/\/www.af-kulturstiftung.de\/wordpress\/wp-json\/wp\/v2\/pages"}],"about":[{"href":"https:\/\/www.af-kulturstiftung.de\/wordpress\/wp-json\/wp\/v2\/types\/page"}],"author":[{"embeddable":true,"href":"https:\/\/www.af-kulturstiftung.de\/wordpress\/wp-json\/wp\/v2\/users\/4"}],"replies":[{"embeddable":true,"href":"https:\/\/www.af-kulturstiftung.de\/wordpress\/wp-json\/wp\/v2\/comments?post=1370"}],"version-history":[{"count":0,"href":"https:\/\/www.af-kulturstiftung.de\/wordpress\/wp-json\/wp\/v2\/pages\/1370\/revisions"}],"wp:attachment":[{"href":"https:\/\/www.af-kulturstiftung.de\/wordpress\/wp-json\/wp\/v2\/media?parent=1370"}],"curies":[{"name":"wp","href":"https:\/\/api.w.org\/{rel}","templated":true}]}}