{"id":10823,"date":"2021-10-07T16:13:07","date_gmt":"2021-10-07T14:13:07","guid":{"rendered":"https:\/\/www1.af-kulturstiftung.de\/?page_id=10823"},"modified":"2021-10-07T16:20:24","modified_gmt":"2021-10-07T14:20:24","slug":"agbs","status":"publish","type":"page","link":"https:\/\/www.af-kulturstiftung.de\/wordpress\/agbs\/","title":{"rendered":"Unsere AGBs"},"content":{"rendered":"<section class=\"l-section wpb_row height_small with_img parallax_fixed\"><div class=\"l-section-img\" role=\"img\" aria-label=\"Bild\" data-img-width=\"1042\" data-img-height=\"1481\" style=\"background-image: url(https:\/\/www.af-kulturstiftung.de\/wordpress\/wp-content\/uploads\/AF_Oel_11_0008-1.jpg);background-repeat: no-repeat;\"><\/div><div class=\"l-section-h i-cf\"><div class=\"g-cols vc_row via_flex valign_top type_default stacking_default\"><div class=\"vc_col-sm-6 wpb_column vc_column_container has_bg_color\"><div class=\"vc_column-inner us_custom_4fb9e5a3\"><div class=\"wpb_wrapper\"><div class=\"wpb_text_column\"><div class=\"wpb_wrapper\"><h4 style=\"text-align: left;\">Unsere AGBs<\/h4>\n<p style=\"text-align: left;\">Sehr geehrte Damen und Herren,<\/p>\n<p style=\"text-align: left;\">Sie haben ein oder mehrere Kunstwerke des K\u00fcnstlers Andreas Felger erworben. Wir hoffen, dass Sie viel Freude daran haben werden und erlauben uns, Sie noch auf Folgendes aufmerksam zu machen:<\/p>\n<p style=\"text-align: left;\">Mit dem Erwerb eines oder mehreren Originalen erwerben Sie das Eigentum an dem\/n Kunstwerk\/en. Demgegen\u00fcber verbleiben gem\u00e4\u00df \u00a7 44 des deutschen UrhG das Urheberrecht beim K\u00fcnstler und die Nutzungsrechte bei der <strong>Andreas Felger Kulturstiftung<\/strong>, deren Zweck es ist, das K\u00fcnstlerische Werk von Andreas Felger zu bewahren und zu f\u00f6rdern.<\/p>\n<p style=\"text-align: left;\">Dies hat zur Folge, dass die Nutzung des Originals, bspw. f\u00fcr Vervielf\u00e4ltigungen oder Verwendungen im Medienbereich (Druck, Fernsehen, Internet etc.) sei es zu kommerziellen oder nicht kommerziellen Zwecken der ausdr\u00fccklichen <em>schriftlichen Zustimmung<\/em>\u00a0 der Stiftung bedarf und honorarpflichtig ist. Die unerlaubte Verwendung oder Vervielf\u00e4ltigung des Originals stellt eine Verletzung des Urheberrechts der Stiftung dar. Weiterhin ist jede Entstellung des Werkes nicht erlaubt.<\/p>\n<p style=\"text-align: left;\">F\u00fcr die Reproduktion von Originalen gilt folgende Regelung:<\/p>\n<p style=\"text-align: left;\">Zur Wahrung der Authentizit\u00e4t des Originals soll der Druck von Karten, Plakaten usw. nur unter Ber\u00fccksichtigung der stiftungseigenen Qualit\u00e4tskriterien erfolgen. Ohne vorherige schriftliche Zustimmung ist eine Reproduktion von Originalen nicht gestattet. Auf Wunsch ist die Stiftung zur Zusammenarbeit gerne bereit, wodurch eine hohe Qualit\u00e4t der Ausf\u00fchrung garantiert ist.<\/p>\n<p style=\"text-align: left;\">Bei Bedarf wenden Sie sich bitte an die Stiftung:<\/p>\n<p style=\"text-align: left;\">Andreas Felger Kulturstiftung<\/p>\n<p style=\"text-align: left;\">L\u00f6wensteinplatz 1<\/p>\n<p style=\"text-align: left;\">72116 M\u00f6ssingen<\/p>\n<p style=\"text-align: left;\">info@af-kulturstiftung.de<\/p>\n<p style=\"text-align: left;\">www.af-kulturstiftung.de<\/p>\n<p style=\"text-align: left;\">Im Falle einer Zusammenarbeit mit der Stiftung erhalten Sie von dieser einen Kostenvoranschlag. Dieser richtet sich nach Verwendungszweck, Auflagenh\u00f6he und Aufmachung. Um eine qualit\u00e4tsvolle und kosteng\u00fcnstige Durchf\u00fchrung Ihres Drucks zu erreichen, sollte Ihre Anfrage bei der Stiftung ca. 2 Monate vor dem Druck vorliegen.<\/p>\n<p style=\"text-align: left;\">Im Falle einer \u00f6ffentlichen Ausstellung des erworbenen Originals, die Ihnen als K\u00e4ufer gem\u00e4\u00df \u00a7 44 Abs. 2 UrhG zusteht, ist eine schriftliche Einwilligung der Stiftung Voraussetzung. Wir bitten Sie daher rechtzeitig, die Stiftung \u00fcber Ort und Dauer der Ausstellung zu informieren und die Einwilligung der Stiftung einzuholen. Der Urheber ist im Zusammenhang des ausgestellten Originals an sichtbarer und eindeutiger Stelle zu nennen.<\/p>\n<p style=\"text-align: left;\">F\u00fcr die Wahrnehmung der Rechte aus \u00a7 26 UrhG sind Sie als K\u00e4ufer verpflichtet, der Stiftung eine Weiterver\u00e4u\u00dferung der Werke unverz\u00fcglich anzuzeigen und Namen und Anschrift des Erwerbers bekannt zu geben sowie mitzuteilen, ob es sich bei dem Erwerber um einen Kunsth\u00e4ndler oder Versteigerer handelt. Zudem verpflichten Sie den Erwerber des\/der Kunstwerke zur Einhaltung der gleichen Informationspflicht gegen\u00fcber der Stiftung und teilen ihm die ihnen zuletzt bekannten Kontaktdaten der Stiftung mit.<\/p>\n<p style=\"text-align: left;\">Sie oder Ihre Erben d\u00fcrfen das\/die erworbene\/n Kunstwerk\/e nicht vernichten, ohne der Stiftung zuvor mit einer Fristsetzung von mindestens 3 Monaten die M\u00f6glichkeit einger\u00e4umt zu haben, das\/die Kunstwerk\/e abzuholen. Soweit die Stiftung das\/die Kunstwerk\/e abholt, haben Sie es ihr entgeltfrei zu \u00fcbereignen. Die Kosten der Abholung tr\u00e4gt die Stiftung. Eine Vernichtung des\/der Kunstwerke\/s unter Verletzung der vorstehenden Pflichten verletzt die Stiftung in ihrem vom Urheber einger\u00e4umtem Urheberpers\u00f6nlichkeitsrecht und verpflichtet Sie zum Ersatz des immateriellen Schadens.<\/p>\n<p style=\"text-align: left;\">Mit dem Erwerb eines oder mehrere Kunstwerke von Andreas Felger erkl\u00e4ren Sie sich damit einverstanden, da\u00df die Stiftung Abbildungen des\/der Kunstwerks\/e auf ihrer Homepage, zum Zwecke von Werbung oder in sonstigen Publikationen zeigen darf.<\/p>\n<p style=\"text-align: left;\">Zur Gew\u00e4hrleistung des Zugangsrechts gem\u00e4\u00df \u00a7 25 UrhG sind Sie verpflichtet, der Stiftung \u00fcber jede \u00c4nderung Ihrer Kontaktdaten zu informieren.<\/p>\n<p style=\"text-align: left;\">Vielen Dank!<\/p>\n<p style=\"text-align: left;\">Der Vorstand der Andreas Felger Kulturstiftung<\/p>\n<\/div><\/div><div class=\"w-separator size_custom\" style=\"height:32px\"><\/div><div class=\"w-separator size_small with_line width_default thick_1 style_solid color_border align_center\"><div class=\"w-separator-h\"><\/div><\/div><div class=\"wpb_text_column bildrechte\"><div class=\"wpb_wrapper\"><p>Hintergrundbild: Andreas Felger, ohne Titel, 2008, \u00d6l auf Leinwand, 200 x 140 cm; \u00a9 AFKS<\/p>\n<\/div><\/div><\/div><\/div><\/div><div class=\"vc_col-sm-6 wpb_column vc_column_container\"><div class=\"vc_column-inner\"><div class=\"wpb_wrapper\"><\/div><\/div><\/div><\/div><\/div><\/section><!-- Row Backgrounds -->\n","protected":false},"excerpt":{"rendered":"Unsere AGBs Sehr geehrte Damen und Herren, Sie haben ein oder mehrere Kunstwerke des K\u00fcnstlers Andreas Felger erworben. Wir hoffen, dass Sie viel Freude daran haben werden und erlauben uns, Sie noch auf Folgendes aufmerksam zu machen: Mit dem Erwerb eines oder mehreren Originalen erwerben Sie das Eigentum an dem\/n Kunstwerk\/en. Demgegen\u00fcber verbleiben gem\u00e4\u00df \u00a7...","protected":false},"author":6,"featured_media":0,"parent":0,"menu_order":0,"comment_status":"closed","ping_status":"closed","template":"","meta":{"h5ap_radio_sources":[],"footnotes":""},"class_list":["post-10823","page","type-page","status-publish","hentry"],"_links":{"self":[{"href":"https:\/\/www.af-kulturstiftung.de\/wordpress\/wp-json\/wp\/v2\/pages\/10823","targetHints":{"allow":["GET"]}}],"collection":[{"href":"https:\/\/www.af-kulturstiftung.de\/wordpress\/wp-json\/wp\/v2\/pages"}],"about":[{"href":"https:\/\/www.af-kulturstiftung.de\/wordpress\/wp-json\/wp\/v2\/types\/page"}],"author":[{"embeddable":true,"href":"https:\/\/www.af-kulturstiftung.de\/wordpress\/wp-json\/wp\/v2\/users\/6"}],"replies":[{"embeddable":true,"href":"https:\/\/www.af-kulturstiftung.de\/wordpress\/wp-json\/wp\/v2\/comments?post=10823"}],"version-history":[{"count":0,"href":"https:\/\/www.af-kulturstiftung.de\/wordpress\/wp-json\/wp\/v2\/pages\/10823\/revisions"}],"wp:attachment":[{"href":"https:\/\/www.af-kulturstiftung.de\/wordpress\/wp-json\/wp\/v2\/media?parent=10823"}],"curies":[{"name":"wp","href":"https:\/\/api.w.org\/{rel}","templated":true}]}}