{"id":9942,"date":"2021-05-04T15:57:38","date_gmt":"2021-05-04T13:57:38","guid":{"rendered":"https:\/\/www1.af-kulturstiftung.de\/?page_id=9942"},"modified":"2021-05-04T15:59:24","modified_gmt":"2021-05-04T13:59:24","slug":"collections","status":"publish","type":"page","link":"https:\/\/www.af-kulturstiftung.de\/wordpress\/en\/collections\/","title":{"rendered":"Collections"},"content":{"rendered":"<section class=\"l-section wpb_row height_small with_img parallax_fixed\"><div class=\"l-section-img\" role=\"img\" aria-label=\"Image\" data-img-width=\"1920\" data-img-height=\"955\" style=\"background-image: url(https:\/\/www.af-kulturstiftung.de\/wordpress\/wp-content\/uploads\/sammlungen.jpg);background-repeat: no-repeat;\"><\/div><div class=\"l-section-h i-cf\"><div class=\"g-cols vc_row via_flex valign_top type_default stacking_default\" style=\"--additional-gap:10px;\"><div class=\"vc_col-sm-6 wpb_column vc_column_container has_bg_color\"><div class=\"vc_column-inner us_custom_4fb9e5a3\"><div class=\"wpb_wrapper\"><div class=\"wpb_text_column\"><div class=\"wpb_wrapper\"><h4>COLLECTIONS<\/h4>\n<p><strong>Works in public institutions and collections<\/strong><\/p>\n<hr class=\"twenty-down\" \/>\n<p><a href=\"http:\/\/www.kunstsammlungen-chemnitz.de\/index.php?loc=ksc&amp;content=exposition_detail&amp;xid=67&amp;id=622\" target=\"_blank\" rel=\"noopener\">Kunstsammlungen Chemnitz<\/a><\/p>\n<hr \/>\n<p><a href=\"http:\/\/kunst.wuerth.com\/en\/portal\/startseite.php\" target=\"_blank\" rel=\"noopener\">Museum W\u00fcrth K\u00fcnzelsau<\/a><\/p>\n<hr \/>\n<p><a href=\"http:\/\/www.albstadt.de\/Kunstmuseum-der-Stadt-Albstadt\" target=\"_blank\" rel=\"noopener\">Kunstmuseum der Stadt Albstadt<\/a><\/p>\n<hr \/>\n<p><a href=\"http:\/\/www.klingspor-museum.de\/\" target=\"_blank\" rel=\"noopener\">Klingspor Museum, Offenbach a. M.<\/a><\/p>\n<hr \/>\n<p><a>Land Baden-W\u00fcrttemberg, Stuttgart<\/a><\/p>\n<hr \/>\n<p><a>Land Hessen, Wiesbaden<\/a><\/p>\n<hr \/>\n<p><a href=\"https:\/\/www.tuebingen.de\/stadtmuseum\/\" target=\"_blank\" rel=\"noopener\">Stadtmuseum T\u00fcbingen<\/a><\/p>\n<hr \/>\n<p><a href=\"http:\/\/www.yadvashem.org\/de\/museum\/museum-complex\/art-museum\" target=\"_blank\" rel=\"noopener\">Kunstmuseum Yad-Vashem, Jerusalem<\/a><\/p>\n<hr \/>\n<p><a href=\"https:\/\/www.friedenskirche-lb.de\" target=\"_blank\" rel=\"noopener\">Friedenskirche Ludwigsburg<\/a><\/p>\n<\/div><\/div><\/div><\/div><\/div><div class=\"vc_col-sm-6 wpb_column vc_column_container has_bg_color\"><div class=\"vc_column-inner us_custom_4fb9e5a3\"><div class=\"wpb_wrapper\"><div class=\"w-separator size_custom\" style=\"height:56px\"><\/div><div class=\"wpb_text_column\"><div class=\"wpb_wrapper\"><p><strong>Works in private and corporate collections<\/strong><\/p>\n<hr class=\"twenty-down\" \/>\n<p><a>Allianz AG, Wiesbaden<\/a><\/p>\n<hr \/>\n<p><a>BW-Bank, Stuttgart<\/a><\/p>\n<hr \/>\n<p><a>Bank Austria Creditanstalt, M\u00fcnchen<\/a><\/p>\n<hr \/>\n<p><a>Blickle GmbH, Rosenfeld<\/a><\/p>\n<hr \/>\n<p><a href=\"http:\/\/www.graf-pueckler.de\/\" target=\"_blank\" rel=\"noopener\">Graf P\u00fcckler Stiftung, Gaildorf<\/a><\/p>\n<hr \/>\n<p><a>Landesbank NRW, D\u00fcsseldorf<\/a><\/p>\n<hr \/>\n<p><a>Merckle GmbH, Blaubeuren<\/a><\/p>\n<hr \/>\n<p><a href=\"http:\/\/www.ukgm.de\/home.html\" target=\"_blank\" rel=\"noopener\">Universit\u00e4tsklinik, Gie\u00dfen<\/a><\/p>\n<hr \/>\n<p><a href=\"https:\/\/www.klinikum.uni-heidelberg.de\" target=\"_blank\" rel=\"noopener\">Universit\u00e4tsklinik, Heidelberg<\/a><\/p>\n<hr \/>\n<p><a href=\"https:\/\/www.medizin.uni-tuebingen.de\/\" target=\"_blank\" rel=\"noopener\">Universit\u00e4tsklinik, T\u00fcbingen<\/a><\/p>\n<\/div><\/div><\/div><\/div><\/div><\/div><\/div><\/section>\n","protected":false},"excerpt":{"rendered":"COLLECTIONS Works in public institutions and collections Kunstsammlungen Chemnitz Museum W\u00fcrth K\u00fcnzelsau Kunstmuseum der Stadt Albstadt Klingspor Museum, Offenbach a. M. Land Baden-W\u00fcrttemberg, Stuttgart Land Hessen, Wiesbaden Stadtmuseum T\u00fcbingen Kunstmuseum Yad-Vashem, Jerusalem Friedenskirche Ludwigsburg Works in private and corporate collections Allianz AG, Wiesbaden BW-Bank, Stuttgart Bank Austria Creditanstalt, M\u00fcnchen Blickle GmbH, Rosenfeld Graf P\u00fcckler Stiftung,...","protected":false},"author":6,"featured_media":0,"parent":0,"menu_order":0,"comment_status":"closed","ping_status":"closed","template":"","meta":{"h5ap_radio_sources":[],"footnotes":""},"class_list":["post-9942","page","type-page","status-publish","hentry"],"_links":{"self":[{"href":"https:\/\/www.af-kulturstiftung.de\/wordpress\/en\/wp-json\/wp\/v2\/pages\/9942","targetHints":{"allow":["GET"]}}],"collection":[{"href":"https:\/\/www.af-kulturstiftung.de\/wordpress\/en\/wp-json\/wp\/v2\/pages"}],"about":[{"href":"https:\/\/www.af-kulturstiftung.de\/wordpress\/en\/wp-json\/wp\/v2\/types\/page"}],"author":[{"embeddable":true,"href":"https:\/\/www.af-kulturstiftung.de\/wordpress\/en\/wp-json\/wp\/v2\/users\/6"}],"replies":[{"embeddable":true,"href":"https:\/\/www.af-kulturstiftung.de\/wordpress\/en\/wp-json\/wp\/v2\/comments?post=9942"}],"version-history":[{"count":0,"href":"https:\/\/www.af-kulturstiftung.de\/wordpress\/en\/wp-json\/wp\/v2\/pages\/9942\/revisions"}],"wp:attachment":[{"href":"https:\/\/www.af-kulturstiftung.de\/wordpress\/en\/wp-json\/wp\/v2\/media?parent=9942"}],"curies":[{"name":"wp","href":"https:\/\/api.w.org\/{rel}","templated":true}]}}