{"id":9907,"date":"2021-05-04T01:52:25","date_gmt":"2021-05-03T23:52:25","guid":{"rendered":"https:\/\/www1.af-kulturstiftung.de\/?page_id=9907"},"modified":"2023-06-17T17:19:41","modified_gmt":"2023-06-17T15:19:41","slug":"contact","status":"publish","type":"page","link":"https:\/\/www.af-kulturstiftung.de\/wordpress\/en\/contact\/","title":{"rendered":"Contact"},"content":{"rendered":"<section class=\"l-section wpb_row height_medium with_img parallax_fixed\"><div class=\"l-section-img\" role=\"img\" aria-label=\"Image\" data-img-width=\"1042\" data-img-height=\"690\" style=\"background-image: url(https:\/\/www.af-kulturstiftung.de\/wordpress\/wp-content\/uploads\/AF_Oel_15_0006.jpg);background-repeat: no-repeat;\"><\/div><div class=\"l-section-h i-cf\"><div class=\"g-cols vc_row via_flex valign_top type_default stacking_default\"><div class=\"vc_col-sm-6 wpb_column vc_column_container has_bg_color\"><div class=\"vc_column-inner us_custom_b89a051f\"><div class=\"wpb_wrapper\"><div class=\"wpb_text_column\"><div class=\"wpb_wrapper\"><h4>CONTACT<\/h4>\n<p><strong>Andreas Felger Kulturstiftung<\/strong><\/p>\n<p><strong>Office location<\/strong><br \/>\nL\u00f6wensteinplatz 1<br \/>\nD-72116 M\u00f6ssingen<\/p>\n<p><strong>Postal address<\/strong><br \/>\nGei\u00dfh\u00e4userstra\u00dfe 15<br \/>\nD-72116 M\u00f6ssingen<\/p>\n<p><strong>Contact person<\/strong><br \/>\nFriedemann Felger<br \/>\nExecutive Board<\/p>\n<p>m +49 (0)178 7228297<\/p>\n<p>E-Mail: <a href=\"mailto:info@af-kulturstiftung.de\">info@af-kulturstiftung.de<\/a><br \/>\nWWW: <a href=\"https:\/\/www.af-kulturstiftung.de\/wordpress\">www.af-kulturstiftung.de<\/a><\/p>\n<\/div><\/div><div class=\"w-separator size_huge with_line width_default thick_1 style_solid color_border align_center\"><div class=\"w-separator-h\"><\/div><\/div><div class=\"wpb_text_column us_custom_f4397b66\"><div class=\"wpb_wrapper\"><p>Hintergrundbild:<br \/>\nAndreas Felger, ohne Titel, 2015, \u00d6l auf Leinwand, 100 x 150 cm \u00a9 AFKS<\/p>\n<\/div><\/div><\/div><\/div><\/div><div class=\"vc_col-sm-6 wpb_column vc_column_container has_bg_color\"><div class=\"vc_column-inner us_custom_4fb9e5a3\"><div class=\"wpb_wrapper\"><div class=\"wpb_text_column\"><div class=\"wpb_wrapper\"><h4>CONTACT FORM<\/h4>\n<\/div><\/div><div class=\"w-separator size_small\"><\/div>\n<div class=\"wpcf7 no-js\" id=\"wpcf7-f10020-o1\" lang=\"en-US\" dir=\"ltr\" data-wpcf7-id=\"10020\">\n<div class=\"screen-reader-response\"><p role=\"status\" aria-live=\"polite\" aria-atomic=\"true\"><\/p> <ul><\/ul><\/div>\n<form action=\"\/wordpress\/en\/wp-json\/wp\/v2\/pages\/9907#wpcf7-f10020-o1\" method=\"post\" class=\"wpcf7-form init\" aria-label=\"Contact form\" novalidate=\"novalidate\" data-status=\"init\">\n<fieldset class=\"hidden-fields-container\"><input type=\"hidden\" name=\"_wpcf7\" value=\"10020\" \/><input type=\"hidden\" name=\"_wpcf7_version\" value=\"6.1.5\" \/><input type=\"hidden\" name=\"_wpcf7_locale\" value=\"en_US\" \/><input type=\"hidden\" name=\"_wpcf7_unit_tag\" value=\"wpcf7-f10020-o1\" \/><input type=\"hidden\" name=\"_wpcf7_container_post\" value=\"0\" \/><input type=\"hidden\" name=\"_wpcf7_posted_data_hash\" value=\"\" \/>\n<\/fieldset>\n<p><label>Name (required)<br \/>\n<span class=\"wpcf7-form-control-wrap\" data-name=\"your-name\"><input size=\"40\" maxlength=\"400\" class=\"wpcf7-form-control wpcf7-text wpcf7-validates-as-required\" aria-required=\"true\" aria-invalid=\"false\" value=\"\" type=\"text\" name=\"your-name\" \/><\/span> <\/label>\n<\/p>\n<p><label>E-Mail-Address (required)<br \/>\n<span class=\"wpcf7-form-control-wrap\" data-name=\"your-email\"><input size=\"40\" maxlength=\"400\" class=\"wpcf7-form-control wpcf7-email wpcf7-validates-as-required wpcf7-text wpcf7-validates-as-email\" aria-required=\"true\" aria-invalid=\"false\" value=\"\" type=\"email\" name=\"your-email\" \/><\/span> <\/label>\n<\/p>\n<p><label> Subject<br \/>\n<span class=\"wpcf7-form-control-wrap\" data-name=\"your-subject\"><input size=\"40\" maxlength=\"400\" class=\"wpcf7-form-control wpcf7-text\" aria-invalid=\"false\" value=\"\" type=\"text\" name=\"your-subject\" \/><\/span> <\/label>\n<\/p>\n<p><label> Message<br \/>\n<span class=\"wpcf7-form-control-wrap\" data-name=\"your-message\"><textarea cols=\"40\" rows=\"10\" maxlength=\"2000\" class=\"wpcf7-form-control wpcf7-textarea\" aria-invalid=\"false\" name=\"your-message\"><\/textarea><\/span> <\/label>\n<\/p>\n<p><span class=\"wpcf7-form-control-wrap\" data-name=\"acceptance-450\"><span class=\"wpcf7-form-control wpcf7-acceptance\"><span class=\"wpcf7-list-item\"><input type=\"checkbox\" name=\"acceptance-450\" value=\"1\" aria-invalid=\"false\" \/><\/span><\/span><\/span>I take note of the <a href=\"\/datenschutz\/\">privacy statement<\/a>. I agree that my information and data will be collected and stored electronically to respond to my request.\n<\/p>\n<p>Note: You can revoke your consent at any time for the future by sending an e-mail to <a href=\"mailto:info@af-kulturstiftung.de\">info@af-kulturstiftung.de<\/a>.\n<\/p>\n<div id=\"cf7sr-69ff62870a10f\" class=\"cf7sr-g-recaptcha\" data-theme=\"light\" data-type=\"image\" data-size=\"normal\" data-sitekey=\"6LeLtEEUAAAAAAAdijMHm8b_FM97NuAw6RTSYmR_\"><\/div><span class=\"wpcf7-form-control-wrap cf7sr-recaptcha\" data-name=\"cf7sr-recaptcha\"><input type=\"hidden\" name=\"cf7sr-recaptcha\" value=\"\" class=\"wpcf7-form-control\"><\/span>\n<\/p>\n<p><input class=\"wpcf7-form-control wpcf7-submit has-spinner\" type=\"submit\" value=\"Send\" \/>\n<\/p><div class=\"wpcf7-response-output\" aria-hidden=\"true\"><\/div>\n<\/form>\n<\/div>\n<\/div><\/div><\/div><\/div><\/div><\/section><!-- Row Backgrounds -->\n","protected":false},"excerpt":{"rendered":"CONTACT Andreas Felger Kulturstiftung Office location L\u00f6wensteinplatz 1 D-72116 M\u00f6ssingen Postal address Gei\u00dfh\u00e4userstra\u00dfe 15 D-72116 M\u00f6ssingen Contact person Friedemann Felger Executive Board m +49 (0)178 7228297 E-Mail: info@af-kulturstiftung.de WWW: www.af-kulturstiftung.de Hintergrundbild: Andreas Felger, ohne Titel, 2015, \u00d6l auf Leinwand, 100 x 150 cm \u00a9 AFKS CONTACT FORM Name (required) E-Mail-Address (required) Subject Message I take...","protected":false},"author":6,"featured_media":0,"parent":0,"menu_order":0,"comment_status":"closed","ping_status":"closed","template":"","meta":{"h5ap_radio_sources":[],"footnotes":""},"class_list":["post-9907","page","type-page","status-publish","hentry"],"_links":{"self":[{"href":"https:\/\/www.af-kulturstiftung.de\/wordpress\/en\/wp-json\/wp\/v2\/pages\/9907","targetHints":{"allow":["GET"]}}],"collection":[{"href":"https:\/\/www.af-kulturstiftung.de\/wordpress\/en\/wp-json\/wp\/v2\/pages"}],"about":[{"href":"https:\/\/www.af-kulturstiftung.de\/wordpress\/en\/wp-json\/wp\/v2\/types\/page"}],"author":[{"embeddable":true,"href":"https:\/\/www.af-kulturstiftung.de\/wordpress\/en\/wp-json\/wp\/v2\/users\/6"}],"replies":[{"embeddable":true,"href":"https:\/\/www.af-kulturstiftung.de\/wordpress\/en\/wp-json\/wp\/v2\/comments?post=9907"}],"version-history":[{"count":0,"href":"https:\/\/www.af-kulturstiftung.de\/wordpress\/en\/wp-json\/wp\/v2\/pages\/9907\/revisions"}],"wp:attachment":[{"href":"https:\/\/www.af-kulturstiftung.de\/wordpress\/en\/wp-json\/wp\/v2\/media?parent=9907"}],"curies":[{"name":"wp","href":"https:\/\/api.w.org\/{rel}","templated":true}]}}