{"id":9715,"date":"2021-05-01T11:50:59","date_gmt":"2021-05-01T09:50:59","guid":{"rendered":"https:\/\/www1.af-kulturstiftung.de\/?page_id=9715"},"modified":"2026-03-07T18:40:34","modified_gmt":"2026-03-07T17:40:34","slug":"start","status":"publish","type":"page","link":"https:\/\/www.af-kulturstiftung.de\/wordpress\/en\/","title":{"rendered":"Start"},"content":{"rendered":"<section class=\"l-section wpb_row height_auto\"><div class=\"l-section-h i-cf\"><div class=\"g-cols vc_row via_flex valign_top type_default stacking_default\"><div class=\"vc_col-sm-12 wpb_column vc_column_container\"><div class=\"vc_column-inner\"><div class=\"wpb_wrapper\"><div class=\"w-popup align_none\"><span  class=\"w-popup-trigger type_load\" data-options=\"{&quot;delay&quot;:2}\"><\/span><div class=\"w-popup-overlay\" style=\"background:rgba(0,0,0,0.85);\"><\/div><div class=\"w-popup-wrap layout_default\" role=\"dialog\" aria-modal=\"true\" aria-label=\"Popup\" style=\"--title-color:var(--color-content-heading);--title-bg-color:var(--color-content-bg-alt);--content-color:var(--color-content-text);--content-bg-color:var(--color-content-bg);--popup-width:25%;--popup-padding:10%;\"><button aria-label=\"Close\" class=\"w-popup-closer\" type=\"button\"><\/button><div class=\"w-popup-box animation_fadeIn closerpos_outside with_title\"><div class=\"w-popup-box-h\"><div class=\"w-popup-box-title\">90 YEARS ANDREAS FELGER<\/div><div class=\"w-popup-box-content\"><h5>We look back on a long series of anniversary events last year. You can find a brief overview <a href=\"\/wordpress\/en\/solo-exhibitions\/\" target=\"_blank\" rel=\"noopener\"><strong>here<\/strong><\/a>.<br \/>\nWe are grateful for the many visitors \u2014 your interest and your enthusiasm!<\/h5>\n<h5>You are welcome to recieve our online newsletter, please register <a href=\"\/wordpress\/en\/newsletter\/\" target=\"_blank\" rel=\"noopener\"><strong>here<\/strong><\/a>.<\/h5>\n<p>&nbsp;<\/p>\n<p><a href=\"\/wordpress\/en\/open-studio-day\/\"><img loading=\"lazy\" decoding=\"async\" class=\"alignnone size-medium wp-image-17722\" src=\"https:\/\/www.af-kulturstiftung.de\/wordpress\/wp-content\/uploads\/Atelier_K_Innen_VMueller_02.jpg\" alt=\"\" width=\"300\" height=\"383\"><\/a><\/p>\n<h6>Andreas Felger at the easel, Atelier K, Bad Sebastiansweiler, photo: Verena M\u00fcller, Stuttgart \u00a9 AFKS<\/h6>\n<\/div><\/div><\/div><\/div><\/div>[rev_slider_vc alias=&#8221;afks-hp01&#8243;]<\/div><\/div><\/div><\/div><\/div><\/section><section class=\"l-section wpb_row height_medium\" id=\"aktionen\"><div class=\"l-section-h i-cf\"><div class=\"g-cols vc_row via_flex valign_top type_default stacking_default\"><div class=\"vc_col-sm-4 wpb_column vc_column_container\"><div class=\"vc_column-inner\"><div class=\"wpb_wrapper\"><div class=\"wpb_text_column\"><div class=\"wpb_wrapper\"><h5>Work of the Quarter<\/h5>\n<\/div><\/div><div class=\"w-separator size_small\"><\/div><div class=\"w-image align_none\"><a title=\"Work of the quater 02.2021\" target=\"_blank\" rel=\"nofollow\" href=\"https:\/\/https:\/\/www.af-kulturstiftung.de\/wordpress\/en\/work-of-the-quater-02-2021\/\" aria-label=\"Andreas Felger, ohne Titel, 2012, \u00d6l auf Leinwand, 400 x 200 cm\" class=\"w-image-h\"><img decoding=\"async\" width=\"768\" height=\"384\" src=\"https:\/\/www.af-kulturstiftung.de\/wordpress\/wp-content\/uploads\/AF_Oel_12_0052-768x384.jpeg\" class=\"attachment-us_768_0 size-us_768_0\" alt=\"\" loading=\"lazy\" srcset=\"https:\/\/www.af-kulturstiftung.de\/wordpress\/wp-content\/uploads\/AF_Oel_12_0052-768x384.jpeg 768w, https:\/\/www.af-kulturstiftung.de\/wordpress\/wp-content\/uploads\/AF_Oel_12_0052-300x150.jpeg 300w, https:\/\/www.af-kulturstiftung.de\/wordpress\/wp-content\/uploads\/AF_Oel_12_0052-1024x512.jpeg 1024w, https:\/\/www.af-kulturstiftung.de\/wordpress\/wp-content\/uploads\/AF_Oel_12_0052-150x75.jpeg 150w, https:\/\/www.af-kulturstiftung.de\/wordpress\/wp-content\/uploads\/AF_Oel_12_0052.jpeg 1280w\" sizes=\"auto, (max-width: 768px) 100vw, 768px\" \/><\/a><\/div><div class=\"w-separator size_large\"><\/div><div class=\"wpb_text_column\"><div class=\"wpb_wrapper\"><h5>Art for Sale<\/h5>\n<\/div><\/div><div class=\"w-separator size_small\"><\/div><div class=\"w-image align_none\"><a target=\"_blank\" rel=\"nofollow\" href=\"https:\/\/https:\/\/www.af-kulturstiftung.de\/wordpress\/en\/purchase-art\/\" aria-label=\"Andreas Felger, untitled, 2006\" class=\"w-image-h\"><img decoding=\"async\" width=\"768\" height=\"767\" src=\"https:\/\/www.af-kulturstiftung.de\/wordpress\/wp-content\/uploads\/AF_Oel_06_0010-1-768x767.jpg\" class=\"attachment-us_768_0 size-us_768_0\" alt=\"AF_Oel_06_0010\" loading=\"lazy\" srcset=\"https:\/\/www.af-kulturstiftung.de\/wordpress\/wp-content\/uploads\/AF_Oel_06_0010-1-768x767.jpg 768w, https:\/\/www.af-kulturstiftung.de\/wordpress\/wp-content\/uploads\/AF_Oel_06_0010-1-300x300.jpg 300w, https:\/\/www.af-kulturstiftung.de\/wordpress\/wp-content\/uploads\/AF_Oel_06_0010-1-1024x1024.jpg 1024w, https:\/\/www.af-kulturstiftung.de\/wordpress\/wp-content\/uploads\/AF_Oel_06_0010-1-150x150.jpg 150w, https:\/\/www.af-kulturstiftung.de\/wordpress\/wp-content\/uploads\/AF_Oel_06_0010-1-350x350.jpg 350w, https:\/\/www.af-kulturstiftung.de\/wordpress\/wp-content\/uploads\/AF_Oel_06_0010-1-600x600.jpg 600w, https:\/\/www.af-kulturstiftung.de\/wordpress\/wp-content\/uploads\/AF_Oel_06_0010-1.jpg 1042w\" sizes=\"auto, (max-width: 768px) 100vw, 768px\" \/><\/a><\/div><\/div><\/div><\/div><div class=\"vc_col-sm-4 wpb_column vc_column_container\"><div class=\"vc_column-inner\"><div class=\"wpb_wrapper\"><div class=\"wpb_text_column\"><div class=\"wpb_wrapper\"><h5>Exhibitions<\/h5>\n<\/div><\/div><div class=\"w-separator size_small\"><\/div><div class=\"w-image align_none\"><a target=\"_blank\" rel=\"nofollow\" href=\"https:\/\/https:\/\/www.af-kulturstiftung.de\/wordpress\/en\/exhibitions\/\" aria-label=\"27.09.12-12-09-27\/Chemnitz\/ KUNSTSAMMLUNGEN CHEMNITZ - Museum am Theaterplatz pr\u00e4sentiert  ab Freitag (28.09.12) die Ausstellung ANDREAS FELGER \u0096 MALEN WIE ATMEN.Gem\u00e4lde und Skizzenb\u00fccher.  Gezeigt werden in der Ausstellung gro\u00dfformatige \u00d6lgem\u00e4lde aus den Jahren 2002 bis 2012 und eine Auswahl seiner Skizzenb\u00fccher. Andreas Felger (*1. Januar 1935 in M\u00f6ssingen-Belsen) ist ein vielseitiger K\u00fcnstler. In seinem Werk vereint er sehr unterschiedliche Techniken, zu denen Holzschnitte, Skulpturen, Aquarelle und seit den sp\u00e4ten 80er-Jahren verst\u00e4rkt die \u00d6lmalerei, die Elemente der Farbfeld- und Ornamentmalerei in sich tr\u00e4gt, z\u00e4hlen.So universell sich das k\u00fcnstlerische Werk von Andreas Felger im Holzschnitt, im Aquarell und im Gem\u00e4lde darstellt, so vielseitig sind auch seine Skizzenb\u00fccher. Seit den 1980er Jahren zeichnet er akribisch Ideen,Eindr\u00fccke, Form- und Farbstudien auf, dabei entstehen ca. 40 bis 70 B\u00fccher j\u00e4hrlich. \n\n  \nFoto:Wolfgang Schmidt\/e-mail: aktuell-sachsen@t-online.de\" class=\"w-image-h\"><img decoding=\"async\" width=\"768\" height=\"707\" src=\"https:\/\/www.af-kulturstiftung.de\/wordpress\/wp-content\/uploads\/DSC_2219-768x707.jpg\" class=\"attachment-us_768_0 size-us_768_0\" alt=\"27.09.12-12-09-27\/Chemnitz\/ KUNSTSAMMLUNGEN CHEMNITZ - Museum am Theaterplatz pr\u00e4sentiert  ab Freitag (28.09.12) die Ausstellung ANDREAS FELGER \u0096 MALEN WIE ATMEN.Gem\u00e4lde und Skizzenb\u00fccher.  Gezeigt werden in der Ausstellung gro\u00dfformatige \u00d6lgem\u00e4lde aus den Jahren 2002 bis 2012 und eine Auswahl seiner Skizzenb\u00fccher. Andreas Felger (*1. Januar 1935 in M\u00f6ssingen-Belsen) ist ein vielseitiger K\u00fcnstler. In seinem Werk vereint er sehr unterschiedliche Techniken, zu denen Holzschnitte, Skulpturen, Aquarelle und seit den sp\u00e4ten 80er-Jahren verst\u00e4rkt die \u00d6lmalerei, die Elemente der Farbfeld- und Ornamentmalerei in sich tr\u00e4gt, z\u00e4hlen.So universell sich das k\u00fcnstlerische Werk von Andreas Felger im Holzschnitt, im Aquarell und im Gem\u00e4lde darstellt, so vielseitig sind auch seine Skizzenb\u00fccher. Seit den 1980er Jahren zeichnet er akribisch Ideen,Eindr\u00fccke, Form- und Farbstudien auf, dabei entstehen ca. 40 bis 70 B\u00fccher j\u00e4hrlich.\" loading=\"lazy\" srcset=\"https:\/\/www.af-kulturstiftung.de\/wordpress\/wp-content\/uploads\/DSC_2219-768x707.jpg 768w, https:\/\/www.af-kulturstiftung.de\/wordpress\/wp-content\/uploads\/DSC_2219-300x276.jpg 300w, https:\/\/www.af-kulturstiftung.de\/wordpress\/wp-content\/uploads\/DSC_2219-1024x942.jpg 1024w, https:\/\/www.af-kulturstiftung.de\/wordpress\/wp-content\/uploads\/DSC_2219-1536x1413.jpg 1536w\" sizes=\"auto, (max-width: 768px) 100vw, 768px\" \/><\/a><\/div><div class=\"w-separator size_large\"><\/div><div class=\"wpb_text_column\"><div class=\"wpb_wrapper\"><h5>Events<\/h5>\n<\/div><\/div><div class=\"w-separator size_small\"><\/div><div class=\"w-image align_none\"><a title=\"Events\" target=\"_blank\" rel=\"nofollow\" href=\"https:\/\/https:\/\/www.af-kulturstiftung.de\/wordpress\/en\/events\/\" aria-label=\"veranstaltungen\" class=\"w-image-h\"><img decoding=\"async\" width=\"397\" height=\"248\" src=\"https:\/\/www.af-kulturstiftung.de\/wordpress\/wp-content\/uploads\/veranstaltungen.jpg\" class=\"attachment-us_768_0 size-us_768_0\" alt=\"\" loading=\"lazy\" srcset=\"https:\/\/www.af-kulturstiftung.de\/wordpress\/wp-content\/uploads\/veranstaltungen.jpg 397w, https:\/\/www.af-kulturstiftung.de\/wordpress\/wp-content\/uploads\/veranstaltungen-300x187.jpg 300w, https:\/\/www.af-kulturstiftung.de\/wordpress\/wp-content\/uploads\/veranstaltungen-150x94.jpg 150w\" sizes=\"auto, (max-width: 397px) 100vw, 397px\" \/><\/a><\/div><\/div><\/div><\/div><div class=\"vc_col-sm-4 wpb_column vc_column_container\"><div class=\"vc_column-inner\"><div class=\"wpb_wrapper\"><div class=\"wpb_text_column\"><div class=\"wpb_wrapper\"><h5>The <span data-dobid=\"hdw\">Oeuvre<\/span><\/h5>\n<\/div><\/div><div class=\"w-separator size_small\"><\/div><div class=\"w-image align_none\"><a title=\"\u0152uvre\" href=\"https:\/\/https:\/\/www.af-kulturstiftung.de\/wordpress\/en\/oeuvre\/\" aria-label=\"Andreas Felger, Glory, 2001\" class=\"w-image-h\"><img decoding=\"async\" width=\"768\" height=\"768\" src=\"https:\/\/www.af-kulturstiftung.de\/wordpress\/wp-content\/uploads\/AF_HR_01_0005-768x768.jpg\" class=\"attachment-us_768_0 size-us_768_0\" alt=\"\" loading=\"lazy\" srcset=\"https:\/\/www.af-kulturstiftung.de\/wordpress\/wp-content\/uploads\/AF_HR_01_0005-768x768.jpg 768w, https:\/\/www.af-kulturstiftung.de\/wordpress\/wp-content\/uploads\/AF_HR_01_0005-300x300.jpg 300w, https:\/\/www.af-kulturstiftung.de\/wordpress\/wp-content\/uploads\/AF_HR_01_0005-1024x1024.jpg 1024w, https:\/\/www.af-kulturstiftung.de\/wordpress\/wp-content\/uploads\/AF_HR_01_0005-150x150.jpg 150w, https:\/\/www.af-kulturstiftung.de\/wordpress\/wp-content\/uploads\/AF_HR_01_0005-350x350.jpg 350w, https:\/\/www.af-kulturstiftung.de\/wordpress\/wp-content\/uploads\/AF_HR_01_0005-600x600.jpg 600w, https:\/\/www.af-kulturstiftung.de\/wordpress\/wp-content\/uploads\/AF_HR_01_0005.jpg 1042w\" sizes=\"auto, (max-width: 768px) 100vw, 768px\" \/><\/a><\/div><div class=\"w-separator size_large\"><\/div><div class=\"wpb_text_column\"><div class=\"wpb_wrapper\"><h5>New Products<\/h5>\n<\/div><\/div><div class=\"w-separator size_small\"><\/div><div class=\"w-image align_none\"><a href=\"https:\/\/https:\/\/www.af-kulturstiftung.de\/wordpress\/produkte\/\" aria-label=\"AF_Kalender_2021\" class=\"w-image-h\"><img decoding=\"async\" width=\"768\" height=\"1094\" src=\"https:\/\/www.af-kulturstiftung.de\/wordpress\/wp-content\/uploads\/AF_Kalender_2021-768x1094.jpg\" class=\"attachment-us_768_0 size-us_768_0\" alt=\"\" loading=\"lazy\" srcset=\"https:\/\/www.af-kulturstiftung.de\/wordpress\/wp-content\/uploads\/AF_Kalender_2021-768x1094.jpg 768w, https:\/\/www.af-kulturstiftung.de\/wordpress\/wp-content\/uploads\/AF_Kalender_2021-211x300.jpg 211w, https:\/\/www.af-kulturstiftung.de\/wordpress\/wp-content\/uploads\/AF_Kalender_2021-719x1024.jpg 719w, https:\/\/www.af-kulturstiftung.de\/wordpress\/wp-content\/uploads\/AF_Kalender_2021-1078x1536.jpg 1078w, https:\/\/www.af-kulturstiftung.de\/wordpress\/wp-content\/uploads\/AF_Kalender_2021-105x150.jpg 105w, https:\/\/www.af-kulturstiftung.de\/wordpress\/wp-content\/uploads\/AF_Kalender_2021.jpg 1150w\" sizes=\"auto, (max-width: 768px) 100vw, 768px\" \/><\/a><\/div><\/div><\/div><\/div><\/div><\/div><\/section>\n","protected":false},"excerpt":{"rendered":"90 YEARS ANDREAS FELGER We look back on a long series of anniversary events last year. You can find a brief overview here. We are grateful for the many visitors \u2014 your interest and your enthusiasm! You are welcome to recieve our online newsletter, please register here. &nbsp; Andreas Felger at the easel, Atelier K,...","protected":false},"author":5,"featured_media":9717,"parent":0,"menu_order":0,"comment_status":"closed","ping_status":"closed","template":"","meta":{"h5ap_radio_sources":[],"footnotes":""},"class_list":["post-9715","page","type-page","status-publish","has-post-thumbnail","hentry"],"_links":{"self":[{"href":"https:\/\/www.af-kulturstiftung.de\/wordpress\/en\/wp-json\/wp\/v2\/pages\/9715","targetHints":{"allow":["GET"]}}],"collection":[{"href":"https:\/\/www.af-kulturstiftung.de\/wordpress\/en\/wp-json\/wp\/v2\/pages"}],"about":[{"href":"https:\/\/www.af-kulturstiftung.de\/wordpress\/en\/wp-json\/wp\/v2\/types\/page"}],"author":[{"embeddable":true,"href":"https:\/\/www.af-kulturstiftung.de\/wordpress\/en\/wp-json\/wp\/v2\/users\/5"}],"replies":[{"embeddable":true,"href":"https:\/\/www.af-kulturstiftung.de\/wordpress\/en\/wp-json\/wp\/v2\/comments?post=9715"}],"version-history":[{"count":0,"href":"https:\/\/www.af-kulturstiftung.de\/wordpress\/en\/wp-json\/wp\/v2\/pages\/9715\/revisions"}],"wp:featuredmedia":[{"embeddable":true,"href":"https:\/\/www.af-kulturstiftung.de\/wordpress\/en\/wp-json\/wp\/v2\/media\/9717"}],"wp:attachment":[{"href":"https:\/\/www.af-kulturstiftung.de\/wordpress\/en\/wp-json\/wp\/v2\/media?parent=9715"}],"curies":[{"name":"wp","href":"https:\/\/api.w.org\/{rel}","templated":true}]}}