{"id":10010,"date":"2021-05-04T19:37:38","date_gmt":"2021-05-04T17:37:38","guid":{"rendered":"https:\/\/www1.af-kulturstiftung.de\/?page_id=10010"},"modified":"2023-07-23T10:54:09","modified_gmt":"2023-07-23T08:54:09","slug":"press","status":"publish","type":"page","link":"https:\/\/www.af-kulturstiftung.de\/wordpress\/en\/press\/","title":{"rendered":"Press"},"content":{"rendered":"<section class=\"l-section wpb_row height_small with_img parallax_fixed\"><div class=\"l-section-img\" role=\"img\" aria-label=\"Image\" data-img-width=\"1042\" data-img-height=\"1041\" style=\"background-image: url(https:\/\/www.af-kulturstiftung.de\/wordpress\/wp-content\/uploads\/AF_Oel_17_0048_web.jpg);background-repeat: no-repeat;\"><\/div><div class=\"l-section-h i-cf\"><div class=\"g-cols vc_row via_flex valign_top type_default stacking_default\"><div class=\"vc_col-sm-6 wpb_column vc_column_container\"><div class=\"vc_column-inner\"><div class=\"wpb_wrapper\"><\/div><\/div><\/div><div class=\"vc_col-sm-6 wpb_column vc_column_container has_bg_color\"><div class=\"vc_column-inner us_custom_4fb9e5a3\"><div class=\"wpb_wrapper\"><div class=\"wpb_text_column\"><div class=\"wpb_wrapper\"><h4>PRESS<\/h4>\n<p>In the sections <a href=\"https:\/\/www.af-kulturstiftung.de\/wordpress\/en\/exhibitions\/\">exhibitions<\/a> and under the menu item initiatives you will find information about the respective projects:<\/p>\n<ul>\n<li>Press releases<\/li>\n<li>Information on press images<\/li>\n<li>Press echo<\/li>\n<\/ul>\n<p>We are happy to receive any reports and are available to answer any questions.<\/p>\n<p>Andreas Felger Cultural Foundation<br \/>\nGei\u00dfh\u00e4user Street 15<br \/>\n72116 M\u00f6ssingen<\/p>\n<p><strong>Contact<\/strong><br \/>\nFriedemann Felger<br \/>\nManaging Director<\/p>\n<p>m +49 (0)178 7228297<\/p>\n<p>E-Mail: <a href=\"mailto:info@af-kulturstiftung.de\">info@af-kulturstiftung.de<\/a><br \/>\nWWW: <a href=\"https:\/\/www.af-kulturstiftung.de\/wordpress\">www.af-kulturstiftung.de<\/a><\/p>\n<\/div><\/div><div class=\"w-separator size_medium\"><\/div><div class=\"w-btn-wrapper align_none\"><a class=\"w-btn us-btn-style_1\" href=\"https:\/\/https:\/\/www.af-kulturstiftung.de\/wordpress\/service\/kontakt\/\"><span class=\"w-btn-label\">Contact form<\/span><\/a><\/div><div class=\"w-separator size_small\"><\/div><div class=\"w-text\"><span class=\"w-text-h\"><span class=\"w-text-value\">Background image: untitled, 2017, oil on canvas, 100 x 100 cm \u00a9 AFKS<\/span><\/span><\/div><\/div><\/div><\/div><\/div><\/div><\/section><!-- Row Backgrounds -->\n","protected":false},"excerpt":{"rendered":"PRESS In the sections exhibitions and under the menu item initiatives you will find information about the respective projects: Press releases Information on press images Press echo We are happy to receive any reports and are available to answer any questions. Andreas Felger Cultural Foundation Gei\u00dfh\u00e4user Street 15 72116 M\u00f6ssingen Contact Friedemann Felger Managing Director...","protected":false},"author":6,"featured_media":0,"parent":0,"menu_order":0,"comment_status":"closed","ping_status":"closed","template":"","meta":{"h5ap_radio_sources":[],"footnotes":""},"class_list":["post-10010","page","type-page","status-publish","hentry"],"_links":{"self":[{"href":"https:\/\/www.af-kulturstiftung.de\/wordpress\/en\/wp-json\/wp\/v2\/pages\/10010","targetHints":{"allow":["GET"]}}],"collection":[{"href":"https:\/\/www.af-kulturstiftung.de\/wordpress\/en\/wp-json\/wp\/v2\/pages"}],"about":[{"href":"https:\/\/www.af-kulturstiftung.de\/wordpress\/en\/wp-json\/wp\/v2\/types\/page"}],"author":[{"embeddable":true,"href":"https:\/\/www.af-kulturstiftung.de\/wordpress\/en\/wp-json\/wp\/v2\/users\/6"}],"replies":[{"embeddable":true,"href":"https:\/\/www.af-kulturstiftung.de\/wordpress\/en\/wp-json\/wp\/v2\/comments?post=10010"}],"version-history":[{"count":0,"href":"https:\/\/www.af-kulturstiftung.de\/wordpress\/en\/wp-json\/wp\/v2\/pages\/10010\/revisions"}],"wp:attachment":[{"href":"https:\/\/www.af-kulturstiftung.de\/wordpress\/en\/wp-json\/wp\/v2\/media?parent=10010"}],"curies":[{"name":"wp","href":"https:\/\/api.w.org\/{rel}","templated":true}]}}